{"id":1063,"date":"2026-02-26T19:34:16","date_gmt":"2026-02-26T18:34:16","guid":{"rendered":"https:\/\/fiscaliaguerrero.gob.mx\/?page_id=1063"},"modified":"2026-02-26T19:48:23","modified_gmt":"2026-02-26T18:48:23","slug":"ponte-buso-app","status":"publish","type":"page","link":"https:\/\/fiscaliaguerrero.gob.mx\/index.php\/ponte-buso-app\/","title":{"rendered":"Ponte Buso"},"content":{"rendered":"\n<h2 class=\"wp-block-heading alignwide has-text-align-center has-contrast-2-color has-text-color has-link-color wp-elements-f17e1f4cc52d3b3cb50918fd2ae4c87f\">PONTE BUSO CON LA EXTORSI\u00d3N<\/h2>\n\n\n\n<div class=\"wp-block-cover alignfull is-light\"><span aria-hidden=\"true\" class=\"wp-block-cover__background has-base-background-color has-background-dim-100 has-background-dim\"><\/span><div class=\"wp-block-cover__inner-container has-global-padding is-layout-constrained wp-block-cover-is-layout-constrained\">\n<div class=\"wp-block-columns alignwide is-layout-flex wp-container-core-columns-is-layout-28f84493 wp-block-columns-is-layout-flex\">\n<div class=\"wp-block-column is-layout-flow wp-block-column-is-layout-flow\" style=\"flex-basis:66.66%\">\n<h2 class=\"wp-block-heading has-contrast-2-color has-text-color has-link-color wp-elements-113d9b203e7673b68e9ca73b1d9a5048\">Descarga Nuestra App<\/h2>\n\n\n\n<p class=\"has-contrast-2-color has-text-color has-link-color wp-elements-472a8d3850f8810e357b64ed81ac5ba1\">Esta aplicaci\u00f3n ofrece herramientas dise\u00f1adas para la prevenci\u00f3n y atenci\u00f3n de la extorsi\u00f3n telef\u00f3nica, entre las que destacan:<\/p>\n\n\n\n<p class=\"has-contrast-2-color has-text-color has-link-color wp-elements-7fbcbbbbbd2a4420f86ece5f951a7ddb\"><strong>1. Identificaci\u00f3n de n\u00fameros extorsivos<\/strong><br>Al descargar la App <strong>Ponte Buso<\/strong>, cualquier n\u00famero telef\u00f3nico identificado en nuestra base de datos como extorsivo ser\u00e1 detectado autom\u00e1ticamente. En caso de recibir una llamada de este tipo, la aplicaci\u00f3n generar\u00e1 una alerta indicando que se trata de un n\u00famero reportado por extorsi\u00f3n.<\/p>\n\n\n\n<p class=\"has-contrast-2-color has-text-color has-link-color wp-elements-7225b12644d0e0543140a0da9e1940e2\"><strong>2. Consulta de n\u00fameros sospechosos<\/strong><br>La aplicaci\u00f3n permite consultar n\u00fameros telef\u00f3nicos para verificar si cuentan con reportes relacionados con extorsi\u00f3n.<\/p>\n\n\n\n<p class=\"has-contrast-2-color has-text-color has-link-color wp-elements-7f847221cebda6bdaa4e0d60e7c69a3e\"><strong>3. Registro de n\u00fameros y cuentas bancarias<\/strong><br>Los usuarios pueden registrar n\u00fameros telef\u00f3nicos y cuentas bancarias utilizados en intentos de extorsi\u00f3n. Una vez validada la informaci\u00f3n, estos datos se integrar\u00e1n al registro de n\u00fameros extorsivos <strong>Xtrapol<\/strong>, fortaleciendo as\u00ed la base de datos preventiva.<\/p>\n\n\n\n<p class=\"has-contrast-2-color has-text-color has-link-color wp-elements-4faa603e12a891723e9c1a73f56e3d20\"><strong>4. Bot\u00f3n Rojo de Emergencia<\/strong><br>La aplicaci\u00f3n cuenta con un <strong>Bot\u00f3n Rojo de Emergencia<\/strong>, mediante el cual el usuario puede comunicarse de manera inmediata con la L\u00ednea Directa de atenci\u00f3n especializada, disponible las 24 horas del d\u00eda.<\/p>\n\n\n\n<p class=\"has-contrast-2-color has-text-color has-link-color wp-elements-d78e57734e05a7c69c14b64bc43fbbb8\">A trav\u00e9s de este servicio, podr\u00e1 recibir asistencia de personal especializado en manejo de crisis, obtener un folio de reporte y canalizar la informaci\u00f3n a las \u00e1reas correspondientes, incluyendo la Polic\u00eda Cibern\u00e9tica, el C4 y la Fiscal\u00eda Especializada Contra el Secuestro, quienes dar\u00e1n seguimiento inmediato para determinar la naturaleza del incidente y brindar el apoyo necesario.<\/p>\n<\/div>\n\n\n\n<div class=\"wp-block-column is-vertically-aligned-center is-layout-flow wp-block-column-is-layout-flow\" style=\"flex-basis:33.33%\">\n<figure class=\"wp-block-image aligncenter size-large\"><img loading=\"lazy\" decoding=\"async\" width=\"1024\" height=\"906\" src=\"https:\/\/fiscaliaguerrero.gob.mx\/wp-content\/uploads\/2026\/02\/apppontebuso-1024x906.png\" alt=\"\" class=\"wp-image-1071\" srcset=\"https:\/\/fiscaliaguerrero.gob.mx\/wp-content\/uploads\/2026\/02\/apppontebuso-1024x906.png 1024w, https:\/\/fiscaliaguerrero.gob.mx\/wp-content\/uploads\/2026\/02\/apppontebuso-300x265.png 300w, https:\/\/fiscaliaguerrero.gob.mx\/wp-content\/uploads\/2026\/02\/apppontebuso-768x679.png 768w, https:\/\/fiscaliaguerrero.gob.mx\/wp-content\/uploads\/2026\/02\/apppontebuso.png 1272w\" sizes=\"auto, (max-width: 1024px) 100vw, 1024px\" \/><\/figure>\n\n\n\n<div class=\"wp-block-columns is-layout-flex wp-container-core-columns-is-layout-28f84493 wp-block-columns-is-layout-flex\">\n<div class=\"wp-block-column is-layout-flow wp-block-column-is-layout-flow\">\n<div id=\"section-g-1lufllc\" class=\"wp-block-gutentor-e2 section-g-1lufllc gutentor-element gutentor-element-button\"><span class=\"gutentor-button-wrap\"><a class=\"gutentor-button gutentor-block-button gutentor-icon-before\" href=\"https:\/\/apps.apple.com\/mx\/app\/ponte-buso\/id6444388434\" target=\"_blank\" rel=\" noopener noreferrer\"><i class=\"gutentor-button-icon fab fa-apple\"><\/i><span>DISPONIBLE EN <strong>App Store<\/strong><\/span><\/a><\/span><\/div>\n<\/div>\n\n\n\n<div class=\"wp-block-column is-layout-flow wp-block-column-is-layout-flow\">\n<div id=\"section-g-j6qle6u\" class=\"wp-block-gutentor-e2 section-g-j6qle6u gutentor-element gutentor-element-button\"><span class=\"gutentor-button-wrap\"><a class=\"gutentor-button gutentor-block-button gutentor-icon-before\" href=\"https:\/\/play.google.com\/store\/apps\/details?id=com.fgegu.numextorsionapp&amp;pli=1\" target=\"_blank\" rel=\" noopener noreferrer\"><i class=\"gutentor-button-icon fab fa-google-play\"><\/i><span>DISPONIBLE EN <strong>Google Play<\/strong> <\/span><\/a><\/span><\/div>\n<\/div>\n<\/div>\n<\/div>\n<\/div>\n<\/div><\/div>\n","protected":false},"excerpt":{"rendered":"<p>PONTE BUSO CON LA EXTORSI\u00d3N<\/p>\n","protected":false},"author":3,"featured_media":0,"parent":0,"menu_order":0,"comment_status":"closed","ping_status":"closed","template":"","meta":{"footnotes":""},"class_list":["post-1063","page","type-page","status-publish","hentry"],"_links":{"self":[{"href":"https:\/\/fiscaliaguerrero.gob.mx\/index.php\/wp-json\/wp\/v2\/pages\/1063","targetHints":{"allow":["GET"]}}],"collection":[{"href":"https:\/\/fiscaliaguerrero.gob.mx\/index.php\/wp-json\/wp\/v2\/pages"}],"about":[{"href":"https:\/\/fiscaliaguerrero.gob.mx\/index.php\/wp-json\/wp\/v2\/types\/page"}],"author":[{"embeddable":true,"href":"https:\/\/fiscaliaguerrero.gob.mx\/index.php\/wp-json\/wp\/v2\/users\/3"}],"replies":[{"embeddable":true,"href":"https:\/\/fiscaliaguerrero.gob.mx\/index.php\/wp-json\/wp\/v2\/comments?post=1063"}],"version-history":[{"count":8,"href":"https:\/\/fiscaliaguerrero.gob.mx\/index.php\/wp-json\/wp\/v2\/pages\/1063\/revisions"}],"predecessor-version":[{"id":1094,"href":"https:\/\/fiscaliaguerrero.gob.mx\/index.php\/wp-json\/wp\/v2\/pages\/1063\/revisions\/1094"}],"wp:attachment":[{"href":"https:\/\/fiscaliaguerrero.gob.mx\/index.php\/wp-json\/wp\/v2\/media?parent=1063"}],"curies":[{"name":"wp","href":"https:\/\/api.w.org\/{rel}","templated":true}]}}