{"id":1065,"date":"2026-02-26T19:22:43","date_gmt":"2026-02-26T18:22:43","guid":{"rendered":"https:\/\/fiscaliaguerrero.gob.mx\/?page_id=1065"},"modified":"2026-02-26T19:24:19","modified_gmt":"2026-02-26T18:24:19","slug":"2020-segundo-trimestre","status":"publish","type":"page","link":"https:\/\/fiscaliaguerrero.gob.mx\/index.php\/2020-segundo-trimestre\/","title":{"rendered":"2020 Segundo Trimestre"},"content":{"rendered":"\n<p class=\"has-contrast-2-color has-text-color has-link-color wp-elements-c2797112dc1c58804a29ce2b7e2334ed\">Armonizaci\u00f3n Contable > 2020 Segundo Trimestre<\/p>\n\n\n\n<p class=\"has-text-color has-link-color wp-elements-2eae44f5f3236d1e4b82b06ec296bf9a\" style=\"color:#182eda\"><a href=\"https:\/\/fiscaliaguerrero.gob.mx\/index.php\/informacion-contable-2tri-2020\/\" data-type=\"link\" data-id=\"https:\/\/fiscaliaguerrero.gob.mx\/index.php\/informacion-contable-2tri-2020\/\">Informaci\u00f3n Contable<\/a><\/p>\n\n\n\n<p class=\"has-text-color has-link-color wp-elements-88d2365516caf5fe42f1ae4468f21c68\" style=\"color:#182eda\"><a href=\"https:\/\/fiscaliaguerrero.gob.mx\/index.php\/informacion-presupuestal-2tri-2020\/\" data-type=\"link\" data-id=\"https:\/\/fiscaliaguerrero.gob.mx\/index.php\/informacion-presupuestal-2tri-2020\/\">Informaci\u00f3n Presupuestal<\/a><\/p>\n\n\n\n<p class=\"has-text-color has-link-color wp-elements-c10e58aef28823c932c864b490b93ee4\" style=\"color:#182eda\"><a href=\"https:\/\/fiscaliaguerrero.gob.mx\/index.php\/informacion-programatica-2tri-2020\/\" data-type=\"link\" data-id=\"https:\/\/fiscaliaguerrero.gob.mx\/index.php\/informacion-programatica-2tri-2020\/\">Informaci\u00f3n Program\u00e1tica<\/a><\/p>\n\n\n\n<p><\/p>\n","protected":false},"excerpt":{"rendered":"<p>Armonizaci\u00f3n Contable > 2020 Segundo Trimestre Informaci\u00f3n Contable Informaci\u00f3n Presupuestal Informaci\u00f3n Program\u00e1tica<\/p>\n","protected":false},"author":2,"featured_media":0,"parent":0,"menu_order":0,"comment_status":"closed","ping_status":"closed","template":"","meta":{"footnotes":""},"class_list":["post-1065","page","type-page","status-publish","hentry"],"_links":{"self":[{"href":"https:\/\/fiscaliaguerrero.gob.mx\/index.php\/wp-json\/wp\/v2\/pages\/1065","targetHints":{"allow":["GET"]}}],"collection":[{"href":"https:\/\/fiscaliaguerrero.gob.mx\/index.php\/wp-json\/wp\/v2\/pages"}],"about":[{"href":"https:\/\/fiscaliaguerrero.gob.mx\/index.php\/wp-json\/wp\/v2\/types\/page"}],"author":[{"embeddable":true,"href":"https:\/\/fiscaliaguerrero.gob.mx\/index.php\/wp-json\/wp\/v2\/users\/2"}],"replies":[{"embeddable":true,"href":"https:\/\/fiscaliaguerrero.gob.mx\/index.php\/wp-json\/wp\/v2\/comments?post=1065"}],"version-history":[{"count":2,"href":"https:\/\/fiscaliaguerrero.gob.mx\/index.php\/wp-json\/wp\/v2\/pages\/1065\/revisions"}],"predecessor-version":[{"id":1072,"href":"https:\/\/fiscaliaguerrero.gob.mx\/index.php\/wp-json\/wp\/v2\/pages\/1065\/revisions\/1072"}],"wp:attachment":[{"href":"https:\/\/fiscaliaguerrero.gob.mx\/index.php\/wp-json\/wp\/v2\/media?parent=1065"}],"curies":[{"name":"wp","href":"https:\/\/api.w.org\/{rel}","templated":true}]}}