{"id":1103,"date":"2026-02-26T20:39:12","date_gmt":"2026-02-26T19:39:12","guid":{"rendered":"https:\/\/fiscaliaguerrero.gob.mx\/?page_id=1103"},"modified":"2026-02-26T20:53:20","modified_gmt":"2026-02-26T19:53:20","slug":"informacion-presupuestal-1tri-2022","status":"publish","type":"page","link":"https:\/\/fiscaliaguerrero.gob.mx\/index.php\/informacion-presupuestal-1tri-2022\/","title":{"rendered":"Informaci\u00f3n Presupuestal 1Tri 2022"},"content":{"rendered":"\n<p class=\"has-contrast-2-color has-text-color has-link-color wp-elements-fba55b627a42d2f27b72d6ce7a0f43e5\">Armonizaci\u00f3n Contable &gt; 2022 Primer Trimestre &gt; Informaci\u00f3n Presupuestal<\/p>\n\n\n\n<figure class=\"wp-block-table alignwide\"><table class=\"has-contrast-2-color has-text-color has-link-color has-fixed-layout\"><tbody><tr><td>Estado Anal\u00edtico del Ejercicio<br>del Presupuesto de Egresos<br>(Econ\u00f3mica)<br>EAEPE_GRO_FGE_01_22<\/td><td class=\"has-text-align-center\" data-align=\"center\"><a href=\"https:\/\/servicios.fiscaliaguerrero.gob.mx\/armoncontable\/ARMONIZACION_CONTABLE\/2022\/1er%20Trimestre\/1tri\/INFO_PRESUPUESTAL\/EAEPE_GRO_FGE_01_22.pdf\" target=\"_blank\" rel=\"noreferrer noopener\"><img loading=\"lazy\" decoding=\"async\" width=\"60\" height=\"74\" class=\"wp-image-223\" style=\"width: 60px;\" src=\"https:\/\/fiscaliaguerrero.gob.mx\/wp-content\/uploads\/2026\/02\/pdf.ico\" alt=\"\"><\/a><\/td><td class=\"has-text-align-center\" data-align=\"center\"><a href=\"https:\/\/view.officeapps.live.com\/op\/view.aspx?src=https%3A%2F%2Fservicios.fiscaliaguerrero.gob.mx%2Farmoncontable%2FARMONIZACION_CONTABLE%2F2022%2F1er%2520Trimestre%2F1tri%2FINFO_PRESUPUESTAL%2FEAEPE_GRO_FGE_01_22.xlsx&amp;wdOrigin=BROWSELINK\" target=\"_blank\" rel=\"noreferrer noopener\"><img loading=\"lazy\" decoding=\"async\" width=\"60\" height=\"60\" class=\"wp-image-229\" style=\"width: 60px;\" src=\"https:\/\/fiscaliaguerrero.gob.mx\/wp-content\/uploads\/2026\/02\/excel.ico\" alt=\"\"><\/a><\/td><\/tr><tr><td>Estado Anal\u00edtico del Ejercicio<br>del Presupuesto de Egresos<br>(Administrativa)<br>EAPECA_GRO_FGE_01_22<\/td><td class=\"has-text-align-center\" data-align=\"center\"><a href=\"https:\/\/servicios.fiscaliaguerrero.gob.mx\/armoncontable\/ARMONIZACION_CONTABLE\/2022\/1er%20Trimestre\/1tri\/INFO_PRESUPUESTAL\/EAPECA_GRO_FGE_01_22.pdf\" target=\"_blank\" rel=\"noreferrer noopener\"><img loading=\"lazy\" decoding=\"async\" width=\"60\" height=\"74\" class=\"wp-image-223\" style=\"width: 60px;\" src=\"https:\/\/fiscaliaguerrero.gob.mx\/wp-content\/uploads\/2026\/02\/pdf.ico\" alt=\"\"><\/a><\/td><td class=\"has-text-align-center\" data-align=\"center\"><a href=\"https:\/\/view.officeapps.live.com\/op\/view.aspx?src=https%3A%2F%2Fservicios.fiscaliaguerrero.gob.mx%2Farmoncontable%2FARMONIZACION_CONTABLE%2F2022%2F1er%2520Trimestre%2F1tri%2FINFO_PRESUPUESTAL%2FEAPECA_GRO_FGE_01_22.xlsx&amp;wdOrigin=BROWSELINK\" target=\"_blank\" rel=\"noreferrer noopener\"><img loading=\"lazy\" decoding=\"async\" width=\"60\" height=\"60\" class=\"wp-image-229\" style=\"width: 60px;\" src=\"https:\/\/fiscaliaguerrero.gob.mx\/wp-content\/uploads\/2026\/02\/excel.ico\" alt=\"\"><\/a><\/td><\/tr><tr><td>Estado Anal\u00edtico del Ejercicio<br>del Presupuesto de Egresos<br>(Objeto)<br>EAEPEO_GRO_FGE_01_22<\/td><td class=\"has-text-align-center\" data-align=\"center\"><a href=\"https:\/\/servicios.fiscaliaguerrero.gob.mx\/armoncontable\/ARMONIZACION_CONTABLE\/2022\/1er%20Trimestre\/1tri\/INFO_PRESUPUESTAL\/EAEPEO_GRO_FGE_01_22.pdf\" target=\"_blank\" rel=\"noreferrer noopener\"><img loading=\"lazy\" decoding=\"async\" width=\"60\" height=\"74\" class=\"wp-image-223\" style=\"width: 60px;\" src=\"https:\/\/fiscaliaguerrero.gob.mx\/wp-content\/uploads\/2026\/02\/pdf.ico\" alt=\"\"><\/a><\/td><td class=\"has-text-align-center\" data-align=\"center\"><a href=\"https:\/\/view.officeapps.live.com\/op\/view.aspx?src=https%3A%2F%2Fservicios.fiscaliaguerrero.gob.mx%2Farmoncontable%2FARMONIZACION_CONTABLE%2F2022%2F1er%2520Trimestre%2F1tri%2FINFO_PRESUPUESTAL%2FEAEPEO_GRO_FGE_01_22.xlsx&amp;wdOrigin=BROWSELINK\" target=\"_blank\" rel=\"noreferrer noopener\"><img loading=\"lazy\" decoding=\"async\" width=\"60\" height=\"60\" class=\"wp-image-229\" style=\"width: 60px;\" src=\"https:\/\/fiscaliaguerrero.gob.mx\/wp-content\/uploads\/2026\/02\/excel.ico\" alt=\"\"><\/a><\/td><\/tr><tr><td>Estado Anal\u00edtico del Ejercicio<br>del Presupuesto de Egresos<br>(Funcional)<br>EAEPEF_GRO_FGE_01_22<\/td><td class=\"has-text-align-center\" data-align=\"center\"><a href=\"https:\/\/servicios.fiscaliaguerrero.gob.mx\/armoncontable\/ARMONIZACION_CONTABLE\/2022\/1er%20Trimestre\/1tri\/INFO_PRESUPUESTAL\/EAEPEF_GRO_FGE_01_22.pdf\" target=\"_blank\" rel=\"noreferrer noopener\"><img loading=\"lazy\" decoding=\"async\" width=\"60\" height=\"74\" class=\"wp-image-223\" style=\"width: 60px;\" src=\"https:\/\/fiscaliaguerrero.gob.mx\/wp-content\/uploads\/2026\/02\/pdf.ico\" alt=\"\"><\/a><\/td><td class=\"has-text-align-center\" data-align=\"center\"><a href=\"https:\/\/view.officeapps.live.com\/op\/view.aspx?src=https%3A%2F%2Fservicios.fiscaliaguerrero.gob.mx%2Farmoncontable%2FARMONIZACION_CONTABLE%2F2022%2F1er%2520Trimestre%2F1tri%2FINFO_PRESUPUESTAL%2FEAEPEF_GRO_FGE_01_22.xlsx&amp;wdOrigin=BROWSELINK\" target=\"_blank\" rel=\"noreferrer noopener\"><img loading=\"lazy\" decoding=\"async\" width=\"60\" height=\"60\" class=\"wp-image-229\" style=\"width: 60px;\" src=\"https:\/\/fiscaliaguerrero.gob.mx\/wp-content\/uploads\/2026\/02\/excel.ico\" alt=\"\"><\/a><\/td><\/tr><tr><td>Estado Anal\u00edtico del Ingreso<br>(Econ\u00f3mica, Fuente, Concepto)<br>EAI_GRO_FGE_01_22<\/td><td class=\"has-text-align-center\" data-align=\"center\"><a href=\"https:\/\/servicios.fiscaliaguerrero.gob.mx\/armoncontable\/ARMONIZACION_CONTABLE\/2022\/1er%20Trimestre\/1tri\/INFO_PRESUPUESTAL\/EAI_GRO_FGE_01_22.pdf\" target=\"_blank\" rel=\"noreferrer noopener\"><img loading=\"lazy\" decoding=\"async\" width=\"60\" height=\"74\" class=\"wp-image-223\" style=\"width: 60px;\" src=\"https:\/\/fiscaliaguerrero.gob.mx\/wp-content\/uploads\/2026\/02\/pdf.ico\" alt=\"\"><\/a><\/td><td class=\"has-text-align-center\" data-align=\"center\"><a href=\"https:\/\/view.officeapps.live.com\/op\/view.aspx?src=https%3A%2F%2Fservicios.fiscaliaguerrero.gob.mx%2Farmoncontable%2FARMONIZACION_CONTABLE%2F2022%2F1er%2520Trimestre%2F1tri%2FINFO_PRESUPUESTAL%2FEAI_GRO_FGE_01_22.xlsx&amp;wdOrigin=BROWSELINK\" target=\"_blank\" rel=\"noreferrer noopener\"><img loading=\"lazy\" decoding=\"async\" width=\"60\" height=\"60\" class=\"wp-image-229\" style=\"width: 60px;\" src=\"https:\/\/fiscaliaguerrero.gob.mx\/wp-content\/uploads\/2026\/02\/excel.ico\" alt=\"\"><\/a><\/td><\/tr><tr><td>Endeudamiento Neto<br>EN_GRO_FGE_01_22<\/td><td class=\"has-text-align-center\" data-align=\"center\"><a href=\"https:\/\/servicios.fiscaliaguerrero.gob.mx\/armoncontable\/ARMONIZACION_CONTABLE\/2022\/1er%20Trimestre\/1tri\/INFO_PRESUPUESTAL\/EN_GRO_FGE_01_22.pdf\" target=\"_blank\" rel=\"noreferrer noopener\"><img loading=\"lazy\" decoding=\"async\" width=\"60\" height=\"74\" class=\"wp-image-223\" style=\"width: 60px;\" src=\"https:\/\/fiscaliaguerrero.gob.mx\/wp-content\/uploads\/2026\/02\/pdf.ico\" alt=\"\"><\/a><\/td><td class=\"has-text-align-center\" data-align=\"center\"><a href=\"https:\/\/view.officeapps.live.com\/op\/view.aspx?src=https%3A%2F%2Fservicios.fiscaliaguerrero.gob.mx%2Farmoncontable%2FARMONIZACION_CONTABLE%2F2022%2F1er%2520Trimestre%2F1tri%2FINFO_PRESUPUESTAL%2FEN_GRO_FGE_01_22.xlsx&amp;wdOrigin=BROWSELINK\" target=\"_blank\" rel=\"noreferrer noopener\"><img loading=\"lazy\" decoding=\"async\" width=\"60\" height=\"60\" class=\"wp-image-229\" style=\"width: 60px;\" src=\"https:\/\/fiscaliaguerrero.gob.mx\/wp-content\/uploads\/2026\/02\/excel.ico\" alt=\"\"><\/a><\/td><\/tr><tr><td>Intereses de la Deuda<br>ID_GRO_FGE_01_22<\/td><td class=\"has-text-align-center\" data-align=\"center\"><a href=\"https:\/\/servicios.fiscaliaguerrero.gob.mx\/armoncontable\/ARMONIZACION_CONTABLE\/2022\/1er%20Trimestre\/1tri\/INFO_PRESUPUESTAL\/ID_GRO_FGE_01_22.pdf\" target=\"_blank\" rel=\"noreferrer noopener\"><img loading=\"lazy\" decoding=\"async\" width=\"60\" height=\"74\" class=\"wp-image-223\" style=\"width: 60px;\" src=\"https:\/\/fiscaliaguerrero.gob.mx\/wp-content\/uploads\/2026\/02\/pdf.ico\" alt=\"\"><\/a><\/td><td class=\"has-text-align-center\" data-align=\"center\"><a href=\"https:\/\/view.officeapps.live.com\/op\/view.aspx?src=https%3A%2F%2Fservicios.fiscaliaguerrero.gob.mx%2Farmoncontable%2FARMONIZACION_CONTABLE%2F2022%2F1er%2520Trimestre%2F1tri%2FINFO_PRESUPUESTAL%2FID_GRO_FGE_01_22.xlsx&amp;wdOrigin=BROWSELINK\" target=\"_blank\" rel=\"noreferrer noopener\"><img loading=\"lazy\" decoding=\"async\" width=\"60\" height=\"60\" class=\"wp-image-229\" style=\"width: 60px;\" src=\"https:\/\/fiscaliaguerrero.gob.mx\/wp-content\/uploads\/2026\/02\/excel.ico\" alt=\"\"><\/a><\/td><\/tr><\/tbody><\/table><\/figure>\n","protected":false},"excerpt":{"rendered":"<p>Armonizaci\u00f3n Contable &gt; 2022 Primer Trimestre &gt; Informaci\u00f3n Presupuestal Estado Anal\u00edtico del Ejerciciodel Presupuesto de Egresos(Econ\u00f3mica)EAEPE_GRO_FGE_01_22 Estado Anal\u00edtico del Ejerciciodel Presupuesto de Egresos(Administrativa)EAPECA_GRO_FGE_01_22 Estado Anal\u00edtico del Ejerciciodel Presupuesto de Egresos(Objeto)EAEPEO_GRO_FGE_01_22 Estado Anal\u00edtico del Ejerciciodel Presupuesto de Egresos(Funcional)EAEPEF_GRO_FGE_01_22 Estado Anal\u00edtico del Ingreso(Econ\u00f3mica, Fuente, Concepto)EAI_GRO_FGE_01_22 Endeudamiento NetoEN_GRO_FGE_01_22 Intereses de la DeudaID_GRO_FGE_01_22<\/p>\n","protected":false},"author":2,"featured_media":0,"parent":0,"menu_order":0,"comment_status":"closed","ping_status":"closed","template":"","meta":{"footnotes":""},"class_list":["post-1103","page","type-page","status-publish","hentry"],"_links":{"self":[{"href":"https:\/\/fiscaliaguerrero.gob.mx\/index.php\/wp-json\/wp\/v2\/pages\/1103","targetHints":{"allow":["GET"]}}],"collection":[{"href":"https:\/\/fiscaliaguerrero.gob.mx\/index.php\/wp-json\/wp\/v2\/pages"}],"about":[{"href":"https:\/\/fiscaliaguerrero.gob.mx\/index.php\/wp-json\/wp\/v2\/types\/page"}],"author":[{"embeddable":true,"href":"https:\/\/fiscaliaguerrero.gob.mx\/index.php\/wp-json\/wp\/v2\/users\/2"}],"replies":[{"embeddable":true,"href":"https:\/\/fiscaliaguerrero.gob.mx\/index.php\/wp-json\/wp\/v2\/comments?post=1103"}],"version-history":[{"count":2,"href":"https:\/\/fiscaliaguerrero.gob.mx\/index.php\/wp-json\/wp\/v2\/pages\/1103\/revisions"}],"predecessor-version":[{"id":1123,"href":"https:\/\/fiscaliaguerrero.gob.mx\/index.php\/wp-json\/wp\/v2\/pages\/1103\/revisions\/1123"}],"wp:attachment":[{"href":"https:\/\/fiscaliaguerrero.gob.mx\/index.php\/wp-json\/wp\/v2\/media?parent=1103"}],"curies":[{"name":"wp","href":"https:\/\/api.w.org\/{rel}","templated":true}]}}