{"id":1125,"date":"2026-02-26T20:55:24","date_gmt":"2026-02-26T19:55:24","guid":{"rendered":"https:\/\/fiscaliaguerrero.gob.mx\/?page_id=1125"},"modified":"2026-03-04T21:59:54","modified_gmt":"2026-03-04T20:59:54","slug":"2023-primer-trimestre","status":"publish","type":"page","link":"https:\/\/fiscaliaguerrero.gob.mx\/index.php\/2023-primer-trimestre\/","title":{"rendered":"2023 Primer Trimestre"},"content":{"rendered":"\n<p class=\"has-contrast-2-color has-text-color has-link-color wp-elements-ff6fd6c12efa0aa3aa4f9ce2b85fc23d\">Armonizaci\u00f3n Contable &gt; 2023 Primer Trimestre<\/p>\n\n\n\n<p class=\"has-text-color has-link-color wp-elements-f78ca885f54104a271aac8f788632965\" style=\"color:#182eda\"><a href=\"https:\/\/fiscaliaguerrero.gob.mx\/index.php\/informacion-contable-1tri-2023\/\" data-type=\"link\" data-id=\"https:\/\/fiscaliaguerrero.gob.mx\/index.php\/informacion-contable-1tri-2023\/\">Informaci\u00f3n Contable<\/a><\/p>\n\n\n\n<p class=\"has-text-color has-link-color wp-elements-023d7cce338f3853e16301e6c140e9b0\" style=\"color:#182eda\"><a href=\"https:\/\/fiscaliaguerrero.gob.mx\/index.php\/informacion-presupuestal-1tri-2023\/\" data-type=\"link\" data-id=\"https:\/\/fiscaliaguerrero.gob.mx\/index.php\/informacion-presupuestal-1tri-2023\/\">Informaci\u00f3n Presupuestal<\/a><\/p>\n\n\n\n<p class=\"has-text-color has-link-color wp-elements-8af0c004c7fbcc2bf60f41ba6421545e\" style=\"color:#182eda\"><a href=\"https:\/\/fiscaliaguerrero.gob.mx\/index.php\/informacion-programatica-1tri-2023\/\" data-type=\"link\" data-id=\"https:\/\/fiscaliaguerrero.gob.mx\/index.php\/informacion-programatica-1tri-2023\/\">Informaci\u00f3n Program\u00e1tica<\/a><\/p>\n\n\n\n<p class=\"has-text-color has-link-color wp-elements-1b233f6e8692ce05f2fc79d8d499a570\" style=\"color:#081366\"><a href=\"https:\/\/fiscaliaguerrero.gob.mx\/index.php\/ley-de-disciplina-financiera-1tri-2023\/\" data-type=\"link\" data-id=\"https:\/\/fiscaliaguerrero.gob.mx\/index.php\/ley-de-disciplina-financiera-1tri-2023\/\"><strong>Ley de Disciplina Financiera<\/strong><\/a><\/p>\n\n\n\n<p><\/p>\n","protected":false},"excerpt":{"rendered":"<p>Armonizaci\u00f3n Contable &gt; 2023 Primer Trimestre Informaci\u00f3n Contable Informaci\u00f3n Presupuestal Informaci\u00f3n Program\u00e1tica Ley de Disciplina Financiera<\/p>\n","protected":false},"author":2,"featured_media":0,"parent":0,"menu_order":0,"comment_status":"closed","ping_status":"closed","template":"","meta":{"footnotes":""},"class_list":["post-1125","page","type-page","status-publish","hentry"],"_links":{"self":[{"href":"https:\/\/fiscaliaguerrero.gob.mx\/index.php\/wp-json\/wp\/v2\/pages\/1125","targetHints":{"allow":["GET"]}}],"collection":[{"href":"https:\/\/fiscaliaguerrero.gob.mx\/index.php\/wp-json\/wp\/v2\/pages"}],"about":[{"href":"https:\/\/fiscaliaguerrero.gob.mx\/index.php\/wp-json\/wp\/v2\/types\/page"}],"author":[{"embeddable":true,"href":"https:\/\/fiscaliaguerrero.gob.mx\/index.php\/wp-json\/wp\/v2\/users\/2"}],"replies":[{"embeddable":true,"href":"https:\/\/fiscaliaguerrero.gob.mx\/index.php\/wp-json\/wp\/v2\/comments?post=1125"}],"version-history":[{"count":2,"href":"https:\/\/fiscaliaguerrero.gob.mx\/index.php\/wp-json\/wp\/v2\/pages\/1125\/revisions"}],"predecessor-version":[{"id":1382,"href":"https:\/\/fiscaliaguerrero.gob.mx\/index.php\/wp-json\/wp\/v2\/pages\/1125\/revisions\/1382"}],"wp:attachment":[{"href":"https:\/\/fiscaliaguerrero.gob.mx\/index.php\/wp-json\/wp\/v2\/media?parent=1125"}],"curies":[{"name":"wp","href":"https:\/\/api.w.org\/{rel}","templated":true}]}}