{"id":1271,"date":"2026-03-03T16:49:13","date_gmt":"2026-03-03T15:49:13","guid":{"rendered":"https:\/\/fiscaliaguerrero.gob.mx\/?page_id=1271"},"modified":"2026-03-03T16:49:13","modified_gmt":"2026-03-03T15:49:13","slug":"ley-de-disciplina-financiera-3tri-2022","status":"publish","type":"page","link":"https:\/\/fiscaliaguerrero.gob.mx\/index.php\/ley-de-disciplina-financiera-3tri-2022\/","title":{"rendered":"Ley de Disciplina Financiera 3Tri 2022"},"content":{"rendered":"\n<p class=\"has-contrast-2-color has-text-color has-link-color wp-elements-5815a948b3b660b085a9034807ccd8fb\">Armonizaci\u00f3n Contable > 2022 Tercer Trimestre > Ley de Disciplina Financiera<\/p>\n\n\n\n<figure class=\"wp-block-table alignwide\"><table class=\"has-contrast-2-color has-text-color has-link-color has-fixed-layout\"><tbody><tr><td>1. Estado de Situaci\u00f3n financiera<br>F1_GRO_FGE_03_22<\/td><td class=\"has-text-align-center\" data-align=\"center\"><a href=\"https:\/\/view.officeapps.live.com\/op\/view.aspx?src=https%3A%2F%2Fservicios.fiscaliaguerrero.gob.mx%2Farmoncontable%2FARMONIZACION_CONTABLE%2F2022%2F3er%2520Trimestre%2FLEY_DIS_FINAN%2F2022%2F3_TRI%2FF1_GRO_FGE_03_22.xls&amp;wdOrigin=BROWSELINK\" target=\"_blank\" rel=\"noreferrer noopener\"><img loading=\"lazy\" decoding=\"async\" width=\"60\" height=\"60\" class=\"wp-image-229\" style=\"width: 60px;\" src=\"https:\/\/fiscaliaguerrero.gob.mx\/wp-content\/uploads\/2026\/02\/excel.ico\" alt=\"\"><\/a><\/td><\/tr><tr><td>2. Informe Anal\u00edtico de la Deuda P\u00fablica y otros Pasivos<br>F2_GRO_FGE_03_22<\/td><td class=\"has-text-align-center\" data-align=\"center\"><a href=\"https:\/\/view.officeapps.live.com\/op\/view.aspx?src=https%3A%2F%2Fservicios.fiscaliaguerrero.gob.mx%2Farmoncontable%2FARMONIZACION_CONTABLE%2F2022%2F3er%2520Trimestre%2FLEY_DIS_FINAN%2F2022%2F3_TRI%2FF2_GRO_FGE_03_22.xls&amp;wdOrigin=BROWSELINK\" target=\"_blank\" rel=\"noreferrer noopener\"><img loading=\"lazy\" decoding=\"async\" width=\"60\" height=\"60\" class=\"wp-image-229\" style=\"width: 60px;\" src=\"https:\/\/fiscaliaguerrero.gob.mx\/wp-content\/uploads\/2026\/02\/excel.ico\" alt=\"\"><\/a><\/td><\/tr><tr><td>3. Informe Anal\u00edtico de Obligaciones Diferentes de Financiamientos F3_GRO_FGE_03_22<\/td><td class=\"has-text-align-center\" data-align=\"center\"><a href=\"https:\/\/view.officeapps.live.com\/op\/view.aspx?src=https%3A%2F%2Fservicios.fiscaliaguerrero.gob.mx%2Farmoncontable%2FARMONIZACION_CONTABLE%2F2022%2F3er%2520Trimestre%2FLEY_DIS_FINAN%2F2022%2F3_TRI%2FF3_GRO_FGE_03_22.xls&amp;wdOrigin=BROWSELINK\" target=\"_blank\" rel=\"noreferrer noopener\"><img loading=\"lazy\" decoding=\"async\" width=\"60\" height=\"60\" class=\"wp-image-229\" style=\"width: 60px;\" src=\"https:\/\/fiscaliaguerrero.gob.mx\/wp-content\/uploads\/2026\/02\/excel.ico\" alt=\"\"><\/a><\/td><\/tr><tr><td>4. Balance Presupuestario<br>F4_GRO_FGE_03_22<\/td><td class=\"has-text-align-center\" data-align=\"center\"><a href=\"https:\/\/view.officeapps.live.com\/op\/view.aspx?src=https%3A%2F%2Fservicios.fiscaliaguerrero.gob.mx%2Farmoncontable%2FARMONIZACION_CONTABLE%2F2022%2F3er%2520Trimestre%2FLEY_DIS_FINAN%2F2022%2F3_TRI%2FF4_GRO_FGE_03_22.xls&amp;wdOrigin=BROWSELINK\" target=\"_blank\" rel=\"noreferrer noopener\"><img loading=\"lazy\" decoding=\"async\" width=\"60\" height=\"60\" class=\"wp-image-229\" style=\"width: 60px;\" src=\"https:\/\/fiscaliaguerrero.gob.mx\/wp-content\/uploads\/2026\/02\/excel.ico\" alt=\"\"><\/a><\/td><\/tr><tr><td>5. Estado Anal\u00edtico de Ingresos<br>F5_GRO_FGE_03_22<\/td><td class=\"has-text-align-center\" data-align=\"center\"><a href=\"https:\/\/view.officeapps.live.com\/op\/view.aspx?src=https%3A%2F%2Fservicios.fiscaliaguerrero.gob.mx%2Farmoncontable%2FARMONIZACION_CONTABLE%2F2022%2F3er%2520Trimestre%2FLEY_DIS_FINAN%2F2022%2F3_TRI%2FF5_GRO_FGE_03_22.xls&amp;wdOrigin=BROWSELINK\" target=\"_blank\" rel=\"noreferrer noopener\"><img loading=\"lazy\" decoding=\"async\" width=\"60\" height=\"60\" class=\"wp-image-229\" style=\"width: 60px;\" src=\"https:\/\/fiscaliaguerrero.gob.mx\/wp-content\/uploads\/2026\/02\/excel.ico\" alt=\"\"><\/a><\/td><\/tr><tr><td>6a. Estado Anal\u00edtico del Presupuesto de Egresos (Objeto) F6A_GRO_FGE_03_22<\/td><td class=\"has-text-align-center\" data-align=\"center\"><a href=\"https:\/\/view.officeapps.live.com\/op\/view.aspx?src=https%3A%2F%2Fservicios.fiscaliaguerrero.gob.mx%2Farmoncontable%2FARMONIZACION_CONTABLE%2F2022%2F3er%2520Trimestre%2FLEY_DIS_FINAN%2F2022%2F3_TRI%2FF6a_GRO_FGE_03_22.xls&amp;wdOrigin=BROWSELINK\" target=\"_blank\" rel=\"noreferrer noopener\"><img loading=\"lazy\" decoding=\"async\" width=\"60\" height=\"60\" class=\"wp-image-229\" style=\"width: 60px;\" src=\"https:\/\/fiscaliaguerrero.gob.mx\/wp-content\/uploads\/2026\/02\/excel.ico\" alt=\"\"><\/a><\/td><\/tr><tr><td>6b. Estado Anal\u00edtico del Presupuesto de Egresos (Administrativa) F6B_GRO_FGE_03_22<\/td><td class=\"has-text-align-center\" data-align=\"center\"><a href=\"https:\/\/view.officeapps.live.com\/op\/view.aspx?src=https%3A%2F%2Fservicios.fiscaliaguerrero.gob.mx%2Farmoncontable%2FARMONIZACION_CONTABLE%2F2022%2F3er%2520Trimestre%2FLEY_DIS_FINAN%2F2022%2F3_TRI%2FF6b_GRO_FGE_03_22.xls&amp;wdOrigin=BROWSELINK\" target=\"_blank\" rel=\"noreferrer noopener\"><img loading=\"lazy\" decoding=\"async\" width=\"60\" height=\"60\" class=\"wp-image-229\" style=\"width: 60px;\" src=\"https:\/\/fiscaliaguerrero.gob.mx\/wp-content\/uploads\/2026\/02\/excel.ico\" alt=\"\"><\/a><\/td><\/tr><tr><td>6c. Estado Anal\u00edtico del Presupuesto de Egresos (Funcional) F6C_GRO_FGE_03_22<\/td><td class=\"has-text-align-center\" data-align=\"center\"><a href=\"https:\/\/view.officeapps.live.com\/op\/view.aspx?src=https%3A%2F%2Fservicios.fiscaliaguerrero.gob.mx%2Farmoncontable%2FARMONIZACION_CONTABLE%2F2022%2F3er%2520Trimestre%2FLEY_DIS_FINAN%2F2022%2F3_TRI%2FF6c_GRO_FGE_03_22.xls&amp;wdOrigin=BROWSELINK\" target=\"_blank\" rel=\"noreferrer noopener\"><img loading=\"lazy\" decoding=\"async\" width=\"60\" height=\"60\" class=\"wp-image-229\" style=\"width: 60px;\" src=\"https:\/\/fiscaliaguerrero.gob.mx\/wp-content\/uploads\/2026\/02\/excel.ico\" alt=\"\"><\/a><\/td><\/tr><tr><td>6d. Estado Anal\u00edtico del Presupuesto de Egresos (Categor\u00eda) F6D_GRO_FGE_03_22<\/td><td class=\"has-text-align-center\" data-align=\"center\"><a href=\"https:\/\/view.officeapps.live.com\/op\/view.aspx?src=https%3A%2F%2Fservicios.fiscaliaguerrero.gob.mx%2Farmoncontable%2FARMONIZACION_CONTABLE%2F2022%2F3er%2520Trimestre%2FLEY_DIS_FINAN%2F2022%2F3_TRI%2FF6d_GRO_FGE_03_22.xls&amp;wdOrigin=BROWSELINK\" target=\"_blank\" rel=\"noreferrer noopener\"><img loading=\"lazy\" decoding=\"async\" width=\"60\" height=\"60\" class=\"wp-image-229\" style=\"width: 60px;\" src=\"https:\/\/fiscaliaguerrero.gob.mx\/wp-content\/uploads\/2026\/02\/excel.ico\" alt=\"\"><\/a><\/td><\/tr><\/tbody><\/table><\/figure>\n","protected":false},"excerpt":{"rendered":"<p>Armonizaci\u00f3n Contable > 2022 Tercer Trimestre > Ley de Disciplina Financiera 1. Estado de Situaci\u00f3n financieraF1_GRO_FGE_03_22 2. Informe Anal\u00edtico de la Deuda P\u00fablica y otros PasivosF2_GRO_FGE_03_22 3. Informe Anal\u00edtico de Obligaciones Diferentes de Financiamientos F3_GRO_FGE_03_22 4. Balance PresupuestarioF4_GRO_FGE_03_22 5. Estado Anal\u00edtico de IngresosF5_GRO_FGE_03_22 6a. Estado Anal\u00edtico del Presupuesto de Egresos (Objeto) F6A_GRO_FGE_03_22 6b. Estado Anal\u00edtico [&hellip;]<\/p>\n","protected":false},"author":2,"featured_media":0,"parent":0,"menu_order":0,"comment_status":"closed","ping_status":"closed","template":"","meta":{"footnotes":""},"class_list":["post-1271","page","type-page","status-publish","hentry"],"_links":{"self":[{"href":"https:\/\/fiscaliaguerrero.gob.mx\/index.php\/wp-json\/wp\/v2\/pages\/1271","targetHints":{"allow":["GET"]}}],"collection":[{"href":"https:\/\/fiscaliaguerrero.gob.mx\/index.php\/wp-json\/wp\/v2\/pages"}],"about":[{"href":"https:\/\/fiscaliaguerrero.gob.mx\/index.php\/wp-json\/wp\/v2\/types\/page"}],"author":[{"embeddable":true,"href":"https:\/\/fiscaliaguerrero.gob.mx\/index.php\/wp-json\/wp\/v2\/users\/2"}],"replies":[{"embeddable":true,"href":"https:\/\/fiscaliaguerrero.gob.mx\/index.php\/wp-json\/wp\/v2\/comments?post=1271"}],"version-history":[{"count":1,"href":"https:\/\/fiscaliaguerrero.gob.mx\/index.php\/wp-json\/wp\/v2\/pages\/1271\/revisions"}],"predecessor-version":[{"id":1276,"href":"https:\/\/fiscaliaguerrero.gob.mx\/index.php\/wp-json\/wp\/v2\/pages\/1271\/revisions\/1276"}],"wp:attachment":[{"href":"https:\/\/fiscaliaguerrero.gob.mx\/index.php\/wp-json\/wp\/v2\/media?parent=1271"}],"curies":[{"name":"wp","href":"https:\/\/api.w.org\/{rel}","templated":true}]}}