{"id":1284,"date":"2026-03-03T17:10:31","date_gmt":"2026-03-03T16:10:31","guid":{"rendered":"https:\/\/fiscaliaguerrero.gob.mx\/?page_id=1284"},"modified":"2026-03-03T17:10:31","modified_gmt":"2026-03-03T16:10:31","slug":"ley-de-disciplina-financiera-4tri-2024","status":"publish","type":"page","link":"https:\/\/fiscaliaguerrero.gob.mx\/index.php\/ley-de-disciplina-financiera-4tri-2024\/","title":{"rendered":"Ley de Disciplina Financiera 4Tri 2024"},"content":{"rendered":"\n<p>Armonizaci\u00f3n Contable > 2024 Cuarto Trimestre > Ley de Disciplina Financiera<\/p>\n\n\n\n<figure class=\"wp-block-table alignwide\"><table class=\"has-fixed-layout\"><tbody><tr><td>1. Estado de Situaci\u00f3n financiera<br>F1_GRO_FGE_04_24<\/td><td class=\"has-text-align-center\" data-align=\"center\"><a href=\"https:\/\/servicios.fiscaliaguerrero.gob.mx\/armoncontable\/ARMONIZACION_CONTABLE\/2024\/4TRI2024\/LEY%20DE%20DISCIPLINA%20FINANCIERA\/ESTADO%20DE%20SITUACION%20FINANCIERA.xlsx\" target=\"_blank\" rel=\"noreferrer noopener\"><img loading=\"lazy\" decoding=\"async\" width=\"60\" height=\"60\" class=\"wp-image-229\" style=\"width: 60px;\" src=\"https:\/\/fiscaliaguerrero.gob.mx\/wp-content\/uploads\/2026\/02\/excel.ico\" alt=\"\"><\/a><\/td><\/tr><tr><td>2. Informe Anal\u00edtico de la Deuda P\u00fablica y otros Pasivos<br>F2_GRO_FGE_04_24<\/td><td class=\"has-text-align-center\" data-align=\"center\"><a href=\"https:\/\/servicios.fiscaliaguerrero.gob.mx\/armoncontable\/ARMONIZACION_CONTABLE\/2024\/4TRI2024\/LEY%20DE%20DISCIPLINA%20FINANCIERA\/INFORME%20ANALITICO%20DE%20LA%20DEUDA%20PUBLI.xlsx\" target=\"_blank\" rel=\"noreferrer noopener\"><img loading=\"lazy\" decoding=\"async\" width=\"60\" height=\"60\" class=\"wp-image-229\" style=\"width: 60px;\" src=\"https:\/\/fiscaliaguerrero.gob.mx\/wp-content\/uploads\/2026\/02\/excel.ico\" alt=\"\"><\/a><\/td><\/tr><tr><td>3. Informe Anal\u00edtico de Obligaciones Diferentes de Financiamientos F3_GRO_FGE_04_24<\/td><td class=\"has-text-align-center\" data-align=\"center\"><a href=\"https:\/\/servicios.fiscaliaguerrero.gob.mx\/armoncontable\/ARMONIZACION_CONTABLE\/2024\/4TRI2024\/LEY%20DE%20DISCIPLINA%20FINANCIERA\/INFORME%20ANALITICO%20DE%20OBLIGACIONES.xlsx\" target=\"_blank\" rel=\"noreferrer noopener\"><img loading=\"lazy\" decoding=\"async\" width=\"60\" height=\"60\" class=\"wp-image-229\" style=\"width: 60px;\" src=\"https:\/\/fiscaliaguerrero.gob.mx\/wp-content\/uploads\/2026\/02\/excel.ico\" alt=\"\"><\/a><\/td><\/tr><tr><td>4. Balance Presupuestario<br>F4_GRO_FGE_04_24<\/td><td class=\"has-text-align-center\" data-align=\"center\"><a href=\"https:\/\/servicios.fiscaliaguerrero.gob.mx\/armoncontable\/ARMONIZACION_CONTABLE\/2024\/4TRI2024\/LEY%20DE%20DISCIPLINA%20FINANCIERA\/BALANCE%20PRESUPUESTARIO.xlsx\" target=\"_blank\" rel=\"noreferrer noopener\"><img loading=\"lazy\" decoding=\"async\" width=\"60\" height=\"60\" class=\"wp-image-229\" style=\"width: 60px;\" src=\"https:\/\/fiscaliaguerrero.gob.mx\/wp-content\/uploads\/2026\/02\/excel.ico\" alt=\"\"><\/a><\/td><\/tr><tr><td>5. Estado Anal\u00edtico de Ingresos<br>F5_GRO_FGE_04_24<\/td><td class=\"has-text-align-center\" data-align=\"center\"><a href=\"https:\/\/servicios.fiscaliaguerrero.gob.mx\/armoncontable\/ARMONIZACION_CONTABLE\/2024\/4TRI2024\/LEY%20DE%20DISCIPLINA%20FINANCIERA\/ESTADO%20ANALITICO%20DE%20INGRESOS.xlsx\" target=\"_blank\" rel=\"noreferrer noopener\"><img loading=\"lazy\" decoding=\"async\" width=\"60\" height=\"60\" class=\"wp-image-229\" style=\"width: 60px;\" src=\"https:\/\/fiscaliaguerrero.gob.mx\/wp-content\/uploads\/2026\/02\/excel.ico\" alt=\"\"><\/a><\/td><\/tr><tr><td>6a. Estado Anal\u00edtico del Presupuesto de Egresos (Objeto) F6A_GRO_FGE_04_24<\/td><td class=\"has-text-align-center\" data-align=\"center\"><a href=\"https:\/\/servicios.fiscaliaguerrero.gob.mx\/armoncontable\/ARMONIZACION_CONTABLE\/2024\/4TRI2024\/LEY%20DE%20DISCIPLINA%20FINANCIERA\/EDO%20ANALITICO%20DEL%20PRESUPUESTO%20DE%20EG.xlsx\" target=\"_blank\" rel=\"noreferrer noopener\"><img loading=\"lazy\" decoding=\"async\" width=\"60\" height=\"60\" class=\"wp-image-229\" style=\"width: 60px;\" src=\"https:\/\/fiscaliaguerrero.gob.mx\/wp-content\/uploads\/2026\/02\/excel.ico\" alt=\"\"><\/a><\/td><\/tr><tr><td>6b. Estado Anal\u00edtico del Presupuesto de Egresos (Administrativa) F6B_GRO_FGE_04_24<\/td><td class=\"has-text-align-center\" data-align=\"center\"><a href=\"https:\/\/servicios.fiscaliaguerrero.gob.mx\/armoncontable\/ARMONIZACION_CONTABLE\/2024\/4TRI2024\/LEY%20DE%20DISCIPLINA%20FINANCIERA\/EDO%20A%20DE%20PRESUPUESTO%20EGRESOS%20ADVA.xlsx\" target=\"_blank\" rel=\"noreferrer noopener\"><img loading=\"lazy\" decoding=\"async\" width=\"60\" height=\"60\" class=\"wp-image-229\" style=\"width: 60px;\" src=\"https:\/\/fiscaliaguerrero.gob.mx\/wp-content\/uploads\/2026\/02\/excel.ico\" alt=\"\"><\/a><\/td><\/tr><tr><td>6c. Estado Anal\u00edtico del Presupuesto de Egresos (Funcional) F6C_GRO_FGE_04_24<\/td><td class=\"has-text-align-center\" data-align=\"center\"><a href=\"https:\/\/servicios.fiscaliaguerrero.gob.mx\/armoncontable\/ARMONIZACION_CONTABLE\/2024\/4TRI2024\/LEY%20DE%20DISCIPLINA%20FINANCIERA\/EDO%20A%20DE%20PRESUPUESTO%20EGRESOS%20FUNCI.xlsx\" target=\"_blank\" rel=\"noreferrer noopener\"><img loading=\"lazy\" decoding=\"async\" width=\"60\" height=\"60\" class=\"wp-image-229\" style=\"width: 60px;\" src=\"https:\/\/fiscaliaguerrero.gob.mx\/wp-content\/uploads\/2026\/02\/excel.ico\" alt=\"\"><\/a><\/td><\/tr><tr><td>6d. Estado Anal\u00edtico del Presupuesto de Egresos (Categor\u00eda) F6D_GRO_FGE_04_24<\/td><td class=\"has-text-align-center\" data-align=\"center\"><a href=\"https:\/\/servicios.fiscaliaguerrero.gob.mx\/armoncontable\/ARMONIZACION_CONTABLE\/2024\/4TRI2024\/LEY%20DE%20DISCIPLINA%20FINANCIERA\/EDO%20A%20DE%20PRESUPUESTO%20EGRESOS%20CATEG.xlsx\" target=\"_blank\" rel=\"noreferrer noopener\"><img loading=\"lazy\" decoding=\"async\" width=\"60\" height=\"60\" class=\"wp-image-229\" style=\"width: 60px;\" src=\"https:\/\/fiscaliaguerrero.gob.mx\/wp-content\/uploads\/2026\/02\/excel.ico\" alt=\"\"><\/a><\/td><\/tr><\/tbody><\/table><\/figure>\n","protected":false},"excerpt":{"rendered":"<p>Armonizaci\u00f3n Contable > 2024 Cuarto Trimestre > Ley de Disciplina Financiera 1. Estado de Situaci\u00f3n financieraF1_GRO_FGE_04_24 2. Informe Anal\u00edtico de la Deuda P\u00fablica y otros PasivosF2_GRO_FGE_04_24 3. Informe Anal\u00edtico de Obligaciones Diferentes de Financiamientos F3_GRO_FGE_04_24 4. Balance PresupuestarioF4_GRO_FGE_04_24 5. Estado Anal\u00edtico de IngresosF5_GRO_FGE_04_24 6a. Estado Anal\u00edtico del Presupuesto de Egresos (Objeto) F6A_GRO_FGE_04_24 6b. Estado Anal\u00edtico [&hellip;]<\/p>\n","protected":false},"author":2,"featured_media":0,"parent":0,"menu_order":0,"comment_status":"closed","ping_status":"closed","template":"","meta":{"footnotes":""},"class_list":["post-1284","page","type-page","status-publish","hentry"],"_links":{"self":[{"href":"https:\/\/fiscaliaguerrero.gob.mx\/index.php\/wp-json\/wp\/v2\/pages\/1284","targetHints":{"allow":["GET"]}}],"collection":[{"href":"https:\/\/fiscaliaguerrero.gob.mx\/index.php\/wp-json\/wp\/v2\/pages"}],"about":[{"href":"https:\/\/fiscaliaguerrero.gob.mx\/index.php\/wp-json\/wp\/v2\/types\/page"}],"author":[{"embeddable":true,"href":"https:\/\/fiscaliaguerrero.gob.mx\/index.php\/wp-json\/wp\/v2\/users\/2"}],"replies":[{"embeddable":true,"href":"https:\/\/fiscaliaguerrero.gob.mx\/index.php\/wp-json\/wp\/v2\/comments?post=1284"}],"version-history":[{"count":1,"href":"https:\/\/fiscaliaguerrero.gob.mx\/index.php\/wp-json\/wp\/v2\/pages\/1284\/revisions"}],"predecessor-version":[{"id":1291,"href":"https:\/\/fiscaliaguerrero.gob.mx\/index.php\/wp-json\/wp\/v2\/pages\/1284\/revisions\/1291"}],"wp:attachment":[{"href":"https:\/\/fiscaliaguerrero.gob.mx\/index.php\/wp-json\/wp\/v2\/media?parent=1284"}],"curies":[{"name":"wp","href":"https:\/\/api.w.org\/{rel}","templated":true}]}}