{"id":1294,"date":"2026-03-03T17:25:26","date_gmt":"2026-03-03T16:25:26","guid":{"rendered":"https:\/\/fiscaliaguerrero.gob.mx\/?page_id=1294"},"modified":"2026-03-03T17:25:26","modified_gmt":"2026-03-03T16:25:26","slug":"ley-de-disciplina-financiera-1tri-2025","status":"publish","type":"page","link":"https:\/\/fiscaliaguerrero.gob.mx\/index.php\/ley-de-disciplina-financiera-1tri-2025\/","title":{"rendered":"Ley de Disciplina Financiera 1Tri 2025"},"content":{"rendered":"\n<p class=\"has-contrast-2-color has-text-color has-link-color wp-elements-2d971aa72951200f9f41fbe70b094ded\">Armonizaci\u00f3n Contable > 2025 Primer Trimestre > Ley de Disciplina Financiera<\/p>\n\n\n\n<figure class=\"wp-block-table alignwide\"><table class=\"has-contrast-2-color has-text-color has-link-color has-fixed-layout\"><tbody><tr><td>1. Estado de Situaci\u00f3n financiera<br>F1_GRO_FGE_01_25<\/td><td class=\"has-text-align-center\" data-align=\"center\"><a href=\"https:\/\/servicios.fiscaliaguerrero.gob.mx\/armoncontable\/ARMONIZACION_CONTABLE\/2025\/1TRI\/LEY%20DE%20DISCIPLINA%20FINANCIERA\/LDF-%201ER%20TRIMESTRE%202025\/F1_GRO_FGE_01_25.xlsx\" data-type=\"link\" data-id=\"https:\/\/servicios.fiscaliaguerrero.gob.mx\/armoncontable\/ARMONIZACION_CONTABLE\/2025\/4TRI\/LEY%20DE%20DISCIPLINA%20FINANCIERA\/F1_GRO_FGE_04_25.xlsx\" target=\"_blank\" rel=\"noreferrer noopener\"><img loading=\"lazy\" decoding=\"async\" width=\"60\" height=\"60\" class=\"wp-image-229\" style=\"width: 60px;\" src=\"https:\/\/fiscaliaguerrero.gob.mx\/wp-content\/uploads\/2026\/02\/excel.ico\" alt=\"\"><\/a><\/td><\/tr><tr><td>2. Informe Anal\u00edtico de la Deuda P\u00fablica y otros Pasivos<br>F2_GRO_FGE_01_25<\/td><td class=\"has-text-align-center\" data-align=\"center\"><a href=\"https:\/\/servicios.fiscaliaguerrero.gob.mx\/armoncontable\/ARMONIZACION_CONTABLE\/2025\/1TRI\/LEY%20DE%20DISCIPLINA%20FINANCIERA\/LDF-%201ER%20TRIMESTRE%202025\/F2_GRO_FGE_01_25.xlsx\" data-type=\"link\" data-id=\"https:\/\/servicios.fiscaliaguerrero.gob.mx\/armoncontable\/ARMONIZACION_CONTABLE\/2025\/4TRI\/LEY%20DE%20DISCIPLINA%20FINANCIERA\/F2_GRO_FGE_04_25.xlsx\" target=\"_blank\" rel=\"noreferrer noopener\"><img loading=\"lazy\" decoding=\"async\" width=\"60\" height=\"60\" class=\"wp-image-229\" style=\"width: 60px;\" src=\"https:\/\/fiscaliaguerrero.gob.mx\/wp-content\/uploads\/2026\/02\/excel.ico\" alt=\"\"><\/a><\/td><\/tr><tr><td>3. Informe Anal\u00edtico de Obligaciones Diferentes de Financiamientos F3_GRO_FGE_01_25<\/td><td class=\"has-text-align-center\" data-align=\"center\"><a href=\"https:\/\/servicios.fiscaliaguerrero.gob.mx\/armoncontable\/ARMONIZACION_CONTABLE\/2025\/1TRI\/LEY%20DE%20DISCIPLINA%20FINANCIERA\/LDF-%201ER%20TRIMESTRE%202025\/F3_GRO_FGE_01_25.xlsx\" data-type=\"link\" data-id=\"https:\/\/servicios.fiscaliaguerrero.gob.mx\/armoncontable\/ARMONIZACION_CONTABLE\/2025\/4TRI\/LEY%20DE%20DISCIPLINA%20FINANCIERA\/F3_GRO_FGE_04_25.xlsx\" target=\"_blank\" rel=\"noreferrer noopener\"><img loading=\"lazy\" decoding=\"async\" width=\"60\" height=\"60\" class=\"wp-image-229\" style=\"width: 60px;\" src=\"https:\/\/fiscaliaguerrero.gob.mx\/wp-content\/uploads\/2026\/02\/excel.ico\" alt=\"\"><\/a><\/td><\/tr><tr><td>4. Balance Presupuestario<br>F4_GRO_FGE_01_25<\/td><td class=\"has-text-align-center\" data-align=\"center\"><a href=\"https:\/\/servicios.fiscaliaguerrero.gob.mx\/armoncontable\/ARMONIZACION_CONTABLE\/2025\/1TRI\/LEY%20DE%20DISCIPLINA%20FINANCIERA\/LDF-%201ER%20TRIMESTRE%202025\/F4_GRO_FGE_01_25.xlsx\" data-type=\"link\" data-id=\"https:\/\/servicios.fiscaliaguerrero.gob.mx\/armoncontable\/ARMONIZACION_CONTABLE\/2025\/4TRI\/LEY%20DE%20DISCIPLINA%20FINANCIERA\/F4_GRO_FGE_04_25.xlsx\" target=\"_blank\" rel=\"noreferrer noopener\"><img loading=\"lazy\" decoding=\"async\" width=\"60\" height=\"60\" class=\"wp-image-229\" style=\"width: 60px;\" src=\"https:\/\/fiscaliaguerrero.gob.mx\/wp-content\/uploads\/2026\/02\/excel.ico\" alt=\"\"><\/a><\/td><\/tr><tr><td>5. Estado Anal\u00edtico de Ingresos<br>F5_GRO_FGE_01_25<\/td><td class=\"has-text-align-center\" data-align=\"center\"><a href=\"https:\/\/servicios.fiscaliaguerrero.gob.mx\/armoncontable\/ARMONIZACION_CONTABLE\/2025\/1TRI\/LEY%20DE%20DISCIPLINA%20FINANCIERA\/LDF-%201ER%20TRIMESTRE%202025\/F5_GRO_FGE_01_25.xlsx\" data-type=\"link\" data-id=\"https:\/\/servicios.fiscaliaguerrero.gob.mx\/armoncontable\/ARMONIZACION_CONTABLE\/2025\/4TRI\/LEY%20DE%20DISCIPLINA%20FINANCIERA\/F5_GRO_FGE_04_25.xlsx\" target=\"_blank\" rel=\"noreferrer noopener\"><img loading=\"lazy\" decoding=\"async\" width=\"60\" height=\"60\" class=\"wp-image-229\" style=\"width: 60px;\" src=\"https:\/\/fiscaliaguerrero.gob.mx\/wp-content\/uploads\/2026\/02\/excel.ico\" alt=\"\"><\/a><\/td><\/tr><tr><td>6a. Estado Anal\u00edtico del Presupuesto de Egresos (Objeto) F6A_GRO_FGE_01_25<\/td><td class=\"has-text-align-center\" data-align=\"center\"><a href=\"https:\/\/servicios.fiscaliaguerrero.gob.mx\/armoncontable\/ARMONIZACION_CONTABLE\/2025\/1TRI\/LEY%20DE%20DISCIPLINA%20FINANCIERA\/LDF-%201ER%20TRIMESTRE%202025\/F6a_GRO_FGE_01_25.xlsx\" data-type=\"link\" data-id=\"https:\/\/servicios.fiscaliaguerrero.gob.mx\/armoncontable\/ARMONIZACION_CONTABLE\/2025\/4TRI\/LEY%20DE%20DISCIPLINA%20FINANCIERA\/F6A_GRO_FGE_04_25.xlsx\" target=\"_blank\" rel=\"noreferrer noopener\"><img loading=\"lazy\" decoding=\"async\" width=\"60\" height=\"60\" class=\"wp-image-229\" style=\"width: 60px;\" src=\"https:\/\/fiscaliaguerrero.gob.mx\/wp-content\/uploads\/2026\/02\/excel.ico\" alt=\"\"><\/a><\/td><\/tr><tr><td>6b. Estado Anal\u00edtico del Presupuesto de Egresos (Administrativa) F6B_GRO_FGE_01_25<\/td><td class=\"has-text-align-center\" data-align=\"center\"><a href=\"https:\/\/servicios.fiscaliaguerrero.gob.mx\/armoncontable\/ARMONIZACION_CONTABLE\/2025\/1TRI\/LEY%20DE%20DISCIPLINA%20FINANCIERA\/LDF-%201ER%20TRIMESTRE%202025\/F6b_GRO_FGE_01_25.xlsx\" data-type=\"link\" data-id=\"https:\/\/servicios.fiscaliaguerrero.gob.mx\/armoncontable\/ARMONIZACION_CONTABLE\/2025\/4TRI\/LEY%20DE%20DISCIPLINA%20FINANCIERA\/F6B_GRO_FGE_04_25.xlsx\" target=\"_blank\" rel=\"noreferrer noopener\"><img loading=\"lazy\" decoding=\"async\" width=\"60\" height=\"60\" class=\"wp-image-229\" style=\"width: 60px;\" src=\"https:\/\/fiscaliaguerrero.gob.mx\/wp-content\/uploads\/2026\/02\/excel.ico\" alt=\"\"><\/a><\/td><\/tr><tr><td>6c. Estado Anal\u00edtico del Presupuesto de Egresos (Funcional) F6C_GRO_FGE_01_25<\/td><td class=\"has-text-align-center\" data-align=\"center\"><a href=\"https:\/\/servicios.fiscaliaguerrero.gob.mx\/armoncontable\/ARMONIZACION_CONTABLE\/2025\/1TRI\/LEY%20DE%20DISCIPLINA%20FINANCIERA\/LDF-%201ER%20TRIMESTRE%202025\/F6c_GRO_FGE_01_25.xlsx\" data-type=\"link\" data-id=\"https:\/\/servicios.fiscaliaguerrero.gob.mx\/armoncontable\/ARMONIZACION_CONTABLE\/2025\/4TRI\/LEY%20DE%20DISCIPLINA%20FINANCIERA\/F6C_GRO_FGE_04_25.xlsx\" target=\"_blank\" rel=\"noreferrer noopener\"><img loading=\"lazy\" decoding=\"async\" width=\"60\" height=\"60\" class=\"wp-image-229\" style=\"width: 60px;\" src=\"https:\/\/fiscaliaguerrero.gob.mx\/wp-content\/uploads\/2026\/02\/excel.ico\" alt=\"\"><\/a><\/td><\/tr><tr><td>6d. Estado Anal\u00edtico del Presupuesto de Egresos (Categor\u00eda) F6D_GRO_FGE_01_25<\/td><td class=\"has-text-align-center\" data-align=\"center\"><a href=\"https:\/\/servicios.fiscaliaguerrero.gob.mx\/armoncontable\/ARMONIZACION_CONTABLE\/2025\/1TRI\/LEY%20DE%20DISCIPLINA%20FINANCIERA\/LDF-%201ER%20TRIMESTRE%202025\/F6d_GRO_FGE_01_25.xlsx\" data-type=\"link\" data-id=\"https:\/\/servicios.fiscaliaguerrero.gob.mx\/armoncontable\/ARMONIZACION_CONTABLE\/2025\/4TRI\/LEY%20DE%20DISCIPLINA%20FINANCIERA\/F6D_GRO_FGE_04_25.xlsx\" target=\"_blank\" rel=\"noreferrer noopener\"><img loading=\"lazy\" decoding=\"async\" width=\"60\" height=\"60\" class=\"wp-image-229\" style=\"width: 60px;\" src=\"https:\/\/fiscaliaguerrero.gob.mx\/wp-content\/uploads\/2026\/02\/excel.ico\" alt=\"\"><\/a><\/td><\/tr><\/tbody><\/table><\/figure>\n\n\n\n<p><\/p>\n","protected":false},"excerpt":{"rendered":"<p>Armonizaci\u00f3n Contable > 2025 Primer Trimestre > Ley de Disciplina Financiera 1. Estado de Situaci\u00f3n financieraF1_GRO_FGE_01_25 2. Informe Anal\u00edtico de la Deuda P\u00fablica y otros PasivosF2_GRO_FGE_01_25 3. Informe Anal\u00edtico de Obligaciones Diferentes de Financiamientos F3_GRO_FGE_01_25 4. Balance PresupuestarioF4_GRO_FGE_01_25 5. Estado Anal\u00edtico de IngresosF5_GRO_FGE_01_25 6a. Estado Anal\u00edtico del Presupuesto de Egresos (Objeto) F6A_GRO_FGE_01_25 6b. Estado Anal\u00edtico [&hellip;]<\/p>\n","protected":false},"author":2,"featured_media":0,"parent":0,"menu_order":0,"comment_status":"closed","ping_status":"closed","template":"","meta":{"footnotes":""},"class_list":["post-1294","page","type-page","status-publish","hentry"],"_links":{"self":[{"href":"https:\/\/fiscaliaguerrero.gob.mx\/index.php\/wp-json\/wp\/v2\/pages\/1294","targetHints":{"allow":["GET"]}}],"collection":[{"href":"https:\/\/fiscaliaguerrero.gob.mx\/index.php\/wp-json\/wp\/v2\/pages"}],"about":[{"href":"https:\/\/fiscaliaguerrero.gob.mx\/index.php\/wp-json\/wp\/v2\/types\/page"}],"author":[{"embeddable":true,"href":"https:\/\/fiscaliaguerrero.gob.mx\/index.php\/wp-json\/wp\/v2\/users\/2"}],"replies":[{"embeddable":true,"href":"https:\/\/fiscaliaguerrero.gob.mx\/index.php\/wp-json\/wp\/v2\/comments?post=1294"}],"version-history":[{"count":1,"href":"https:\/\/fiscaliaguerrero.gob.mx\/index.php\/wp-json\/wp\/v2\/pages\/1294\/revisions"}],"predecessor-version":[{"id":1296,"href":"https:\/\/fiscaliaguerrero.gob.mx\/index.php\/wp-json\/wp\/v2\/pages\/1294\/revisions\/1296"}],"wp:attachment":[{"href":"https:\/\/fiscaliaguerrero.gob.mx\/index.php\/wp-json\/wp\/v2\/media?parent=1294"}],"curies":[{"name":"wp","href":"https:\/\/api.w.org\/{rel}","templated":true}]}}