{"id":1339,"date":"2026-03-04T21:04:35","date_gmt":"2026-03-04T20:04:35","guid":{"rendered":"https:\/\/fiscaliaguerrero.gob.mx\/?page_id=1339"},"modified":"2026-03-06T20:15:04","modified_gmt":"2026-03-06T19:15:04","slug":"2022-segundo-trimestre","status":"publish","type":"page","link":"https:\/\/fiscaliaguerrero.gob.mx\/index.php\/2022-segundo-trimestre\/","title":{"rendered":"2022 Segundo Trimestre"},"content":{"rendered":"\n<p class=\"has-contrast-2-color has-text-color has-link-color wp-elements-05d37a9db53842164bddacef28fdc139\">Armonizaci\u00f3n Contable &gt; 2022 Segundo Trimestre<\/p>\n\n\n\n<p class=\"has-text-color has-link-color wp-elements-4c26419d696190801d84a28d0149feea\" style=\"color:#182eda\"><a href=\"https:\/\/fiscaliaguerrero.gob.mx\/index.php\/informacion-contable-2tri-2022\/\">Informaci\u00f3n Contable<\/a><\/p>\n\n\n\n<p class=\"has-text-color has-link-color wp-elements-5ebfff04b69396d5a0cd18dd23e23c56\" style=\"color:#182eda\"><a href=\"https:\/\/fiscaliaguerrero.gob.mx\/index.php\/informacion-presupuestal-2tri-2022\/\">Informaci\u00f3n Presupuestal<\/a><\/p>\n\n\n\n<p class=\"has-text-color has-link-color wp-elements-1b7e7f3eb8a7559b02348e7d35d8fead\" style=\"color:#182eda\"><a href=\"https:\/\/fiscaliaguerrero.gob.mx\/index.php\/informacion-programatica-2tri-2022\/\">Informaci\u00f3n Program\u00e1tica<\/a><\/p>\n\n\n\n<p class=\"has-text-color has-link-color wp-elements-7f6a12802fd827b73cbe502d0fc4d1a4\" style=\"color:#081366\"><a href=\"https:\/\/servicios.fiscaliaguerrero.gob.mx\/armoncontable\/ARMONIZACION_CONTABLE\/2022\/2do%20Trimestre\/EVALUACION_DESEMPENO\/Programa%20Anual%20de%20Evaluaciones.pdf\" data-type=\"link\" data-id=\"https:\/\/servicios.fiscaliaguerrero.gob.mx\/armoncontable\/ARMONIZACION_CONTABLE\/2022\/2do%20Trimestre\/EVALUACION_DESEMPENO\/Programa%20Anual%20de%20Evaluaciones.pdf\"><strong>Programa Anual de Evaluaci\u00f3n<\/strong><\/a><\/p>\n\n\n\n<p class=\"has-text-color has-link-color wp-elements-3f85218008c896bf9f0402ac4e753295\" style=\"color:#081366\"><a href=\"https:\/\/servicios.fiscaliaguerrero.gob.mx\/armoncontable\/ARMONIZACION_CONTABLE\/2022\/2do%20Trimestre\/EVALUACION_DESEMPENO\/Resumen%20Ejecutivo%20de%20Hallazgos.pdf\" data-type=\"link\" data-id=\"https:\/\/servicios.fiscaliaguerrero.gob.mx\/armoncontable\/ARMONIZACION_CONTABLE\/2022\/2do%20Trimestre\/EVALUACION_DESEMPENO\/Resumen%20Ejecutivo%20de%20Hallazgos.pdf\"><strong>Resumen Ejecutivo de Hallazgos<\/strong><\/a><\/p>\n\n\n\n<p><\/p>\n","protected":false},"excerpt":{"rendered":"<p>Armonizaci\u00f3n Contable &gt; 2022 Segundo Trimestre Informaci\u00f3n Contable Informaci\u00f3n Presupuestal Informaci\u00f3n Program\u00e1tica Programa Anual de Evaluaci\u00f3n Resumen Ejecutivo de Hallazgos<\/p>\n","protected":false},"author":2,"featured_media":0,"parent":0,"menu_order":0,"comment_status":"closed","ping_status":"closed","template":"","meta":{"footnotes":""},"class_list":["post-1339","page","type-page","status-publish","hentry"],"_links":{"self":[{"href":"https:\/\/fiscaliaguerrero.gob.mx\/index.php\/wp-json\/wp\/v2\/pages\/1339","targetHints":{"allow":["GET"]}}],"collection":[{"href":"https:\/\/fiscaliaguerrero.gob.mx\/index.php\/wp-json\/wp\/v2\/pages"}],"about":[{"href":"https:\/\/fiscaliaguerrero.gob.mx\/index.php\/wp-json\/wp\/v2\/types\/page"}],"author":[{"embeddable":true,"href":"https:\/\/fiscaliaguerrero.gob.mx\/index.php\/wp-json\/wp\/v2\/users\/2"}],"replies":[{"embeddable":true,"href":"https:\/\/fiscaliaguerrero.gob.mx\/index.php\/wp-json\/wp\/v2\/comments?post=1339"}],"version-history":[{"count":3,"href":"https:\/\/fiscaliaguerrero.gob.mx\/index.php\/wp-json\/wp\/v2\/pages\/1339\/revisions"}],"predecessor-version":[{"id":1520,"href":"https:\/\/fiscaliaguerrero.gob.mx\/index.php\/wp-json\/wp\/v2\/pages\/1339\/revisions\/1520"}],"wp:attachment":[{"href":"https:\/\/fiscaliaguerrero.gob.mx\/index.php\/wp-json\/wp\/v2\/media?parent=1339"}],"curies":[{"name":"wp","href":"https:\/\/api.w.org\/{rel}","templated":true}]}}