{"id":1350,"date":"2026-03-04T21:16:47","date_gmt":"2026-03-04T20:16:47","guid":{"rendered":"https:\/\/fiscaliaguerrero.gob.mx\/?page_id=1350"},"modified":"2026-03-06T20:16:30","modified_gmt":"2026-03-06T19:16:30","slug":"2026-cuarto-trimestre","status":"publish","type":"page","link":"https:\/\/fiscaliaguerrero.gob.mx\/index.php\/2026-cuarto-trimestre\/","title":{"rendered":"2026 Cuarto Trimestre"},"content":{"rendered":"\n<p class=\"has-contrast-2-color has-text-color has-link-color wp-elements-03dd1365d1d5ea6d3ee9763de42fd3b4\">Armonizaci\u00f3n Contable &gt; 2022 Cuarto Trimestre<\/p>\n\n\n\n<p class=\"has-text-color has-link-color wp-elements-354f959ae6555da034b8c104f82a7078\" style=\"color:#182eda\"><a href=\"https:\/\/fiscaliaguerrero.gob.mx\/index.php\/informacion-contable-4tri-2022\/\">Informaci\u00f3n Contable<\/a><\/p>\n\n\n\n<p class=\"has-text-color has-link-color wp-elements-26a53827fffdd95fd949d990870d6519\" style=\"color:#182eda\"><a href=\"https:\/\/fiscaliaguerrero.gob.mx\/index.php\/informacion-presupuestal-4tri-2022\/\">Informaci\u00f3n Presupuestal<\/a><\/p>\n\n\n\n<p class=\"has-text-color has-link-color wp-elements-0eae6f58083226ca544bacb99cad202e\" style=\"color:#182eda\"><a href=\"https:\/\/fiscaliaguerrero.gob.mx\/index.php\/informacion-programatica-4tri-2022\/\">Informaci\u00f3n Program\u00e1tica<\/a><\/p>\n\n\n\n<p class=\"has-text-color has-link-color wp-elements-cfbd77aa028f81efcaa3945f966415db\" style=\"color:#081366\"><a href=\"https:\/\/fiscaliaguerrero.gob.mx\/index.php\/ley-de-disciplina-financiera-4tri-2022\/\"><strong>Ley de Disciplina Financiera<\/strong><\/a><\/p>\n\n\n\n<p class=\"has-text-color has-link-color wp-elements-b8a5759d719f20a608f2d21329271d25\" style=\"color:#081366\"><a href=\"https:\/\/servicios.fiscaliaguerrero.gob.mx\/armoncontable\/ARMONIZACION_CONTABLE\/2022\/4to%20Trimestre\/PROGRAMA%20ANUAL%20DE%20EVALUACION%202022.pdf\" data-type=\"link\" data-id=\"https:\/\/servicios.fiscaliaguerrero.gob.mx\/armoncontable\/ARMONIZACION_CONTABLE\/2022\/4to%20Trimestre\/PROGRAMA%20ANUAL%20DE%20EVALUACION%202022.pdf\"><strong>Programa Anual de Evaluaci\u00f3n<\/strong><\/a><\/p>\n\n\n\n<p class=\"has-text-color has-link-color wp-elements-20c73d79bd7190d9cf14b5e865c3c853\" style=\"color:#081366\"><a href=\"https:\/\/servicios.fiscaliaguerrero.gob.mx\/armoncontable\/ARMONIZACION_CONTABLE\/2022\/4to%20Trimestre\/RESUMEN%20DE%20HALLAZGOS%202022.pdf\" data-type=\"link\" data-id=\"https:\/\/servicios.fiscaliaguerrero.gob.mx\/armoncontable\/ARMONIZACION_CONTABLE\/2022\/4to%20Trimestre\/RESUMEN%20DE%20HALLAZGOS%202022.pdf\"><strong>Resumen Ejecutivo de Hallazgos<\/strong><\/a><\/p>\n\n\n\n<p><\/p>\n","protected":false},"excerpt":{"rendered":"<p>Armonizaci\u00f3n Contable &gt; 2022 Cuarto Trimestre Informaci\u00f3n Contable Informaci\u00f3n Presupuestal Informaci\u00f3n Program\u00e1tica Ley de Disciplina Financiera Programa Anual de Evaluaci\u00f3n Resumen Ejecutivo de Hallazgos<\/p>\n","protected":false},"author":2,"featured_media":0,"parent":0,"menu_order":0,"comment_status":"closed","ping_status":"closed","template":"","meta":{"footnotes":""},"class_list":["post-1350","page","type-page","status-publish","hentry"],"_links":{"self":[{"href":"https:\/\/fiscaliaguerrero.gob.mx\/index.php\/wp-json\/wp\/v2\/pages\/1350","targetHints":{"allow":["GET"]}}],"collection":[{"href":"https:\/\/fiscaliaguerrero.gob.mx\/index.php\/wp-json\/wp\/v2\/pages"}],"about":[{"href":"https:\/\/fiscaliaguerrero.gob.mx\/index.php\/wp-json\/wp\/v2\/types\/page"}],"author":[{"embeddable":true,"href":"https:\/\/fiscaliaguerrero.gob.mx\/index.php\/wp-json\/wp\/v2\/users\/2"}],"replies":[{"embeddable":true,"href":"https:\/\/fiscaliaguerrero.gob.mx\/index.php\/wp-json\/wp\/v2\/comments?post=1350"}],"version-history":[{"count":4,"href":"https:\/\/fiscaliaguerrero.gob.mx\/index.php\/wp-json\/wp\/v2\/pages\/1350\/revisions"}],"predecessor-version":[{"id":1523,"href":"https:\/\/fiscaliaguerrero.gob.mx\/index.php\/wp-json\/wp\/v2\/pages\/1350\/revisions\/1523"}],"wp:attachment":[{"href":"https:\/\/fiscaliaguerrero.gob.mx\/index.php\/wp-json\/wp\/v2\/media?parent=1350"}],"curies":[{"name":"wp","href":"https:\/\/api.w.org\/{rel}","templated":true}]}}