{"id":1354,"date":"2026-03-04T21:33:38","date_gmt":"2026-03-04T20:33:38","guid":{"rendered":"https:\/\/fiscaliaguerrero.gob.mx\/?page_id=1354"},"modified":"2026-03-06T20:10:35","modified_gmt":"2026-03-06T19:10:35","slug":"2023-segundo-trimestre","status":"publish","type":"page","link":"https:\/\/fiscaliaguerrero.gob.mx\/index.php\/2023-segundo-trimestre\/","title":{"rendered":"2023 Segundo Trimestre"},"content":{"rendered":"\n<p class=\"has-contrast-2-color has-text-color has-link-color wp-elements-30d9bed5caef064ddca63b41d1c87861\">Armonizaci\u00f3n Contable &gt; 2023 Segundo Trimestre<\/p>\n\n\n\n<p class=\"has-text-color has-link-color wp-elements-77c6c65c36319612b36690b2e90461f1\" style=\"color:#182eda\"><a href=\"https:\/\/fiscaliaguerrero.gob.mx\/index.php\/informacion-contable-2tri-2023\/\">Informaci\u00f3n Contable<\/a><\/p>\n\n\n\n<p class=\"has-text-color has-link-color wp-elements-d4609ab9148f5a9383fe979dac26838d\" style=\"color:#182eda\"><a href=\"https:\/\/fiscaliaguerrero.gob.mx\/index.php\/informacion-presupuestal-2tri-2023\/\">Informaci\u00f3n Presupuestal<\/a><\/p>\n\n\n\n<p class=\"has-text-color has-link-color wp-elements-00079f887c0564021fef2a1100c5dcfd\" style=\"color:#182eda\"><a href=\"https:\/\/fiscaliaguerrero.gob.mx\/index.php\/informacion-programatica-2tri-2023\/\">Informaci\u00f3n Program\u00e1tica<\/a><\/p>\n\n\n\n<p class=\"has-text-color has-link-color wp-elements-8baf640b994851d08a6e82f122fe6eb3\" style=\"color:#081366\"><a href=\"https:\/\/fiscaliaguerrero.gob.mx\/index.php\/ley-de-disciplina-financiera-2tri-2023\/\" data-type=\"link\" data-id=\"https:\/\/fiscaliaguerrero.gob.mx\/index.php\/ley-de-disciplina-financiera-2tri-2023\/\"><strong>Ley de Disciplina Financiera<\/strong><\/a><\/p>\n\n\n\n<p class=\"has-text-color has-link-color wp-elements-b8bf6586de04d0a88a41a8717ab7c6bc\" style=\"color:#081366\"><a href=\"https:\/\/servicios.fiscaliaguerrero.gob.mx\/armoncontable\/ARMONIZACION_CONTABLE\/2023\/2do%20Trimestre\/2tri\/PROGRAMA%20ANUAL%20DE%20EVALUACION%202023.pdf\" data-type=\"link\" data-id=\"https:\/\/servicios.fiscaliaguerrero.gob.mx\/armoncontable\/ARMONIZACION_CONTABLE\/2023\/2do%20Trimestre\/2tri\/PROGRAMA%20ANUAL%20DE%20EVALUACION%202023.pdf\"><strong>Programa Anual de Evaluaci\u00f3n<\/strong><\/a><\/p>\n\n\n\n<p class=\"has-text-color has-link-color wp-elements-47a24e72e6d4fc9e436002b2566f02cc\" style=\"color:#081366\"><a href=\"https:\/\/servicios.fiscaliaguerrero.gob.mx\/armoncontable\/ARMONIZACION_CONTABLE\/2023\/2do%20Trimestre\/2tri\/RESUMEN%20DE%20HALLAZGOS%202023.pdf\" data-type=\"link\" data-id=\"https:\/\/servicios.fiscaliaguerrero.gob.mx\/armoncontable\/ARMONIZACION_CONTABLE\/2023\/2do%20Trimestre\/2tri\/RESUMEN%20DE%20HALLAZGOS%202023.pdf\"><strong>Resumen de Hallazgos<\/strong><\/a><\/p>\n\n\n\n<p><\/p>\n","protected":false},"excerpt":{"rendered":"<p>Armonizaci\u00f3n Contable &gt; 2023 Segundo Trimestre Informaci\u00f3n Contable Informaci\u00f3n Presupuestal Informaci\u00f3n Program\u00e1tica Ley de Disciplina Financiera Programa Anual de Evaluaci\u00f3n Resumen de Hallazgos<\/p>\n","protected":false},"author":2,"featured_media":0,"parent":0,"menu_order":0,"comment_status":"closed","ping_status":"closed","template":"","meta":{"footnotes":""},"class_list":["post-1354","page","type-page","status-publish","hentry"],"_links":{"self":[{"href":"https:\/\/fiscaliaguerrero.gob.mx\/index.php\/wp-json\/wp\/v2\/pages\/1354","targetHints":{"allow":["GET"]}}],"collection":[{"href":"https:\/\/fiscaliaguerrero.gob.mx\/index.php\/wp-json\/wp\/v2\/pages"}],"about":[{"href":"https:\/\/fiscaliaguerrero.gob.mx\/index.php\/wp-json\/wp\/v2\/types\/page"}],"author":[{"embeddable":true,"href":"https:\/\/fiscaliaguerrero.gob.mx\/index.php\/wp-json\/wp\/v2\/users\/2"}],"replies":[{"embeddable":true,"href":"https:\/\/fiscaliaguerrero.gob.mx\/index.php\/wp-json\/wp\/v2\/comments?post=1354"}],"version-history":[{"count":3,"href":"https:\/\/fiscaliaguerrero.gob.mx\/index.php\/wp-json\/wp\/v2\/pages\/1354\/revisions"}],"predecessor-version":[{"id":1514,"href":"https:\/\/fiscaliaguerrero.gob.mx\/index.php\/wp-json\/wp\/v2\/pages\/1354\/revisions\/1514"}],"wp:attachment":[{"href":"https:\/\/fiscaliaguerrero.gob.mx\/index.php\/wp-json\/wp\/v2\/media?parent=1354"}],"curies":[{"name":"wp","href":"https:\/\/api.w.org\/{rel}","templated":true}]}}