{"id":1363,"date":"2026-03-04T21:42:01","date_gmt":"2026-03-04T20:42:01","guid":{"rendered":"https:\/\/fiscaliaguerrero.gob.mx\/?page_id=1363"},"modified":"2026-03-06T20:13:10","modified_gmt":"2026-03-06T19:13:10","slug":"2023-cuarto-trimestre","status":"publish","type":"page","link":"https:\/\/fiscaliaguerrero.gob.mx\/index.php\/2023-cuarto-trimestre\/","title":{"rendered":"2023 Cuarto Trimestre"},"content":{"rendered":"\n<p class=\"has-contrast-2-color has-text-color has-link-color wp-elements-022fa80034c63ffcabd8858e361368de\">Armonizaci\u00f3n Contable &gt; 2023 Cuarto Trimestre<\/p>\n\n\n\n<p class=\"has-text-color has-link-color wp-elements-99017055bc0ca3b84f9f308139ffeaab\" style=\"color:#182eda\"><a href=\"https:\/\/fiscaliaguerrero.gob.mx\/index.php\/informacion-contable-4tri-2023\/\">Informaci\u00f3n Contable<\/a><\/p>\n\n\n\n<p class=\"has-text-color has-link-color wp-elements-d19f6167518e6162773f4c10e07edfdb\" style=\"color:#182eda\"><a href=\"https:\/\/fiscaliaguerrero.gob.mx\/index.php\/informacion-presupuestal-4tri-2023\/\">Informaci\u00f3n Presupuestal<\/a><\/p>\n\n\n\n<p class=\"has-text-color has-link-color wp-elements-87a4d337ef7dc9d3533377ada95c34fe\" style=\"color:#182eda\"><a href=\"https:\/\/fiscaliaguerrero.gob.mx\/index.php\/informacion-programatica-4tri-2023\/\">Informaci\u00f3n Program\u00e1tica<\/a><\/p>\n\n\n\n<p class=\"has-text-color has-link-color wp-elements-3add461a3fea74e70f6333b8e71c0c79\" style=\"color:#081366\"><a href=\"https:\/\/fiscaliaguerrero.gob.mx\/index.php\/ley-de-disciplina-financiera-4tri-2023\/\"><strong>Ley de Disciplina Financiera<\/strong><\/a><\/p>\n\n\n\n<p class=\"has-text-color has-link-color wp-elements-1f25177e2410e0db415188e6fd011520\" style=\"color:#081366\"><a href=\"https:\/\/servicios.fiscaliaguerrero.gob.mx\/armoncontable\/ARMONIZACION_CONTABLE\/2023\/4to%20Trimestre\/4tri\/RESUMEN%202023.pdf\" data-type=\"link\" data-id=\"https:\/\/servicios.fiscaliaguerrero.gob.mx\/armoncontable\/ARMONIZACION_CONTABLE\/2023\/4to%20Trimestre\/4tri\/RESUMEN%202023.pdf\"><strong>Resumen Hallazgos 1 Semestre<\/strong><\/a><\/p>\n\n\n\n<p class=\"has-text-color has-link-color wp-elements-fc46d0209b063665dda80be133dbb81d\" style=\"color:#081366\"><a href=\"https:\/\/servicios.fiscaliaguerrero.gob.mx\/armoncontable\/ARMONIZACION_CONTABLE\/2023\/4to%20Trimestre\/4tri\/RESUMEN%202023.pdf\" data-type=\"link\" data-id=\"https:\/\/servicios.fiscaliaguerrero.gob.mx\/armoncontable\/ARMONIZACION_CONTABLE\/2023\/4to%20Trimestre\/4tri\/RESUMEN%202023.pdf\"><strong>Resumen de Hallazgos 2 Semestre<\/strong><\/a><\/p>\n\n\n\n<p class=\"has-text-color has-link-color wp-elements-716588a44d1d24d60551c362458bb63e\" style=\"color:#081366\"><a href=\"https:\/\/servicios.fiscaliaguerrero.gob.mx\/armoncontable\/ARMONIZACION_CONTABLE\/2023\/4to%20Trimestre\/4tri\/programa_AE2023.pdf\" data-type=\"link\" data-id=\"https:\/\/servicios.fiscaliaguerrero.gob.mx\/armoncontable\/ARMONIZACION_CONTABLE\/2023\/4to%20Trimestre\/4tri\/programa_AE2023.pdf\"><strong>Programa Anual de Evaluaci\u00f3n<\/strong><\/a><\/p>\n\n\n\n<p><\/p>\n","protected":false},"excerpt":{"rendered":"<p>Armonizaci\u00f3n Contable &gt; 2023 Cuarto Trimestre Informaci\u00f3n Contable Informaci\u00f3n Presupuestal Informaci\u00f3n Program\u00e1tica Ley de Disciplina Financiera Resumen Hallazgos 1 Semestre Resumen de Hallazgos 2 Semestre Programa Anual de Evaluaci\u00f3n<\/p>\n","protected":false},"author":2,"featured_media":0,"parent":0,"menu_order":0,"comment_status":"closed","ping_status":"closed","template":"","meta":{"footnotes":""},"class_list":["post-1363","page","type-page","status-publish","hentry"],"_links":{"self":[{"href":"https:\/\/fiscaliaguerrero.gob.mx\/index.php\/wp-json\/wp\/v2\/pages\/1363","targetHints":{"allow":["GET"]}}],"collection":[{"href":"https:\/\/fiscaliaguerrero.gob.mx\/index.php\/wp-json\/wp\/v2\/pages"}],"about":[{"href":"https:\/\/fiscaliaguerrero.gob.mx\/index.php\/wp-json\/wp\/v2\/types\/page"}],"author":[{"embeddable":true,"href":"https:\/\/fiscaliaguerrero.gob.mx\/index.php\/wp-json\/wp\/v2\/users\/2"}],"replies":[{"embeddable":true,"href":"https:\/\/fiscaliaguerrero.gob.mx\/index.php\/wp-json\/wp\/v2\/comments?post=1363"}],"version-history":[{"count":4,"href":"https:\/\/fiscaliaguerrero.gob.mx\/index.php\/wp-json\/wp\/v2\/pages\/1363\/revisions"}],"predecessor-version":[{"id":1518,"href":"https:\/\/fiscaliaguerrero.gob.mx\/index.php\/wp-json\/wp\/v2\/pages\/1363\/revisions\/1518"}],"wp:attachment":[{"href":"https:\/\/fiscaliaguerrero.gob.mx\/index.php\/wp-json\/wp\/v2\/media?parent=1363"}],"curies":[{"name":"wp","href":"https:\/\/api.w.org\/{rel}","templated":true}]}}