{"id":1377,"date":"2026-03-04T21:54:40","date_gmt":"2026-03-04T20:54:40","guid":{"rendered":"https:\/\/fiscaliaguerrero.gob.mx\/?page_id=1377"},"modified":"2026-03-06T20:08:43","modified_gmt":"2026-03-06T19:08:43","slug":"2024-cuarto-trimestre","status":"publish","type":"page","link":"https:\/\/fiscaliaguerrero.gob.mx\/index.php\/2024-cuarto-trimestre\/","title":{"rendered":"2024 Cuarto Trimestre"},"content":{"rendered":"\n<p class=\"has-contrast-2-color has-text-color has-link-color wp-elements-8c24bc5158f44f9c9b1ef53dba2ea05b\">Armonizaci\u00f3n Contable &gt; 2024 Cuarto Trimestre<\/p>\n\n\n\n<p class=\"has-text-color has-link-color wp-elements-5bb477364df716bb0bb6bb4574105bc3\" style=\"color:#182eda\"><a href=\"https:\/\/fiscaliaguerrero.gob.mx\/index.php\/informacion-contable-4tri-2024\/\">Informaci\u00f3n Contable<\/a><\/p>\n\n\n\n<p class=\"has-text-color has-link-color wp-elements-7f309426fc849456313ac7ebdc05d9bc\" style=\"color:#182eda\"><a href=\"https:\/\/fiscaliaguerrero.gob.mx\/index.php\/informacion-presupuestal-4tri-2024\/\">Informaci\u00f3n Presupuestal<\/a><\/p>\n\n\n\n<p class=\"has-text-color has-link-color wp-elements-899d881740c39c6397b2b4bbbad85304\" style=\"color:#182eda\"><a href=\"https:\/\/fiscaliaguerrero.gob.mx\/index.php\/informacion-programatica-4tri-2024\/\">Informaci\u00f3n Program\u00e1tica<\/a><\/p>\n\n\n\n<p class=\"has-text-color has-link-color wp-elements-a503824654d7e790e58c2802d8012885\" style=\"color:#081366\"><a href=\"https:\/\/fiscaliaguerrero.gob.mx\/index.php\/ley-de-disciplina-financiera-4tri-2024\/\"><strong>Ley de Disciplina Financiera<\/strong><\/a><\/p>\n\n\n\n<p class=\"has-text-color has-link-color wp-elements-e1a3a52f2ceb09c336624dda39b36eeb\" style=\"color:#081366\"><a href=\"https:\/\/servicios.fiscaliaguerrero.gob.mx\/armoncontable\/ARMONIZACION_CONTABLE\/2024\/4TRI2024\/resumen_ejecutivo_2025.pdf\" data-type=\"link\" data-id=\"https:\/\/servicios.fiscaliaguerrero.gob.mx\/armoncontable\/ARMONIZACION_CONTABLE\/2024\/4TRI2024\/resumen_ejecutivo_2025.pdf\"><strong>Resumen Ejecutivo<\/strong><\/a><\/p>\n\n\n\n<p><\/p>\n","protected":false},"excerpt":{"rendered":"<p>Armonizaci\u00f3n Contable &gt; 2024 Cuarto Trimestre Informaci\u00f3n Contable Informaci\u00f3n Presupuestal Informaci\u00f3n Program\u00e1tica Ley de Disciplina Financiera Resumen Ejecutivo<\/p>\n","protected":false},"author":2,"featured_media":0,"parent":0,"menu_order":0,"comment_status":"closed","ping_status":"closed","template":"","meta":{"footnotes":""},"class_list":["post-1377","page","type-page","status-publish","hentry"],"_links":{"self":[{"href":"https:\/\/fiscaliaguerrero.gob.mx\/index.php\/wp-json\/wp\/v2\/pages\/1377","targetHints":{"allow":["GET"]}}],"collection":[{"href":"https:\/\/fiscaliaguerrero.gob.mx\/index.php\/wp-json\/wp\/v2\/pages"}],"about":[{"href":"https:\/\/fiscaliaguerrero.gob.mx\/index.php\/wp-json\/wp\/v2\/types\/page"}],"author":[{"embeddable":true,"href":"https:\/\/fiscaliaguerrero.gob.mx\/index.php\/wp-json\/wp\/v2\/users\/2"}],"replies":[{"embeddable":true,"href":"https:\/\/fiscaliaguerrero.gob.mx\/index.php\/wp-json\/wp\/v2\/comments?post=1377"}],"version-history":[{"count":3,"href":"https:\/\/fiscaliaguerrero.gob.mx\/index.php\/wp-json\/wp\/v2\/pages\/1377\/revisions"}],"predecessor-version":[{"id":1512,"href":"https:\/\/fiscaliaguerrero.gob.mx\/index.php\/wp-json\/wp\/v2\/pages\/1377\/revisions\/1512"}],"wp:attachment":[{"href":"https:\/\/fiscaliaguerrero.gob.mx\/index.php\/wp-json\/wp\/v2\/media?parent=1377"}],"curies":[{"name":"wp","href":"https:\/\/api.w.org\/{rel}","templated":true}]}}