{"id":1461,"date":"2026-03-06T17:04:46","date_gmt":"2026-03-06T16:04:46","guid":{"rendered":"https:\/\/fiscaliaguerrero.gob.mx\/?page_id=1461"},"modified":"2026-03-06T20:20:04","modified_gmt":"2026-03-06T19:20:04","slug":"2020-cuarto-trimestre","status":"publish","type":"page","link":"https:\/\/fiscaliaguerrero.gob.mx\/index.php\/2020-cuarto-trimestre\/","title":{"rendered":"2020 Cuarto Trimestre"},"content":{"rendered":"\n<p class=\"has-contrast-2-color has-text-color has-link-color wp-elements-a55394592d470e71a9c8ceb280bcf15a\">Armonizaci\u00f3n Contable &gt; 2020 Cuarto Trimestre<\/p>\n\n\n\n<p class=\"has-text-color has-link-color wp-elements-c227b5af4958c13df5db4ef3b833d631\" style=\"color:#182eda\"><a href=\"https:\/\/fiscaliaguerrero.gob.mx\/index.php\/informacion-contable-4tri-2020\/\">Informaci\u00f3n Contable<\/a><\/p>\n\n\n\n<p class=\"has-text-color has-link-color wp-elements-ae903b63739ebb1dca000757177d53e7\" style=\"color:#182eda\"><a href=\"https:\/\/fiscaliaguerrero.gob.mx\/index.php\/informacion-presupuestal-4tri-2020\/\">Informaci\u00f3n Presupuestal<\/a><\/p>\n\n\n\n<p class=\"has-text-color has-link-color wp-elements-0ff1f104a35158edefc259c8e936ca33\" style=\"color:#182eda\"><a href=\"https:\/\/fiscaliaguerrero.gob.mx\/index.php\/informacion-programatica-4tri-2020\/\">Informaci\u00f3n Program\u00e1tica<\/a><\/p>\n\n\n\n<p class=\"has-text-color has-link-color wp-elements-99364ad30ecb38d43b3255cb72947c09\" style=\"color:#081366\"><a href=\"https:\/\/servicios.fiscaliaguerrero.gob.mx\/armoncontable\/ARMONIZACION_CONTABLE\/2020\/4to%20Trimestre\/4_TRI\/PROGRAMA%20ANUAL%20DE%20TRABAJO%20DE%20EVALUACI%C3%93N%202020.pdf\" data-type=\"link\" data-id=\"https:\/\/servicios.fiscaliaguerrero.gob.mx\/armoncontable\/ARMONIZACION_CONTABLE\/2020\/4to%20Trimestre\/4_TRI\/PROGRAMA%20ANUAL%20DE%20TRABAJO%20DE%20EVALUACI%C3%93N%202020.pdf\"><strong>Programa Anual de Evaluaci\u00f3n<\/strong><\/a><\/p>\n\n\n\n<p class=\"has-text-color has-link-color wp-elements-eb0eb3b3094d7156a5daa1ee5b7c1312\" style=\"color:#081366\"><a href=\"https:\/\/servicios.fiscaliaguerrero.gob.mx\/armoncontable\/ARMONIZACION_CONTABLE\/2020\/4to%20Trimestre\/4_TRI\/4.7.9.2%20RESUMEN%20EJECUTIVO%20DE%20HALLAZGOS%202020.pdf\" data-type=\"link\" data-id=\"https:\/\/servicios.fiscaliaguerrero.gob.mx\/armoncontable\/ARMONIZACION_CONTABLE\/2020\/4to%20Trimestre\/4_TRI\/4.7.9.2%20RESUMEN%20EJECUTIVO%20DE%20HALLAZGOS%202020.pdf\"><strong>Resumen Ejecutivo de Hallazgos<\/strong><\/a><\/p>\n\n\n\n<p class=\"has-text-color has-link-color wp-elements-e72c6394c9de7e525daeb15320864e86\" style=\"color:#081366\"><a href=\"https:\/\/servicios.fiscaliaguerrero.gob.mx\/armoncontable\/ARMONIZACION_CONTABLE\/2020\/4to%20Trimestre\/4_TRI\/RESUMEN%20DE%20HALLAZGOS.pdf\" data-type=\"link\" data-id=\"https:\/\/servicios.fiscaliaguerrero.gob.mx\/armoncontable\/ARMONIZACION_CONTABLE\/2020\/4to%20Trimestre\/4_TRI\/RESUMEN%20DE%20HALLAZGOS.pdf\"><strong>Resumen de Hallazgos<\/strong><\/a><\/p>\n\n\n\n<p><\/p>\n","protected":false},"excerpt":{"rendered":"<p>Armonizaci\u00f3n Contable &gt; 2020 Cuarto Trimestre Informaci\u00f3n Contable Informaci\u00f3n Presupuestal Informaci\u00f3n Program\u00e1tica Programa Anual de Evaluaci\u00f3n Resumen Ejecutivo de Hallazgos Resumen de Hallazgos<\/p>\n","protected":false},"author":2,"featured_media":0,"parent":0,"menu_order":0,"comment_status":"closed","ping_status":"closed","template":"","meta":{"footnotes":""},"class_list":["post-1461","page","type-page","status-publish","hentry"],"_links":{"self":[{"href":"https:\/\/fiscaliaguerrero.gob.mx\/index.php\/wp-json\/wp\/v2\/pages\/1461","targetHints":{"allow":["GET"]}}],"collection":[{"href":"https:\/\/fiscaliaguerrero.gob.mx\/index.php\/wp-json\/wp\/v2\/pages"}],"about":[{"href":"https:\/\/fiscaliaguerrero.gob.mx\/index.php\/wp-json\/wp\/v2\/types\/page"}],"author":[{"embeddable":true,"href":"https:\/\/fiscaliaguerrero.gob.mx\/index.php\/wp-json\/wp\/v2\/users\/2"}],"replies":[{"embeddable":true,"href":"https:\/\/fiscaliaguerrero.gob.mx\/index.php\/wp-json\/wp\/v2\/comments?post=1461"}],"version-history":[{"count":3,"href":"https:\/\/fiscaliaguerrero.gob.mx\/index.php\/wp-json\/wp\/v2\/pages\/1461\/revisions"}],"predecessor-version":[{"id":1525,"href":"https:\/\/fiscaliaguerrero.gob.mx\/index.php\/wp-json\/wp\/v2\/pages\/1461\/revisions\/1525"}],"wp:attachment":[{"href":"https:\/\/fiscaliaguerrero.gob.mx\/index.php\/wp-json\/wp\/v2\/media?parent=1461"}],"curies":[{"name":"wp","href":"https:\/\/api.w.org\/{rel}","templated":true}]}}