{"id":2033,"date":"2026-04-13T22:39:16","date_gmt":"2026-04-13T20:39:16","guid":{"rendered":"https:\/\/fiscaliaguerrero.gob.mx\/?page_id=2033"},"modified":"2026-04-16T00:18:41","modified_gmt":"2026-04-15T22:18:41","slug":"aviso-de-privacidad","status":"publish","type":"page","link":"https:\/\/fiscaliaguerrero.gob.mx\/index.php\/aviso-de-privacidad\/","title":{"rendered":"AVISO DE PRIVACIDAD"},"content":{"rendered":"\n<div class=\"wp-block-cover alignwide is-light has-small-font-size\" style=\"border-style:none;border-width:0px;border-top-left-radius:0px;border-top-right-radius:0px;border-bottom-left-radius:0px;border-bottom-right-radius:0px;min-height:50px;aspect-ratio:unset;\"><span aria-hidden=\"true\" class=\"wp-block-cover__background has-base-2-background-color has-background-dim-0 has-background-dim\"><\/span><div class=\"wp-block-cover__inner-container is-layout-flow wp-block-cover-is-layout-flow\">\n<p class=\"has-text-align-left has-contrast-2-color has-text-color has-link-color wp-elements-d8c9da3ad0b0e33c0199765e08fd82e8\" style=\"padding-right:0px;padding-left:0px;font-size:0.8rem\">Inicio &gt; Avisos de Privacidad: UNIDAD DE TRANSPARENCIA Y ACCESO A LA INFORMACI\u00d3N P\u00daBLICA<\/p>\n<\/div><\/div>\n\n\n\n<div class=\"wp-block-cover alignwide is-light\" style=\"min-height:564px;aspect-ratio:unset;\"><span aria-hidden=\"true\" class=\"wp-block-cover__background has-base-background-color has-background-dim-100 has-background-dim\"><\/span><div class=\"wp-block-cover__inner-container has-global-padding is-layout-constrained wp-block-cover-is-layout-constrained\">\n<div class=\"wp-block-columns alignwide is-layout-flex wp-container-core-columns-is-layout-28f84493 wp-block-columns-is-layout-flex\">\n<div class=\"wp-block-column is-layout-flow wp-block-column-is-layout-flow\">\n<div id=\"section-g-svmkyjg\" class=\"wp-block-gutentor-e2 section-g-svmkyjg gutentor-element gutentor-element-button\"><span class=\"gutentor-button-wrap\"><a class=\"gutentor-button gutentor-block-button gutentor-icon-before\" href=\"https:\/\/fiscaliaguerrero.gob.mx\/index.php\/aviso-de-privacidad-simplificado\/\"><i class=\"gutentor-button-icon fas fa-user-shield\"><\/i><span><strong>Aviso de Privacidad Simplificado<\/strong><br>Se recabar\u00e1n los datos que el solicitante proporcione de manera voluntaria (si as\u00ed lo decide) a la Unidad de Transparencia y Acceso a la informaci\u00f3n P\u00fablica o le sean requeridos para la adecuada&#8230;<\/span><\/a><\/span><\/div>\n<\/div>\n\n\n\n<div class=\"wp-block-column is-layout-flow wp-block-column-is-layout-flow\">\n<div id=\"section-g-9cxynxx\" class=\"wp-block-gutentor-e2 section-g-9cxynxx gutentor-element gutentor-element-button\"><span class=\"gutentor-button-wrap\"><a class=\"gutentor-button gutentor-block-button gutentor-icon-before\" href=\"https:\/\/fiscaliaguerrero.gob.mx\/index.php\/aviso-de-privacidad-integral\/\"><i class=\"gutentor-button-icon fas fa-user-shield\"><\/i><span><strong>Aviso de Privacidad Integral<\/strong><br>Unidad de Transparencia y Acceso a la informaci\u00f3n P\u00fablica de la Fiscal\u00eda General del Estado de Guerrero, con domicilio en Boulevard Rene Ju\u00e1rez Cisneros, colonia el Potrerito, Chilpancingo de los Bravo&#8230;<\/span><\/a><\/span><\/div>\n<\/div>\n<\/div>\n\n\n\n<div id=\"section-g-d11b01r\" class=\"wp-block-gutentor-e2 section-g-d11b01r gutentor-element gutentor-element-button\"><span class=\"gutentor-button-wrap\"><a class=\"gutentor-button gutentor-block-button gutentor-icon-before\" href=\"https:\/\/fiscaliaguerrero.gob.mx\/index.php\/aviso-de-privacidad-atencion-ciudadana\/\"><i class=\"gutentor-button-icon fas fa-user-shield\"><\/i><span><strong>Aviso de Privacidad &#8211; Atenci\u00f3n Ciudadana<\/strong><br>Direcci\u00f3n General de Atenci\u00f3n Ciudadana de la Fiscal\u00eda General del Estado del Guerrero, con domicilio en Boulevard Ren\u00e9 Ju\u00e1rez Cisneros, esquina con calle Juan Jim\u00e9nez S\u00e1nchez, Col. El Potrerito,Chilpancingo de los Bravo&#8230;<\/span><\/a><\/span><\/div>\n<\/div><\/div>\n","protected":false},"excerpt":{"rendered":"","protected":false},"author":3,"featured_media":0,"parent":0,"menu_order":0,"comment_status":"closed","ping_status":"closed","template":"","meta":{"footnotes":""},"class_list":["post-2033","page","type-page","status-publish","hentry"],"_links":{"self":[{"href":"https:\/\/fiscaliaguerrero.gob.mx\/index.php\/wp-json\/wp\/v2\/pages\/2033","targetHints":{"allow":["GET"]}}],"collection":[{"href":"https:\/\/fiscaliaguerrero.gob.mx\/index.php\/wp-json\/wp\/v2\/pages"}],"about":[{"href":"https:\/\/fiscaliaguerrero.gob.mx\/index.php\/wp-json\/wp\/v2\/types\/page"}],"author":[{"embeddable":true,"href":"https:\/\/fiscaliaguerrero.gob.mx\/index.php\/wp-json\/wp\/v2\/users\/3"}],"replies":[{"embeddable":true,"href":"https:\/\/fiscaliaguerrero.gob.mx\/index.php\/wp-json\/wp\/v2\/comments?post=2033"}],"version-history":[{"count":11,"href":"https:\/\/fiscaliaguerrero.gob.mx\/index.php\/wp-json\/wp\/v2\/pages\/2033\/revisions"}],"predecessor-version":[{"id":2181,"href":"https:\/\/fiscaliaguerrero.gob.mx\/index.php\/wp-json\/wp\/v2\/pages\/2033\/revisions\/2181"}],"wp:attachment":[{"href":"https:\/\/fiscaliaguerrero.gob.mx\/index.php\/wp-json\/wp\/v2\/media?parent=2033"}],"curies":[{"name":"wp","href":"https:\/\/api.w.org\/{rel}","templated":true}]}}