{"id":2416,"date":"2026-04-29T19:17:09","date_gmt":"2026-04-29T17:17:09","guid":{"rendered":"https:\/\/fiscaliaguerrero.gob.mx\/?page_id=2416"},"modified":"2026-04-29T19:24:27","modified_gmt":"2026-04-29T17:24:27","slug":"2026-primer-trimestre","status":"publish","type":"page","link":"https:\/\/fiscaliaguerrero.gob.mx\/index.php\/2026-primer-trimestre\/","title":{"rendered":"2026 Primer Trimestre"},"content":{"rendered":"\n<p class=\"has-contrast-2-color has-text-color has-link-color wp-elements-cb277bc5afa784127193d7ee3ef286c1\">Armonizaci\u00f3n Contable > 2026 Primer Trimestre<\/p>\n\n\n\n<p><strong>Ley de Contabilidad Gubernamental<\/strong><\/p>\n\n\n\n<p><a href=\"https:\/\/fiscaliaguerrero.gob.mx\/index.php\/informacion-contable-1tri-2026\/\" class=\"color-blue\">Informaci\u00f3n Contable<\/a><\/p>\n\n\n\n<p><a href=\"https:\/\/fiscaliaguerrero.gob.mx\/index.php\/informacion-presupuestal-1tri-2026\/\" class=\"color-blue\">Informaci\u00f3n Presupuestal<\/a><\/p>\n\n\n\n<p><a href=\"https:\/\/fiscaliaguerrero.gob.mx\/index.php\/informacion-programatica-1tri-2026\/\" class=\"color-blue\">Informaci\u00f3n Program\u00e1tica<\/a><\/p>\n\n\n\n<p class=\"has-text-color has-link-color wp-elements-0305f8a0204d2026c4c418cdd70ed0a6\" style=\"color:#081366\"><a href=\"https:\/\/fiscaliaguerrero.gob.mx\/index.php\/ley-de-disciplina-financiera-1tri-2026\/\"><strong>Ley de Disciplina Financiera<\/strong><\/a><\/p>\n\n\n\n<p><\/p>\n","protected":false},"excerpt":{"rendered":"<p>Armonizaci\u00f3n Contable > 2026 Primer Trimestre Ley de Contabilidad Gubernamental Informaci\u00f3n Contable Informaci\u00f3n Presupuestal Informaci\u00f3n Program\u00e1tica Ley de Disciplina Financiera<\/p>\n","protected":false},"author":2,"featured_media":0,"parent":0,"menu_order":0,"comment_status":"closed","ping_status":"closed","template":"","meta":{"footnotes":""},"class_list":["post-2416","page","type-page","status-publish","hentry"],"_links":{"self":[{"href":"https:\/\/fiscaliaguerrero.gob.mx\/index.php\/wp-json\/wp\/v2\/pages\/2416","targetHints":{"allow":["GET"]}}],"collection":[{"href":"https:\/\/fiscaliaguerrero.gob.mx\/index.php\/wp-json\/wp\/v2\/pages"}],"about":[{"href":"https:\/\/fiscaliaguerrero.gob.mx\/index.php\/wp-json\/wp\/v2\/types\/page"}],"author":[{"embeddable":true,"href":"https:\/\/fiscaliaguerrero.gob.mx\/index.php\/wp-json\/wp\/v2\/users\/2"}],"replies":[{"embeddable":true,"href":"https:\/\/fiscaliaguerrero.gob.mx\/index.php\/wp-json\/wp\/v2\/comments?post=2416"}],"version-history":[{"count":3,"href":"https:\/\/fiscaliaguerrero.gob.mx\/index.php\/wp-json\/wp\/v2\/pages\/2416\/revisions"}],"predecessor-version":[{"id":2431,"href":"https:\/\/fiscaliaguerrero.gob.mx\/index.php\/wp-json\/wp\/v2\/pages\/2416\/revisions\/2431"}],"wp:attachment":[{"href":"https:\/\/fiscaliaguerrero.gob.mx\/index.php\/wp-json\/wp\/v2\/media?parent=2416"}],"curies":[{"name":"wp","href":"https:\/\/api.w.org\/{rel}","templated":true}]}}