{"id":2417,"date":"2026-04-29T19:01:31","date_gmt":"2026-04-29T17:01:31","guid":{"rendered":"https:\/\/fiscaliaguerrero.gob.mx\/?page_id=2417"},"modified":"2026-04-29T19:24:17","modified_gmt":"2026-04-29T17:24:17","slug":"informacion-contable-1tri-2026","status":"publish","type":"page","link":"https:\/\/fiscaliaguerrero.gob.mx\/index.php\/informacion-contable-1tri-2026\/","title":{"rendered":"Informaci\u00f3n Contable 1Tri 2026"},"content":{"rendered":"\n<p class=\"has-contrast-2-color has-text-color has-link-color wp-elements-fa3281af544415c3b047a39cbde361d6\">Armonizaci\u00f3n Contable > 2026 Primer Trimestre > Informaci\u00f3n Contable<\/p>\n\n\n\n<figure class=\"wp-block-table alignwide\"><table class=\"has-contrast-2-color has-text-color has-link-color has-fixed-layout\"><tbody><tr><td>Estado de Actividades<br>EA_GRO_FGE_01_26<\/td><td class=\"has-text-align-center\" data-align=\"center\"><a href=\"https:\/\/servicios.fiscaliaguerrero.gob.mx\/armoncontable\/ARMONIZACION_CONTABLE\/2026\/1TRI\/INFORMACION%20CONTABLE\/EA_GRO_FGE_01_26.pdf\" data-type=\"link\" data-id=\"https:\/\/servicios.fiscaliaguerrero.gob.mx\/armoncontable\/ARMONIZACION_CONTABLE\/2026\/1TRI\/INFORMACION%20CONTABLE\/EA_GRO_FGE_01_26.pdf\" target=\"_blank\" rel=\"noreferrer noopener\"><img loading=\"lazy\" decoding=\"async\" width=\"60\" height=\"74\" src=\"https:\/\/fiscaliaguerrero.gob.mx\/wp-content\/uploads\/2026\/02\/pdf.ico\" alt=\"\"><\/a><\/td><td class=\"has-text-align-center\" data-align=\"center\"><a href=\"https:\/\/servicios.fiscaliaguerrero.gob.mx\/armoncontable\/ARMONIZACION_CONTABLE\/2026\/1TRI\/INFORMACION%20CONTABLE\/EA_GRO_FGE_01_26.xls\" data-type=\"link\" data-id=\"https:\/\/servicios.fiscaliaguerrero.gob.mx\/armoncontable\/ARMONIZACION_CONTABLE\/2026\/1TRI\/INFORMACION%20CONTABLE\/EA_GRO_FGE_01_26.xls\" target=\"_blank\" rel=\"noreferrer noopener\"><img loading=\"lazy\" decoding=\"async\" width=\"60\" height=\"60\" src=\"https:\/\/fiscaliaguerrero.gob.mx\/wp-content\/uploads\/2026\/02\/excel.ico\" alt=\"\"><\/a><\/td><\/tr><tr><td>Estado Anal\u00edtico de Activo<br>EAA_GRO_FGE_01_26<\/td><td class=\"has-text-align-center\" data-align=\"center\"><a href=\"https:\/\/servicios.fiscaliaguerrero.gob.mx\/armoncontable\/ARMONIZACION_CONTABLE\/2026\/1TRI\/INFORMACION%20CONTABLE\/EAA-GRO-FGE-01-26.pdf\" data-type=\"link\" data-id=\"https:\/\/servicios.fiscaliaguerrero.gob.mx\/armoncontable\/ARMONIZACION_CONTABLE\/2026\/1TRI\/INFORMACION%20CONTABLE\/EAA-GRO-FGE-01-26.pdf\" target=\"_blank\" rel=\"noreferrer noopener\"><img loading=\"lazy\" decoding=\"async\" width=\"60\" height=\"74\" src=\"https:\/\/fiscaliaguerrero.gob.mx\/wp-content\/uploads\/2026\/02\/pdf.ico\" alt=\"\"><\/a><\/td><td class=\"has-text-align-center\" data-align=\"center\"><a href=\"https:\/\/servicios.fiscaliaguerrero.gob.mx\/armoncontable\/ARMONIZACION_CONTABLE\/2026\/1TRI\/INFORMACION%20CONTABLE\/EAA_GRO_FGE_01_26.xls\" data-type=\"link\" data-id=\"https:\/\/servicios.fiscaliaguerrero.gob.mx\/armoncontable\/ARMONIZACION_CONTABLE\/2026\/1TRI\/INFORMACION%20CONTABLE\/EAA_GRO_FGE_01_26.xls\" target=\"_blank\" rel=\"noreferrer noopener\"><img loading=\"lazy\" decoding=\"async\" width=\"60\" height=\"60\" src=\"https:\/\/fiscaliaguerrero.gob.mx\/wp-content\/uploads\/2026\/02\/excel.ico\" alt=\"\"><\/a><\/td><\/tr><tr><td>Estado Anal\u00edtico de la<br>Deuda y Otros Pasivos<br>EADyOP_GRO_FGE_01_26<\/td><td class=\"has-text-align-center\" data-align=\"center\"><a href=\"https:\/\/servicios.fiscaliaguerrero.gob.mx\/armoncontable\/ARMONIZACION_CONTABLE\/2026\/1TRI\/INFORMACION%20CONTABLE\/EADyOP-GRO-FGE-01-26.pdf\" data-type=\"link\" data-id=\"https:\/\/servicios.fiscaliaguerrero.gob.mx\/armoncontable\/ARMONIZACION_CONTABLE\/2026\/1TRI\/INFORMACION%20CONTABLE\/EADyOP-GRO-FGE-01-26.pdf\" target=\"_blank\" rel=\"noreferrer noopener\"><img loading=\"lazy\" decoding=\"async\" width=\"60\" height=\"74\" src=\"https:\/\/fiscaliaguerrero.gob.mx\/wp-content\/uploads\/2026\/02\/pdf.ico\" alt=\"\"><\/a><\/td><td class=\"has-text-align-center\" data-align=\"center\"><a href=\"https:\/\/servicios.fiscaliaguerrero.gob.mx\/armoncontable\/ARMONIZACION_CONTABLE\/2026\/1TRI\/INFORMACION%20CONTABLE\/EADyOP_GRO_FGE_01_26.xls\" data-type=\"link\" data-id=\"https:\/\/servicios.fiscaliaguerrero.gob.mx\/armoncontable\/ARMONIZACION_CONTABLE\/2026\/1TRI\/INFORMACION%20CONTABLE\/EADyOP_GRO_FGE_01_26.xls\" target=\"_blank\" rel=\"noreferrer noopener\"><img loading=\"lazy\" decoding=\"async\" width=\"60\" height=\"60\" src=\"https:\/\/fiscaliaguerrero.gob.mx\/wp-content\/uploads\/2026\/02\/excel.ico\" alt=\"\"><\/a><\/td><\/tr><tr><td>Estado de Cambios en la<br>Situaci\u00f3n Financiera<br>ECSF_GRO_FGE_01_26<\/td><td class=\"has-text-align-center\" data-align=\"center\"><a href=\"https:\/\/servicios.fiscaliaguerrero.gob.mx\/armoncontable\/ARMONIZACION_CONTABLE\/2026\/1TRI\/INFORMACION%20CONTABLE\/ECSF-GRO-FGE-01-26.pdf\" data-type=\"link\" data-id=\"https:\/\/servicios.fiscaliaguerrero.gob.mx\/armoncontable\/ARMONIZACION_CONTABLE\/2026\/1TRI\/INFORMACION%20CONTABLE\/ECSF-GRO-FGE-01-26.pdf\" target=\"_blank\" rel=\"noreferrer noopener\"><img loading=\"lazy\" decoding=\"async\" width=\"60\" height=\"74\" src=\"https:\/\/fiscaliaguerrero.gob.mx\/wp-content\/uploads\/2026\/02\/pdf.ico\" alt=\"\"><\/a><\/td><td class=\"has-text-align-center\" data-align=\"center\"><a href=\"https:\/\/servicios.fiscaliaguerrero.gob.mx\/armoncontable\/ARMONIZACION_CONTABLE\/2026\/1TRI\/INFORMACION%20CONTABLE\/ECSF_GRO_FGE_01_26.xls\" data-type=\"link\" data-id=\"https:\/\/servicios.fiscaliaguerrero.gob.mx\/armoncontable\/ARMONIZACION_CONTABLE\/2026\/1TRI\/INFORMACION%20CONTABLE\/ECSF_GRO_FGE_01_26.xls\" target=\"_blank\" rel=\"noreferrer noopener\"><img loading=\"lazy\" decoding=\"async\" width=\"60\" height=\"60\" src=\"https:\/\/fiscaliaguerrero.gob.mx\/wp-content\/uploads\/2026\/02\/excel.ico\" alt=\"\"><\/a><\/td><\/tr><tr><td>Estado de Flujos de Efectivo<br>EFE_GRO_FGE_01_26<\/td><td class=\"has-text-align-center\" data-align=\"center\"><a href=\"https:\/\/servicios.fiscaliaguerrero.gob.mx\/armoncontable\/ARMONIZACION_CONTABLE\/2026\/1TRI\/INFORMACION%20CONTABLE\/EFE-GRO-FGE-01-26.pdf\" data-type=\"link\" data-id=\"https:\/\/servicios.fiscaliaguerrero.gob.mx\/armoncontable\/ARMONIZACION_CONTABLE\/2026\/1TRI\/INFORMACION%20CONTABLE\/EFE-GRO-FGE-01-26.pdf\" target=\"_blank\" rel=\"noreferrer noopener\"><img loading=\"lazy\" decoding=\"async\" width=\"60\" height=\"74\" src=\"https:\/\/fiscaliaguerrero.gob.mx\/wp-content\/uploads\/2026\/02\/pdf.ico\" alt=\"\"><\/a><\/td><td class=\"has-text-align-center\" data-align=\"center\"><a href=\"https:\/\/servicios.fiscaliaguerrero.gob.mx\/armoncontable\/ARMONIZACION_CONTABLE\/2026\/1TRI\/INFORMACION%20CONTABLE\/EFE_GRO_FGE_01_26.xls\" data-type=\"link\" data-id=\"https:\/\/servicios.fiscaliaguerrero.gob.mx\/armoncontable\/ARMONIZACION_CONTABLE\/2026\/1TRI\/INFORMACION%20CONTABLE\/EFE_GRO_FGE_01_26.xls\" target=\"_blank\" rel=\"noreferrer noopener\"><img loading=\"lazy\" decoding=\"async\" width=\"60\" height=\"60\" src=\"https:\/\/fiscaliaguerrero.gob.mx\/wp-content\/uploads\/2026\/02\/excel.ico\" alt=\"\"><\/a><\/td><\/tr><tr><td>Estado de Situaci\u00f3n Financiera<br>ESF_GRO_FGE_01_26<\/td><td class=\"has-text-align-center\" data-align=\"center\"><a href=\"https:\/\/servicios.fiscaliaguerrero.gob.mx\/armoncontable\/ARMONIZACION_CONTABLE\/2026\/1TRI\/INFORMACION%20CONTABLE\/ESF-GRO-FGE-01-26.pdf\" data-type=\"link\" data-id=\"https:\/\/servicios.fiscaliaguerrero.gob.mx\/armoncontable\/ARMONIZACION_CONTABLE\/2026\/1TRI\/INFORMACION%20CONTABLE\/ESF-GRO-FGE-01-26.pdf\" target=\"_blank\" rel=\"noreferrer noopener\"><img loading=\"lazy\" decoding=\"async\" width=\"60\" height=\"74\" src=\"https:\/\/fiscaliaguerrero.gob.mx\/wp-content\/uploads\/2026\/02\/pdf.ico\" alt=\"\"><\/a><\/td><td class=\"has-text-align-center\" data-align=\"center\"><a href=\"https:\/\/servicios.fiscaliaguerrero.gob.mx\/armoncontable\/ARMONIZACION_CONTABLE\/2026\/1TRI\/INFORMACION%20CONTABLE\/ESF_GRO_FGE_01_26.xls\" data-type=\"link\" data-id=\"https:\/\/servicios.fiscaliaguerrero.gob.mx\/armoncontable\/ARMONIZACION_CONTABLE\/2026\/1TRI\/INFORMACION%20CONTABLE\/ESF_GRO_FGE_01_26.xls\" target=\"_blank\" rel=\"noreferrer noopener\"><img loading=\"lazy\" decoding=\"async\" width=\"60\" height=\"60\" src=\"https:\/\/fiscaliaguerrero.gob.mx\/wp-content\/uploads\/2026\/02\/excel.ico\" alt=\"\"><\/a><\/td><\/tr><tr><td>Estado de Variaci\u00f3n en la<br>Hacienda P\u00fablica<br>EVHP_GRO_FGE_01_26<\/td><td class=\"has-text-align-center\" data-align=\"center\"><a href=\"https:\/\/servicios.fiscaliaguerrero.gob.mx\/armoncontable\/ARMONIZACION_CONTABLE\/2026\/1TRI\/INFORMACION%20CONTABLE\/EVHP-GRO-FGE-01-26.pdf\" data-type=\"link\" data-id=\"https:\/\/servicios.fiscaliaguerrero.gob.mx\/armoncontable\/ARMONIZACION_CONTABLE\/2026\/1TRI\/INFORMACION%20CONTABLE\/EVHP-GRO-FGE-01-26.pdf\" target=\"_blank\" rel=\"noreferrer noopener\"><img loading=\"lazy\" decoding=\"async\" width=\"60\" height=\"74\" src=\"https:\/\/fiscaliaguerrero.gob.mx\/wp-content\/uploads\/2026\/02\/pdf.ico\" alt=\"\"><\/a><\/td><td class=\"has-text-align-center\" data-align=\"center\"><a href=\"https:\/\/servicios.fiscaliaguerrero.gob.mx\/armoncontable\/ARMONIZACION_CONTABLE\/2026\/1TRI\/INFORMACION%20CONTABLE\/EVHP_GRO_FGE_01_26.xls\" data-type=\"link\" data-id=\"https:\/\/servicios.fiscaliaguerrero.gob.mx\/armoncontable\/ARMONIZACION_CONTABLE\/2026\/1TRI\/INFORMACION%20CONTABLE\/EVHP_GRO_FGE_01_26.xls\" target=\"_blank\" rel=\"noreferrer noopener\"><img loading=\"lazy\" decoding=\"async\" width=\"60\" height=\"60\" src=\"https:\/\/fiscaliaguerrero.gob.mx\/wp-content\/uploads\/2026\/02\/excel.ico\" alt=\"\"><\/a><\/td><\/tr><tr><td>Informes Sobre Pasivos<br>Contingentes<br>IPC_GRO_FGE_01_26<\/td><td class=\"has-text-align-center\" data-align=\"center\"><a href=\"https:\/\/servicios.fiscaliaguerrero.gob.mx\/armoncontable\/ARMONIZACION_CONTABLE\/2026\/1TRI\/INFORMACION%20CONTABLE\/IPC_GRO_FGE_01_26.pdf\" data-type=\"link\" data-id=\"https:\/\/servicios.fiscaliaguerrero.gob.mx\/armoncontable\/ARMONIZACION_CONTABLE\/2026\/1TRI\/INFORMACION%20CONTABLE\/IPC_GRO_FGE_01_26.pdf\" target=\"_blank\" rel=\"noreferrer noopener\"><img loading=\"lazy\" decoding=\"async\" width=\"60\" height=\"74\" src=\"https:\/\/fiscaliaguerrero.gob.mx\/wp-content\/uploads\/2026\/02\/pdf.ico\" alt=\"\"><\/a><\/td><td class=\"has-text-align-center\" data-align=\"center\"><a href=\"https:\/\/servicios.fiscaliaguerrero.gob.mx\/armoncontable\/ARMONIZACION_CONTABLE\/2026\/1TRI\/INFORMACION%20CONTABLE\/IPC_GRO_FGE_01_26.xlsx\" data-type=\"link\" data-id=\"https:\/\/servicios.fiscaliaguerrero.gob.mx\/armoncontable\/ARMONIZACION_CONTABLE\/2026\/1TRI\/INFORMACION%20CONTABLE\/IPC_GRO_FGE_01_26.xlsx\" target=\"_blank\" rel=\"noreferrer noopener\"><img loading=\"lazy\" decoding=\"async\" width=\"60\" height=\"60\" src=\"https:\/\/fiscaliaguerrero.gob.mx\/wp-content\/uploads\/2026\/02\/excel.ico\" alt=\"\"><\/a><\/td><\/tr><tr><td>Notas a los Estados<br>Financieros<br>NEF_GRO_FEG_01_26<\/td><td class=\"has-text-align-center\" data-align=\"center\"><a href=\"https:\/\/servicios.fiscaliaguerrero.gob.mx\/armoncontable\/ARMONIZACION_CONTABLE\/2026\/1TRI\/INFORMACION%20CONTABLE\/NEF-GRO-FGE-01-26.pdf\" data-type=\"link\" data-id=\"https:\/\/servicios.fiscaliaguerrero.gob.mx\/armoncontable\/ARMONIZACION_CONTABLE\/2026\/1TRI\/INFORMACION%20CONTABLE\/NEF-GRO-FGE-01-26.pdf\" target=\"_blank\" rel=\"noreferrer noopener\"><img loading=\"lazy\" decoding=\"async\" width=\"60\" height=\"74\" src=\"https:\/\/fiscaliaguerrero.gob.mx\/wp-content\/uploads\/2026\/02\/pdf.ico\" alt=\"\"><\/a><\/td><td class=\"has-text-align-center\" data-align=\"center\"><a href=\"https:\/\/servicios.fiscaliaguerrero.gob.mx\/armoncontable\/ARMONIZACION_CONTABLE\/2026\/1TRI\/INFORMACION%20CONTABLE\/NEF-GRO-FGE-01-26.xlsx\" data-type=\"link\" data-id=\"https:\/\/servicios.fiscaliaguerrero.gob.mx\/armoncontable\/ARMONIZACION_CONTABLE\/2026\/1TRI\/INFORMACION%20CONTABLE\/NEF-GRO-FGE-01-26.xlsx\" target=\"_blank\" rel=\"noreferrer noopener\"><img loading=\"lazy\" decoding=\"async\" width=\"60\" height=\"60\" src=\"https:\/\/fiscaliaguerrero.gob.mx\/wp-content\/uploads\/2026\/02\/excel.ico\" alt=\"\"><\/a><\/td><\/tr><tr><td>Nota de Gesti\u00f3n Administrativa<br>NEF_GA_FEG_01_26<\/td><td class=\"has-text-align-center\" data-align=\"center\"><a href=\"https:\/\/servicios.fiscaliaguerrero.gob.mx\/armoncontable\/ARMONIZACION_CONTABLE\/2026\/1TRI\/INFORMACION%20CONTABLE\/NEF-GA-FGE-01-26.pdf\" data-type=\"link\" data-id=\"https:\/\/servicios.fiscaliaguerrero.gob.mx\/armoncontable\/ARMONIZACION_CONTABLE\/2026\/1TRI\/INFORMACION%20CONTABLE\/NEF-GA-FGE-01-26.pdf\" target=\"_blank\" rel=\"noreferrer noopener\"><img loading=\"lazy\" decoding=\"async\" width=\"60\" height=\"74\" src=\"https:\/\/fiscaliaguerrero.gob.mx\/wp-content\/uploads\/2026\/02\/pdf.ico\" alt=\"\"><\/a><\/td><td class=\"has-text-align-center\" data-align=\"center\"><a href=\"https:\/\/servicios.fiscaliaguerrero.gob.mx\/armoncontable\/ARMONIZACION_CONTABLE\/2026\/1TRI\/INFORMACION%20CONTABLE\/NEF-GA-FGE-01-26.docx\" data-type=\"link\" data-id=\"https:\/\/servicios.fiscaliaguerrero.gob.mx\/armoncontable\/ARMONIZACION_CONTABLE\/2026\/1TRI\/INFORMACION%20CONTABLE\/NEF-GA-FGE-01-26.docx\" target=\"_blank\" rel=\"noreferrer noopener\"><img loading=\"lazy\" decoding=\"async\" width=\"60\" height=\"56\" srcset=\"https:\/\/fiscaliaguerrero.gob.mx\/wp-content\/uploads\/2026\/02\/word.png 960w, https:\/\/fiscaliaguerrero.gob.mx\/wp-content\/uploads\/2026\/02\/word-300x279.png 300w, https:\/\/fiscaliaguerrero.gob.mx\/wp-content\/uploads\/2026\/02\/word-768x715.png 768w\" src=\"https:\/\/fiscaliaguerrero.gob.mx\/wp-content\/uploads\/2026\/02\/word.png\" alt=\"\"><\/a><\/td><\/tr><\/tbody><\/table><\/figure>\n\n\n\n<p><\/p>\n","protected":false},"excerpt":{"rendered":"<p>Armonizaci\u00f3n Contable > 2026 Primer Trimestre > Informaci\u00f3n Contable Estado de ActividadesEA_GRO_FGE_01_26 Estado Anal\u00edtico de ActivoEAA_GRO_FGE_01_26 Estado Anal\u00edtico de laDeuda y Otros PasivosEADyOP_GRO_FGE_01_26 Estado de Cambios en laSituaci\u00f3n FinancieraECSF_GRO_FGE_01_26 Estado de Flujos de EfectivoEFE_GRO_FGE_01_26 Estado de Situaci\u00f3n FinancieraESF_GRO_FGE_01_26 Estado de Variaci\u00f3n en laHacienda P\u00fablicaEVHP_GRO_FGE_01_26 Informes Sobre PasivosContingentesIPC_GRO_FGE_01_26 Notas a los EstadosFinancierosNEF_GRO_FEG_01_26 Nota de Gesti\u00f3n AdministrativaNEF_GA_FEG_01_26<\/p>\n","protected":false},"author":2,"featured_media":0,"parent":0,"menu_order":0,"comment_status":"closed","ping_status":"closed","template":"","meta":{"footnotes":""},"class_list":["post-2417","page","type-page","status-publish","hentry"],"_links":{"self":[{"href":"https:\/\/fiscaliaguerrero.gob.mx\/index.php\/wp-json\/wp\/v2\/pages\/2417","targetHints":{"allow":["GET"]}}],"collection":[{"href":"https:\/\/fiscaliaguerrero.gob.mx\/index.php\/wp-json\/wp\/v2\/pages"}],"about":[{"href":"https:\/\/fiscaliaguerrero.gob.mx\/index.php\/wp-json\/wp\/v2\/types\/page"}],"author":[{"embeddable":true,"href":"https:\/\/fiscaliaguerrero.gob.mx\/index.php\/wp-json\/wp\/v2\/users\/2"}],"replies":[{"embeddable":true,"href":"https:\/\/fiscaliaguerrero.gob.mx\/index.php\/wp-json\/wp\/v2\/comments?post=2417"}],"version-history":[{"count":2,"href":"https:\/\/fiscaliaguerrero.gob.mx\/index.php\/wp-json\/wp\/v2\/pages\/2417\/revisions"}],"predecessor-version":[{"id":2430,"href":"https:\/\/fiscaliaguerrero.gob.mx\/index.php\/wp-json\/wp\/v2\/pages\/2417\/revisions\/2430"}],"wp:attachment":[{"href":"https:\/\/fiscaliaguerrero.gob.mx\/index.php\/wp-json\/wp\/v2\/media?parent=2417"}],"curies":[{"name":"wp","href":"https:\/\/api.w.org\/{rel}","templated":true}]}}