{"id":2608,"date":"2026-05-14T21:34:53","date_gmt":"2026-05-14T19:34:53","guid":{"rendered":"https:\/\/fiscaliaguerrero.gob.mx\/?page_id=2608"},"modified":"2026-05-14T22:06:24","modified_gmt":"2026-05-14T20:06:24","slug":"colaboraciones-de-personas-no-localizadas","status":"publish","type":"page","link":"https:\/\/fiscaliaguerrero.gob.mx\/index.php\/colaboraciones-de-personas-no-localizadas\/","title":{"rendered":"Colaboraciones de Personas no Localizadas"},"content":{"rendered":"\n<figure class=\"wp-block-table alignwide tabla-transparencia has-large-font-size\"><table class=\"has-text-color has-link-color has-fixed-layout\" style=\"color:#00265b\"><tbody><tr><td class=\"has-text-align-center\" data-align=\"center\"><strong>COLABORACIONES<\/strong><\/td><\/tr><\/tbody><\/table><\/figure>\n\n\n\n<figure class=\"wp-block-table alignwide tabla-transparencia\"><table class=\"has-fixed-layout\"><tbody><tr><td class=\"has-text-align-center\" data-align=\"center\"><strong>PERSONAS DESAPARECIDAS DE OTROS ESTADOS<\/strong><\/td><\/tr><\/tbody><\/table><\/figure>\n\n\n\n<hr class=\"wp-block-separator aligncenter has-text-color has-alpha-channel-opacity has-background is-style-default\" style=\"margin-top:0;margin-bottom:0;background-color:#00265b;color:#00265b\"\/>\n\n\n\n<div id=\"section-g-5w1eggo\" class=\"wp-block-gutentor-e0 section-g-5w1eggo gutentor-element gutentor-element-advanced-text text-align-center-desktop\"><div class=\"gutentor-text-wrap\"><p class=\"gutentor-text\">En esta secci\u00f3n encontrar\u00e1s los boletines de colaboraci\u00f3n de personas desaparecidas emitidos por Fiscal\u00edas y Comisiones de B\u00fasqueda de otros Estados de la Rep\u00fablica Mexicana.<\/p><\/div><\/div>\n\n\n\n<section id=\"g-6umtej1\" class=\"wp-block-gutentor-m3 section-g-6umtej1 gutentor-module gutentor-container-cover has-color-bg has-custom-bg\"><div class=\"grid-container\">\n<div class=\"wp-block-columns is-layout-flex wp-container-core-columns-is-layout-28f84493 wp-block-columns-is-layout-flex\">\n<div class=\"wp-block-column is-layout-flow wp-block-column-is-layout-flow\" style=\"padding-top:0;padding-right:0;padding-bottom:0;padding-left:0;flex-basis:100%\">\n<figure class=\"wp-block-image aligncenter size-full is-resized is-style-default\" style=\"margin-top:var(--wp--preset--spacing--10);margin-right:0;margin-bottom:0;margin-left:0\"><img loading=\"lazy\" decoding=\"async\" width=\"208\" height=\"256\" src=\"https:\/\/fiscaliaguerrero.gob.mx\/wp-content\/uploads\/2026\/02\/pdf.ico\" alt=\"\" class=\"wp-image-223\" style=\"width:85px;height:auto\" \/><\/figure>\n<\/div>\n<\/div>\n\n\n\n<div id=\"section-g-i713tmt\" class=\"wp-block-gutentor-e0 section-g-i713tmt gutentor-element gutentor-element-advanced-text text-align-center-desktop\"><div class=\"gutentor-text-wrap\"><p class=\"gutentor-text\"><strong>Morelos<\/strong><\/p><\/div><\/div>\n\n\n\n<div id=\"section-g-13jdej8\" class=\"wp-block-gutentor-e0 section-g-13jdej8 gutentor-element gutentor-element-advanced-text text-align-center-desktop\"><div class=\"gutentor-text-wrap\"><p class=\"gutentor-text\"><strong>OCTAVIO OLVERA BETO<\/strong><\/p><\/div><\/div>\n\n\n\n<hr class=\"wp-block-separator has-text-color has-alpha-channel-opacity has-background\" style=\"margin-top:var(--wp--preset--spacing--10);margin-bottom:var(--wp--preset--spacing--10);background-color:#00265b;color:#00265b\" \/>\n\n\n\n<div id=\"section-g-f1fju1m\" class=\"wp-block-gutentor-e0 section-g-f1fju1m gutentor-element gutentor-element-advanced-text text-align-center-desktop\"><div class=\"gutentor-text-wrap\"><p class=\"gutentor-text\">Bolet\u00edn de colaboraci\u00f3n de personas desaparecidas.<\/p><\/div><\/div>\n\n\n\n<div id=\"section-g-eg415eq\" class=\"wp-block-gutentor-e2 section-g-eg415eq gutentor-element gutentor-element-button button-align-center-desktop\"><span class=\"gutentor-button-wrap\"><a class=\"gutentor-button gutentor-block-button gutentor-icon-hide\" href=\"https:\/\/servicios.fiscaliaguerrero.gob.mx\/armoncontable\/COLABORACIONES%20HAS%20VISTO%20A\/OCTAVIO%20OLVERA%20BETO.pdf\" target=\"_blank\" rel=\" noopener noreferrer\"><i class=\"gutentor-button-icon fas fa-book\"><\/i><span>Ver PDF<\/span><\/a><\/span><\/div>\n<\/div><\/section>\n\n\n\n<p><\/p>\n","protected":false},"excerpt":{"rendered":"<p>COLABORACIONES PERSONAS DESAPARECIDAS DE OTROS ESTADOS<\/p>\n","protected":false},"author":2,"featured_media":0,"parent":0,"menu_order":0,"comment_status":"closed","ping_status":"closed","template":"","meta":{"footnotes":""},"class_list":["post-2608","page","type-page","status-publish","hentry"],"_links":{"self":[{"href":"https:\/\/fiscaliaguerrero.gob.mx\/index.php\/wp-json\/wp\/v2\/pages\/2608","targetHints":{"allow":["GET"]}}],"collection":[{"href":"https:\/\/fiscaliaguerrero.gob.mx\/index.php\/wp-json\/wp\/v2\/pages"}],"about":[{"href":"https:\/\/fiscaliaguerrero.gob.mx\/index.php\/wp-json\/wp\/v2\/types\/page"}],"author":[{"embeddable":true,"href":"https:\/\/fiscaliaguerrero.gob.mx\/index.php\/wp-json\/wp\/v2\/users\/2"}],"replies":[{"embeddable":true,"href":"https:\/\/fiscaliaguerrero.gob.mx\/index.php\/wp-json\/wp\/v2\/comments?post=2608"}],"version-history":[{"count":27,"href":"https:\/\/fiscaliaguerrero.gob.mx\/index.php\/wp-json\/wp\/v2\/pages\/2608\/revisions"}],"predecessor-version":[{"id":2639,"href":"https:\/\/fiscaliaguerrero.gob.mx\/index.php\/wp-json\/wp\/v2\/pages\/2608\/revisions\/2639"}],"wp:attachment":[{"href":"https:\/\/fiscaliaguerrero.gob.mx\/index.php\/wp-json\/wp\/v2\/media?parent=2608"}],"curies":[{"name":"wp","href":"https:\/\/api.w.org\/{rel}","templated":true}]}}