{"id":379,"date":"2026-02-19T20:23:14","date_gmt":"2026-02-19T19:23:14","guid":{"rendered":"https:\/\/fiscaliaguerrero.gob.mx\/?page_id=379"},"modified":"2026-02-19T21:56:54","modified_gmt":"2026-02-19T20:56:54","slug":"carta-antecedentes-no-penales","status":"publish","type":"page","link":"https:\/\/fiscaliaguerrero.gob.mx\/index.php\/carta-antecedentes-no-penales\/","title":{"rendered":"Carta-antecedentes-no-penales"},"content":{"rendered":"\n<div class=\"wp-block-cover alignfull is-light\" style=\"padding-top:0;padding-right:0;padding-bottom:0;padding-left:0\"><span aria-hidden=\"true\" class=\"wp-block-cover__background has-base-2-background-color has-background-dim-100 has-background-dim\"><\/span><div class=\"wp-block-cover__inner-container has-global-padding is-layout-constrained wp-container-core-cover-is-layout-639b5052 wp-block-cover-is-layout-constrained\">\n<div class=\"wp-block-group has-global-padding is-layout-constrained wp-block-group-is-layout-constrained\">\n<p style=\"border-style:none;border-width:0px;margin-top:0;margin-bottom:0;padding-top:0;padding-right:0;padding-bottom:0;padding-left:0\"><strong>Carta de Antecedentes No Penales<\/strong><br>Tramite de Expedici\u00f3n de Cartas de Antecedentes No Penales:<br>\u00c1rea responsable: Archivo Criminal\u00edstico<br>Correo electr\u00f3nico: fge_archivo@hotmail.com<br>Tiempo de respuesta: 1 d\u00eda<br>Costo: $260.90 pesos M.N., Sucursal BANAMEX, N\u00famero de cuenta: 70093868429.<\/p>\n<\/div>\n\n\n\n<p>Descripci\u00f3n: Localizar en el Archivo Criminal\u00edstico si existen o no antecedentes penales de las personas que solicitan la carta, antes de la expedici\u00f3n de la misma.<br>Requisitos: Identificaci\u00f3n oficial c\/fotografia (INE vigente, Cartilla Militar o Pasaporte) , CURP, comprobante de domicilio, acta de nacimiento, presentarse con camisa o blusa blanca<br>*Los documentos deben ser originales<br>Documento que genera: Carta de Antecedentes No Penales<br>Domicilio: Calle Zafiro n\u00famero 16, Colonia Paludismo, C.P. 39096, Chilpancingo de los Bravo, Guerrero.<br>Fundamento jur\u00eddico-administrativo: -Acuerdo publicado en el Peri\u00f3dico Oficial del Gobierno del Estado No. 96 Alcance II, del d\u00eda 02 de diciembre de 2011. -C\u00f3digo Penal del Estado de Guerrero Art\u00edculo 55-A.<br>Tel\u00e9fono: (01-747) 47-1-94-24 ext. 6218<br>Horarios: Recepci\u00f3n de documentos 9:00 a 14:00 hrs.<br>Observaciones: El tramite es personal porque nosotros te tomamos la foto.<\/p>\n\n\n\n<p>Directorio de Archivo Criminal\u00edstico del Estado de Guerrero:<br>Direcci\u00f3n general \u2013 Chilpancingo de los Bravo<br>Domicilio: Laboratorio de Estudios Criminal\u00edsticos. Carretera Nacional M\u00e9xico \u2013 Acapulco KM. 6+300 tramo Chilpancingo-Petaquillas, C.P. 39090.<br>tel: 01 (747) 494 29 99 ext. 2304 6218, 2304 6219<br>fax: 01 (747) 494 29 99 ext. 2304 6218<br>email: fge_archivo@hotmail.com<\/p>\n\n\n\n<p>Delegaci\u00f3n \u2013 Acapulco de Ju\u00e1rez<br>Domicilio: av. guerrero s\/n, col. progreso. c.p. 39350<br>(Interior del edificio antiguo a un costado de la coordinaci\u00f3n de la polic\u00eda ministerial en delitos sexuales)<br>tel: 01 (744) 486 04 43<br>email: archivo.criminalistico.acapulco@hotmail.com<\/p>\n\n\n\n<p>Delegaci\u00f3n \u2013 Zihuatanejo de Azueta<br>Domicilio: calle presa de angostura s\/n esq. calle la laja, Col. Vicente Guerrero.<br>(Interior de la agencia del ministerio p\u00fablico de atenci\u00f3n temprana, frente a las oficinas del PRI municipal)<br>tel: 01 (755) 544 77 73<br>email: archi_zihua@hotmail.com<\/p>\n\n\n\n<p>Delegaci\u00f3n \u2013 Coyuca de Catalan<br>Domicilio: Edificio de la Fiscal\u00eda Regional Tierra Caliente de la FGE de Guerrero.<br>tel: 01 (767) 6770331<\/p>\n\n\n\n<p>Delegaci\u00f3n \u2013 Tlapa de Comonfort<br>Domicilio: AV. Deportiva 65, Col. Caltitlan.<br>Dentro de la Fiscal\u00eda Regional de la Monta\u00f1a.<\/p>\n\n\n\n<p>Delegaci\u00f3n \u2013 Iguala de la Independencia<br>Domicilio: AV. Colegio Militar, Priv. Entre Chevrolet y Volkswagen.<br>Dentro de la Fiscal\u00eda Regional de Iguala.<\/p>\n<\/div><\/div>\n","protected":false},"excerpt":{"rendered":"","protected":false},"author":3,"featured_media":0,"parent":0,"menu_order":0,"comment_status":"closed","ping_status":"closed","template":"","meta":{"footnotes":""},"class_list":["post-379","page","type-page","status-publish","hentry"],"_links":{"self":[{"href":"https:\/\/fiscaliaguerrero.gob.mx\/index.php\/wp-json\/wp\/v2\/pages\/379","targetHints":{"allow":["GET"]}}],"collection":[{"href":"https:\/\/fiscaliaguerrero.gob.mx\/index.php\/wp-json\/wp\/v2\/pages"}],"about":[{"href":"https:\/\/fiscaliaguerrero.gob.mx\/index.php\/wp-json\/wp\/v2\/types\/page"}],"author":[{"embeddable":true,"href":"https:\/\/fiscaliaguerrero.gob.mx\/index.php\/wp-json\/wp\/v2\/users\/3"}],"replies":[{"embeddable":true,"href":"https:\/\/fiscaliaguerrero.gob.mx\/index.php\/wp-json\/wp\/v2\/comments?post=379"}],"version-history":[{"count":8,"href":"https:\/\/fiscaliaguerrero.gob.mx\/index.php\/wp-json\/wp\/v2\/pages\/379\/revisions"}],"predecessor-version":[{"id":442,"href":"https:\/\/fiscaliaguerrero.gob.mx\/index.php\/wp-json\/wp\/v2\/pages\/379\/revisions\/442"}],"wp:attachment":[{"href":"https:\/\/fiscaliaguerrero.gob.mx\/index.php\/wp-json\/wp\/v2\/media?parent=379"}],"curies":[{"name":"wp","href":"https:\/\/api.w.org\/{rel}","templated":true}]}}