{"id":497,"date":"2026-02-20T21:37:01","date_gmt":"2026-02-20T20:37:01","guid":{"rendered":"https:\/\/fiscaliaguerrero.gob.mx\/?page_id=497"},"modified":"2026-03-05T17:52:52","modified_gmt":"2026-03-05T16:52:52","slug":"2025-tercer-trimestre","status":"publish","type":"page","link":"https:\/\/fiscaliaguerrero.gob.mx\/index.php\/2025-tercer-trimestre\/","title":{"rendered":"2025 Tercer Trimestre"},"content":{"rendered":"\n<p class=\"has-contrast-2-color has-text-color has-link-color wp-elements-78cb1285ff84000deae8feed69872ef7\">Armonizaci\u00f3n Contable &gt; 2025 Tercer Trimestre<\/p>\n\n\n\n<p><strong>Ley de Contabilidad Gubernamental<\/strong><\/p>\n\n\n\n<p class=\"has-text-color has-link-color wp-elements-253f295091e1d4c87ca72a118733e16b\" style=\"color:#182eda\"><a href=\"https:\/\/fiscaliaguerrero.gob.mx\/index.php\/informacion-contable-3tri-2025\/\" data-type=\"link\" data-id=\"https:\/\/fiscaliaguerrero.gob.mx\/index.php\/informacion-contable-3tri-2025\/\">Informaci\u00f3n Contable<\/a><\/p>\n\n\n\n<p class=\"has-text-color has-link-color wp-elements-2919d92b99148a23a36473af18786fc0\" style=\"color:#182eda\"><a href=\"https:\/\/fiscaliaguerrero.gob.mx\/index.php\/informacion-presupuestal-3tri-2025\/\" data-type=\"link\" data-id=\"https:\/\/fiscaliaguerrero.gob.mx\/index.php\/informacion-presupuestal-3tri-2025\/\">Informaci\u00f3n Presupuestal<\/a><\/p>\n\n\n\n<p class=\"has-text-color has-link-color wp-elements-3045594ffd4fa10be70da1c1f05d9724\" style=\"color:#182eda\"><a href=\"https:\/\/fiscaliaguerrero.gob.mx\/index.php\/informacion-programatica-3tri-2025\/\" data-type=\"link\" data-id=\"https:\/\/fiscaliaguerrero.gob.mx\/index.php\/informacion-programatica-3tri-2025\/\">Informaci\u00f3n Program\u00e1tica<\/a><\/p>\n\n\n\n<p class=\"has-text-color has-link-color wp-elements-65adfdc1f5e0cbd0fc2079b7a951b475\" style=\"color:#081366\"><a href=\"https:\/\/fiscaliaguerrero.gob.mx\/index.php\/ley-de-disciplina-financiera-3tri-2025\/\"><strong>Ley de Disciplina Financiera<\/strong><\/a><\/p>\n\n\n\n<p><\/p>\n","protected":false},"excerpt":{"rendered":"<p>Armonizaci\u00f3n Contable &gt; 2025 Tercer Trimestre Ley de Contabilidad Gubernamental Informaci\u00f3n Contable Informaci\u00f3n Presupuestal Informaci\u00f3n Program\u00e1tica Ley de Disciplina Financiera<\/p>\n","protected":false},"author":2,"featured_media":0,"parent":0,"menu_order":0,"comment_status":"closed","ping_status":"closed","template":"","meta":{"footnotes":""},"class_list":["post-497","page","type-page","status-publish","hentry"],"_links":{"self":[{"href":"https:\/\/fiscaliaguerrero.gob.mx\/index.php\/wp-json\/wp\/v2\/pages\/497","targetHints":{"allow":["GET"]}}],"collection":[{"href":"https:\/\/fiscaliaguerrero.gob.mx\/index.php\/wp-json\/wp\/v2\/pages"}],"about":[{"href":"https:\/\/fiscaliaguerrero.gob.mx\/index.php\/wp-json\/wp\/v2\/types\/page"}],"author":[{"embeddable":true,"href":"https:\/\/fiscaliaguerrero.gob.mx\/index.php\/wp-json\/wp\/v2\/users\/2"}],"replies":[{"embeddable":true,"href":"https:\/\/fiscaliaguerrero.gob.mx\/index.php\/wp-json\/wp\/v2\/comments?post=497"}],"version-history":[{"count":5,"href":"https:\/\/fiscaliaguerrero.gob.mx\/index.php\/wp-json\/wp\/v2\/pages\/497\/revisions"}],"predecessor-version":[{"id":1441,"href":"https:\/\/fiscaliaguerrero.gob.mx\/index.php\/wp-json\/wp\/v2\/pages\/497\/revisions\/1441"}],"wp:attachment":[{"href":"https:\/\/fiscaliaguerrero.gob.mx\/index.php\/wp-json\/wp\/v2\/media?parent=497"}],"curies":[{"name":"wp","href":"https:\/\/api.w.org\/{rel}","templated":true}]}}