{"id":769,"date":"2026-02-24T20:19:42","date_gmt":"2026-02-24T19:19:42","guid":{"rendered":"https:\/\/fiscaliaguerrero.gob.mx\/?page_id=769"},"modified":"2026-02-24T20:19:42","modified_gmt":"2026-02-24T19:19:42","slug":"informacion-contable-1tri-2024","status":"publish","type":"page","link":"https:\/\/fiscaliaguerrero.gob.mx\/index.php\/informacion-contable-1tri-2024\/","title":{"rendered":"Informaci\u00f3n Contable 1Tri 2024"},"content":{"rendered":"\n<p class=\"has-contrast-2-color has-text-color has-link-color wp-elements-52baccf5f200a37329eb7b102e139d4d\">Armonizaci\u00f3n Contable > 2024 Primer Trimestre > Informaci\u00f3n Contable<\/p>\n\n\n\n<figure class=\"wp-block-table alignwide\"><table class=\"has-contrast-2-color has-text-color has-link-color has-fixed-layout\"><tbody><tr><td>Estado de Actividades<br>EA_GRO_FGE_01_24<\/td><td class=\"has-text-align-center\" data-align=\"center\"><a href=\"https:\/\/servicios.fiscaliaguerrero.gob.mx\/armoncontable\/ARMONIZACION_CONTABLE\/2024\/1TRI2024\/INFO_CONTABLE\/EA_GRO_FGE_01_24.pdf\" data-type=\"link\" data-id=\"https:\/\/servicios.fiscaliaguerrero.gob.mx\/armoncontable\/ARMONIZACION_CONTABLE\/2024\/1TRI2024\/INFO_CONTABLE\/EA_GRO_FGE_01_24.pdf\" target=\"_blank\" rel=\"noreferrer noopener\"><img loading=\"lazy\" decoding=\"async\" width=\"60\" height=\"74\" class=\"wp-image-223\" style=\"width: 60px;\" src=\"https:\/\/fiscaliaguerrero.gob.mx\/wp-content\/uploads\/2026\/02\/pdf.ico\" alt=\"\"><\/a><\/td><td class=\"has-text-align-center\" data-align=\"center\"><a href=\"https:\/\/servicios.fiscaliaguerrero.gob.mx\/armoncontable\/ARMONIZACION_CONTABLE\/2024\/1TRI2024\/INFO_CONTABLE\/EA_GRO_FGE_01_24.xlsx\" data-type=\"link\" data-id=\"https:\/\/servicios.fiscaliaguerrero.gob.mx\/armoncontable\/ARMONIZACION_CONTABLE\/2024\/1TRI2024\/INFO_CONTABLE\/EA_GRO_FGE_01_24.xlsx\" target=\"_blank\" rel=\"noreferrer noopener\"><img loading=\"lazy\" decoding=\"async\" width=\"60\" height=\"60\" class=\"wp-image-229\" style=\"width: 60px;\" src=\"https:\/\/fiscaliaguerrero.gob.mx\/wp-content\/uploads\/2026\/02\/excel.ico\" alt=\"\"><\/a><\/td><\/tr><tr><td>Estado Anal\u00edtico del Activo<br>EAA_GRO_FGE_01_24<\/td><td class=\"has-text-align-center\" data-align=\"center\"><a href=\"https:\/\/servicios.fiscaliaguerrero.gob.mx\/armoncontable\/ARMONIZACION_CONTABLE\/2024\/1TRI2024\/INFO_CONTABLE\/EAA_GRO_FGE_01_24.pdf\" data-type=\"link\" data-id=\"https:\/\/servicios.fiscaliaguerrero.gob.mx\/armoncontable\/ARMONIZACION_CONTABLE\/2024\/1TRI2024\/INFO_CONTABLE\/EAA_GRO_FGE_01_24.pdf\" target=\"_blank\" rel=\"noreferrer noopener\"><img loading=\"lazy\" decoding=\"async\" width=\"60\" height=\"74\" class=\"wp-image-223\" style=\"width: 60px;\" src=\"https:\/\/fiscaliaguerrero.gob.mx\/wp-content\/uploads\/2026\/02\/pdf.ico\" alt=\"\"><\/a><\/td><td class=\"has-text-align-center\" data-align=\"center\"><a href=\"https:\/\/servicios.fiscaliaguerrero.gob.mx\/armoncontable\/ARMONIZACION_CONTABLE\/2024\/1TRI2024\/INFO_CONTABLE\/EAA_GRO_FGE_01_24.xlsx\" data-type=\"link\" data-id=\"https:\/\/servicios.fiscaliaguerrero.gob.mx\/armoncontable\/ARMONIZACION_CONTABLE\/2024\/1TRI2024\/INFO_CONTABLE\/EAA_GRO_FGE_01_24.xlsx\" target=\"_blank\" rel=\"noreferrer noopener\"><img loading=\"lazy\" decoding=\"async\" width=\"60\" height=\"60\" class=\"wp-image-229\" style=\"width: 60px;\" src=\"https:\/\/fiscaliaguerrero.gob.mx\/wp-content\/uploads\/2026\/02\/excel.ico\" alt=\"\"><\/a><\/td><\/tr><tr><td>Estado Anal\u00edtico de la<br>Deuda y Otros Pasivos<br>EADyOP_GRO_FGE_01_24<\/td><td class=\"has-text-align-center\" data-align=\"center\"><a href=\"https:\/\/servicios.fiscaliaguerrero.gob.mx\/armoncontable\/ARMONIZACION_CONTABLE\/2024\/1TRI2024\/INFO_CONTABLE\/EADyOP_GRO_FGE_01_24.pdf\" data-type=\"link\" data-id=\"https:\/\/servicios.fiscaliaguerrero.gob.mx\/armoncontable\/ARMONIZACION_CONTABLE\/2024\/1TRI2024\/INFO_CONTABLE\/EADyOP_GRO_FGE_01_24.pdf\" target=\"_blank\" rel=\"noreferrer noopener\"><img loading=\"lazy\" decoding=\"async\" width=\"60\" height=\"74\" class=\"wp-image-223\" style=\"width: 60px;\" src=\"https:\/\/fiscaliaguerrero.gob.mx\/wp-content\/uploads\/2026\/02\/pdf.ico\" alt=\"\"><\/a><\/td><td class=\"has-text-align-center\" data-align=\"center\"><a href=\"https:\/\/servicios.fiscaliaguerrero.gob.mx\/armoncontable\/ARMONIZACION_CONTABLE\/2024\/1TRI2024\/INFO_CONTABLE\/EADyOP_GRO_FGE_01_24.xlsx\" data-type=\"link\" data-id=\"https:\/\/servicios.fiscaliaguerrero.gob.mx\/armoncontable\/ARMONIZACION_CONTABLE\/2024\/1TRI2024\/INFO_CONTABLE\/EADyOP_GRO_FGE_01_24.xlsx\" target=\"_blank\" rel=\"noreferrer noopener\"><img loading=\"lazy\" decoding=\"async\" width=\"60\" height=\"60\" class=\"wp-image-229\" style=\"width: 60px;\" src=\"https:\/\/fiscaliaguerrero.gob.mx\/wp-content\/uploads\/2026\/02\/excel.ico\" alt=\"\"><\/a><\/td><\/tr><tr><td>Estado de Cambios en la<br>Situaci\u00f3n Financiera<br>ECSF_GRO_FGE_01_24<\/td><td class=\"has-text-align-center\" data-align=\"center\"><a href=\"https:\/\/servicios.fiscaliaguerrero.gob.mx\/armoncontable\/ARMONIZACION_CONTABLE\/2024\/1TRI2024\/INFO_CONTABLE\/ECSF_GRO_FGE_01_24.pdf\" data-type=\"link\" data-id=\"https:\/\/servicios.fiscaliaguerrero.gob.mx\/armoncontable\/ARMONIZACION_CONTABLE\/2024\/1TRI2024\/INFO_CONTABLE\/ECSF_GRO_FGE_01_24.pdf\" target=\"_blank\" rel=\"noreferrer noopener\"><img loading=\"lazy\" decoding=\"async\" width=\"60\" height=\"74\" class=\"wp-image-223\" style=\"width: 60px;\" src=\"https:\/\/fiscaliaguerrero.gob.mx\/wp-content\/uploads\/2026\/02\/pdf.ico\" alt=\"\"><\/a><\/td><td class=\"has-text-align-center\" data-align=\"center\"><a href=\"https:\/\/servicios.fiscaliaguerrero.gob.mx\/armoncontable\/ARMONIZACION_CONTABLE\/2024\/1TRI2024\/INFO_CONTABLE\/ECSF_GRO_FGE_01_24.xlsx\" data-type=\"link\" data-id=\"https:\/\/servicios.fiscaliaguerrero.gob.mx\/armoncontable\/ARMONIZACION_CONTABLE\/2024\/1TRI2024\/INFO_CONTABLE\/ECSF_GRO_FGE_01_24.xlsx\" target=\"_blank\" rel=\"noreferrer noopener\"><img loading=\"lazy\" decoding=\"async\" width=\"60\" height=\"60\" class=\"wp-image-229\" style=\"width: 60px;\" src=\"https:\/\/fiscaliaguerrero.gob.mx\/wp-content\/uploads\/2026\/02\/excel.ico\" alt=\"\"><\/a><\/td><\/tr><tr><td>Estado de Flujos de Efectivo<br>EFE_GRO_FGE_01_24<\/td><td class=\"has-text-align-center\" data-align=\"center\"><a href=\"https:\/\/servicios.fiscaliaguerrero.gob.mx\/armoncontable\/ARMONIZACION_CONTABLE\/2024\/1TRI2024\/INFO_CONTABLE\/EFE_GRO_FGE_01_24.pdf\" data-type=\"link\" data-id=\"https:\/\/servicios.fiscaliaguerrero.gob.mx\/armoncontable\/ARMONIZACION_CONTABLE\/2024\/1TRI2024\/INFO_CONTABLE\/EFE_GRO_FGE_01_24.pdf\" target=\"_blank\" rel=\"noreferrer noopener\"><img loading=\"lazy\" decoding=\"async\" width=\"60\" height=\"74\" class=\"wp-image-223\" style=\"width: 60px;\" src=\"https:\/\/fiscaliaguerrero.gob.mx\/wp-content\/uploads\/2026\/02\/pdf.ico\" alt=\"\"><\/a><\/td><td class=\"has-text-align-center\" data-align=\"center\"><a href=\"https:\/\/servicios.fiscaliaguerrero.gob.mx\/armoncontable\/ARMONIZACION_CONTABLE\/2024\/1TRI2024\/INFO_CONTABLE\/EFE_GRO_FGE_01_24.xlsx\" data-type=\"link\" data-id=\"https:\/\/servicios.fiscaliaguerrero.gob.mx\/armoncontable\/ARMONIZACION_CONTABLE\/2024\/1TRI2024\/INFO_CONTABLE\/EFE_GRO_FGE_01_24.xlsx\" target=\"_blank\" rel=\"noreferrer noopener\"><img loading=\"lazy\" decoding=\"async\" width=\"60\" height=\"60\" class=\"wp-image-229\" style=\"width: 60px;\" src=\"https:\/\/fiscaliaguerrero.gob.mx\/wp-content\/uploads\/2026\/02\/excel.ico\" alt=\"\"><\/a><\/td><\/tr><tr><td>Estado de Situaci\u00f3n Financiera<br>ESF_GRO_FGE_01_24<\/td><td class=\"has-text-align-center\" data-align=\"center\"><a href=\"https:\/\/servicios.fiscaliaguerrero.gob.mx\/armoncontable\/ARMONIZACION_CONTABLE\/2024\/1TRI2024\/INFO_CONTABLE\/ESF_GRO_FGE_01_24.pdf\" data-type=\"link\" data-id=\"https:\/\/servicios.fiscaliaguerrero.gob.mx\/armoncontable\/ARMONIZACION_CONTABLE\/2024\/1TRI2024\/INFO_CONTABLE\/ESF_GRO_FGE_01_24.pdf\" target=\"_blank\" rel=\"noreferrer noopener\"><img loading=\"lazy\" decoding=\"async\" width=\"60\" height=\"74\" class=\"wp-image-223\" style=\"width: 60px;\" src=\"https:\/\/fiscaliaguerrero.gob.mx\/wp-content\/uploads\/2026\/02\/pdf.ico\" alt=\"\"><\/a><\/td><td class=\"has-text-align-center\" data-align=\"center\"><a href=\"https:\/\/servicios.fiscaliaguerrero.gob.mx\/armoncontable\/ARMONIZACION_CONTABLE\/2024\/1TRI2024\/INFO_CONTABLE\/ESF_GRO_FGE_01_24.xlsx\" data-type=\"link\" data-id=\"https:\/\/servicios.fiscaliaguerrero.gob.mx\/armoncontable\/ARMONIZACION_CONTABLE\/2024\/1TRI2024\/INFO_CONTABLE\/ESF_GRO_FGE_01_24.xlsx\" target=\"_blank\" rel=\"noreferrer noopener\"><img loading=\"lazy\" decoding=\"async\" width=\"60\" height=\"60\" class=\"wp-image-229\" style=\"width: 60px;\" src=\"https:\/\/fiscaliaguerrero.gob.mx\/wp-content\/uploads\/2026\/02\/excel.ico\" alt=\"\"><\/a><\/td><\/tr><tr><td>Estado de Variaci\u00f3n en la<br>Hacienda P\u00fablica<br>EVHP_GRO_FGE_01_24<\/td><td class=\"has-text-align-center\" data-align=\"center\"><a href=\"https:\/\/servicios.fiscaliaguerrero.gob.mx\/armoncontable\/ARMONIZACION_CONTABLE\/2024\/1TRI2024\/INFO_CONTABLE\/EVHP_GRO_FGE_01_24.pdf\" data-type=\"link\" data-id=\"https:\/\/servicios.fiscaliaguerrero.gob.mx\/armoncontable\/ARMONIZACION_CONTABLE\/2024\/1TRI2024\/INFO_CONTABLE\/EVHP_GRO_FGE_01_24.pdf\" target=\"_blank\" rel=\"noreferrer noopener\"><img loading=\"lazy\" decoding=\"async\" width=\"60\" height=\"74\" class=\"wp-image-223\" style=\"width: 60px;\" src=\"https:\/\/fiscaliaguerrero.gob.mx\/wp-content\/uploads\/2026\/02\/pdf.ico\" alt=\"\"><\/a><\/td><td class=\"has-text-align-center\" data-align=\"center\"><a href=\"https:\/\/servicios.fiscaliaguerrero.gob.mx\/armoncontable\/ARMONIZACION_CONTABLE\/2024\/1TRI2024\/INFO_CONTABLE\/EVHP_GRO_FGE_01_24.xlsx\" data-type=\"link\" data-id=\"https:\/\/servicios.fiscaliaguerrero.gob.mx\/armoncontable\/ARMONIZACION_CONTABLE\/2024\/1TRI2024\/INFO_CONTABLE\/EVHP_GRO_FGE_01_24.xlsx\" target=\"_blank\" rel=\"noreferrer noopener\"><img loading=\"lazy\" decoding=\"async\" width=\"60\" height=\"60\" class=\"wp-image-229\" style=\"width: 60px;\" src=\"https:\/\/fiscaliaguerrero.gob.mx\/wp-content\/uploads\/2026\/02\/excel.ico\" alt=\"\"><\/a><\/td><\/tr><tr><td>Informes Sobre Pasivos<br>Contingentes<br>IPC_GRO_FGE_01_24<\/td><td class=\"has-text-align-center\" data-align=\"center\"><a href=\"https:\/\/servicios.fiscaliaguerrero.gob.mx\/armoncontable\/ARMONIZACION_CONTABLE\/2024\/1TRI2024\/INFO_CONTABLE\/IPC_GRO_FGE_01_24.pdf\" data-type=\"link\" data-id=\"https:\/\/servicios.fiscaliaguerrero.gob.mx\/armoncontable\/ARMONIZACION_CONTABLE\/2024\/1TRI2024\/INFO_CONTABLE\/IPC_GRO_FGE_01_24.pdf\" target=\"_blank\" rel=\"noreferrer noopener\"><img loading=\"lazy\" decoding=\"async\" width=\"60\" height=\"74\" class=\"wp-image-223\" style=\"width: 60px;\" src=\"https:\/\/fiscaliaguerrero.gob.mx\/wp-content\/uploads\/2026\/02\/pdf.ico\" alt=\"\"><\/a><\/td><td class=\"has-text-align-center\" data-align=\"center\"><a href=\"https:\/\/servicios.fiscaliaguerrero.gob.mx\/armoncontable\/ARMONIZACION_CONTABLE\/2024\/1TRI2024\/INFO_CONTABLE\/IPC_GRO_FGE_01_24.xlsx\" data-type=\"link\" data-id=\"https:\/\/servicios.fiscaliaguerrero.gob.mx\/armoncontable\/ARMONIZACION_CONTABLE\/2024\/1TRI2024\/INFO_CONTABLE\/IPC_GRO_FGE_01_24.xlsx\" target=\"_blank\" rel=\"noreferrer noopener\"><img loading=\"lazy\" decoding=\"async\" width=\"60\" height=\"60\" class=\"wp-image-229\" style=\"width: 60px;\" src=\"https:\/\/fiscaliaguerrero.gob.mx\/wp-content\/uploads\/2026\/02\/excel.ico\" alt=\"\"><\/a><\/td><\/tr><tr><td>Notas a los Estados<br>Financieros<br>(Notas de Desglose)<br>NEF_NDM_GRO_FEG_01_24<\/td><td class=\"has-text-align-center\" data-align=\"center\"><a href=\"https:\/\/servicios.fiscaliaguerrero.gob.mx\/armoncontable\/ARMONIZACION_CONTABLE\/2024\/1TRI2024\/INFO_CONTABLE\/NEF_NDM_GRO_FGE_01_24.pdf\" data-type=\"link\" data-id=\"https:\/\/servicios.fiscaliaguerrero.gob.mx\/armoncontable\/ARMONIZACION_CONTABLE\/2024\/1TRI2024\/INFO_CONTABLE\/NEF_NDM_GRO_FGE_01_24.pdf\" target=\"_blank\" rel=\"noreferrer noopener\"><img loading=\"lazy\" decoding=\"async\" width=\"60\" height=\"74\" class=\"wp-image-223\" style=\"width: 60px;\" src=\"https:\/\/fiscaliaguerrero.gob.mx\/wp-content\/uploads\/2026\/02\/pdf.ico\" alt=\"\"><\/a><\/td><td class=\"has-text-align-center\" data-align=\"center\"><a href=\"https:\/\/servicios.fiscaliaguerrero.gob.mx\/armoncontable\/ARMONIZACION_CONTABLE\/2024\/1TRI2024\/INFO_CONTABLE\/NEF_NDM_GRO_FGE_01_24.xlsx\" data-type=\"link\" data-id=\"https:\/\/servicios.fiscaliaguerrero.gob.mx\/armoncontable\/ARMONIZACION_CONTABLE\/2024\/1TRI2024\/INFO_CONTABLE\/NEF_NDM_GRO_FGE_01_24.xlsx\" target=\"_blank\" rel=\"noreferrer noopener\"><img loading=\"lazy\" decoding=\"async\" width=\"60\" height=\"60\" class=\"wp-image-229\" style=\"width: 60px;\" src=\"https:\/\/fiscaliaguerrero.gob.mx\/wp-content\/uploads\/2026\/02\/excel.ico\" alt=\"\"><\/a><\/td><\/tr><tr><td>Notas a los Estados<br>Financieros<br>(Gesti\u00f3n Administrativa)<br>NEF_GA_GRO_FEG_01_24<\/td><td class=\"has-text-align-center\" data-align=\"center\"><a href=\"https:\/\/servicios.fiscaliaguerrero.gob.mx\/armoncontable\/ARMONIZACION_CONTABLE\/2024\/1TRI2024\/INFO_CONTABLE\/NEF_GA_GRO_FGE_01_24.pdf\" data-type=\"link\" data-id=\"https:\/\/servicios.fiscaliaguerrero.gob.mx\/armoncontable\/ARMONIZACION_CONTABLE\/2024\/1TRI2024\/INFO_CONTABLE\/NEF_GA_GRO_FGE_01_24.pdf\" target=\"_blank\" rel=\"noreferrer noopener\"><img loading=\"lazy\" decoding=\"async\" width=\"60\" height=\"74\" class=\"wp-image-223\" style=\"width: 60px;\" src=\"https:\/\/fiscaliaguerrero.gob.mx\/wp-content\/uploads\/2026\/02\/pdf.ico\" alt=\"\"><\/a><\/td><td class=\"has-text-align-center\" data-align=\"center\"><a href=\"https:\/\/servicios.fiscaliaguerrero.gob.mx\/armoncontable\/ARMONIZACION_CONTABLE\/2024\/1TRI2024\/INFO_CONTABLE\/NEF_GA_GRO_FGE_01_24.docx\" data-type=\"link\" data-id=\"https:\/\/servicios.fiscaliaguerrero.gob.mx\/armoncontable\/ARMONIZACION_CONTABLE\/2024\/1TRI2024\/INFO_CONTABLE\/NEF_GA_GRO_FGE_01_24.docx\" target=\"_blank\" rel=\"noreferrer noopener\"><img loading=\"lazy\" decoding=\"async\" width=\"60\" height=\"56\" class=\"wp-image-232\" style=\"width: 60px;\" src=\"https:\/\/fiscaliaguerrero.gob.mx\/wp-content\/uploads\/2026\/02\/word.png\" alt=\"\" srcset=\"https:\/\/fiscaliaguerrero.gob.mx\/wp-content\/uploads\/2026\/02\/word.png 960w, https:\/\/fiscaliaguerrero.gob.mx\/wp-content\/uploads\/2026\/02\/word-300x279.png 300w, https:\/\/fiscaliaguerrero.gob.mx\/wp-content\/uploads\/2026\/02\/word-768x715.png 768w\" sizes=\"auto, (max-width: 60px) 100vw, 60px\" \/><\/a><\/td><\/tr><\/tbody><\/table><\/figure>\n\n\n\n<p><\/p>\n","protected":false},"excerpt":{"rendered":"<p>Armonizaci\u00f3n Contable > 2024 Primer Trimestre > Informaci\u00f3n Contable Estado de ActividadesEA_GRO_FGE_01_24 Estado Anal\u00edtico del ActivoEAA_GRO_FGE_01_24 Estado Anal\u00edtico de laDeuda y Otros PasivosEADyOP_GRO_FGE_01_24 Estado de Cambios en laSituaci\u00f3n FinancieraECSF_GRO_FGE_01_24 Estado de Flujos de EfectivoEFE_GRO_FGE_01_24 Estado de Situaci\u00f3n FinancieraESF_GRO_FGE_01_24 Estado de Variaci\u00f3n en laHacienda P\u00fablicaEVHP_GRO_FGE_01_24 Informes Sobre PasivosContingentesIPC_GRO_FGE_01_24 Notas a los EstadosFinancieros(Notas de Desglose)NEF_NDM_GRO_FEG_01_24 Notas a [&hellip;]<\/p>\n","protected":false},"author":2,"featured_media":0,"parent":0,"menu_order":0,"comment_status":"closed","ping_status":"closed","template":"","meta":{"footnotes":""},"class_list":["post-769","page","type-page","status-publish","hentry"],"_links":{"self":[{"href":"https:\/\/fiscaliaguerrero.gob.mx\/index.php\/wp-json\/wp\/v2\/pages\/769","targetHints":{"allow":["GET"]}}],"collection":[{"href":"https:\/\/fiscaliaguerrero.gob.mx\/index.php\/wp-json\/wp\/v2\/pages"}],"about":[{"href":"https:\/\/fiscaliaguerrero.gob.mx\/index.php\/wp-json\/wp\/v2\/types\/page"}],"author":[{"embeddable":true,"href":"https:\/\/fiscaliaguerrero.gob.mx\/index.php\/wp-json\/wp\/v2\/users\/2"}],"replies":[{"embeddable":true,"href":"https:\/\/fiscaliaguerrero.gob.mx\/index.php\/wp-json\/wp\/v2\/comments?post=769"}],"version-history":[{"count":1,"href":"https:\/\/fiscaliaguerrero.gob.mx\/index.php\/wp-json\/wp\/v2\/pages\/769\/revisions"}],"predecessor-version":[{"id":776,"href":"https:\/\/fiscaliaguerrero.gob.mx\/index.php\/wp-json\/wp\/v2\/pages\/769\/revisions\/776"}],"wp:attachment":[{"href":"https:\/\/fiscaliaguerrero.gob.mx\/index.php\/wp-json\/wp\/v2\/media?parent=769"}],"curies":[{"name":"wp","href":"https:\/\/api.w.org\/{rel}","templated":true}]}}