{"id":796,"date":"2026-02-24T20:41:26","date_gmt":"2026-02-24T19:41:26","guid":{"rendered":"https:\/\/fiscaliaguerrero.gob.mx\/?page_id=796"},"modified":"2026-03-05T17:53:34","modified_gmt":"2026-03-05T16:53:34","slug":"2017-cuarto-trimestre","status":"publish","type":"page","link":"https:\/\/fiscaliaguerrero.gob.mx\/index.php\/2017-cuarto-trimestre\/","title":{"rendered":"2017 Cuarto Trimestre"},"content":{"rendered":"\n<p class=\"has-contrast-2-color has-text-color has-link-color wp-elements-b8122017514c4b76c314db87b6075939\">Armonizaci\u00f3n Contable &gt; 2017 Cuarto Trimestre<\/p>\n\n\n\n<p class=\"has-text-color has-link-color wp-elements-0ff79fe4ed20188fc37a7f75256abf2a\" style=\"color:#182eda\"><a href=\"https:\/\/fiscaliaguerrero.gob.mx\/index.php\/informacion-contable-4tri-2017\/\" data-type=\"link\" data-id=\"https:\/\/fiscaliaguerrero.gob.mx\/index.php\/informacion-contable-4tri-2017\/\">Informaci\u00f3n Contable<\/a><\/p>\n\n\n\n<p class=\"has-text-color has-link-color wp-elements-953708b6a496d72a91248ea65c51d5b5\" style=\"color:#182eda\"><a href=\"https:\/\/fiscaliaguerrero.gob.mx\/index.php\/informacion-presupuestal-4tri-2017\/\" data-type=\"link\" data-id=\"https:\/\/fiscaliaguerrero.gob.mx\/index.php\/informacion-presupuestal-4tri-2017\/\">Informaci\u00f3n Presupuestal<\/a><\/p>\n\n\n\n<p class=\"has-text-color has-link-color wp-elements-763e9075555b58e544c1f7bd32153e23\" style=\"color:#182eda\"><a href=\"https:\/\/fiscaliaguerrero.gob.mx\/index.php\/informacion-programatica-4tri-2017\/\" data-type=\"link\" data-id=\"https:\/\/fiscaliaguerrero.gob.mx\/index.php\/informacion-programatica-4tri-2017\/\">Informaci\u00f3n Program\u00e1tica<\/a><\/p>\n\n\n\n<p class=\"has-text-color has-link-color wp-elements-fe15e86b63be384905b46ab99da994ab\" style=\"color:#081366\"><a href=\"https:\/\/fiscaliaguerrero.gob.mx\/index.php\/ley-de-disciplina-financiera-4tri-2017\/\"><strong>Ley de Disciplina Financiera<\/strong><\/a><\/p>\n\n\n\n<p><\/p>\n","protected":false},"excerpt":{"rendered":"<p>Armonizaci\u00f3n Contable &gt; 2017 Cuarto Trimestre Informaci\u00f3n Contable Informaci\u00f3n Presupuestal Informaci\u00f3n Program\u00e1tica Ley de Disciplina Financiera<\/p>\n","protected":false},"author":2,"featured_media":0,"parent":0,"menu_order":0,"comment_status":"closed","ping_status":"closed","template":"","meta":{"footnotes":""},"class_list":["post-796","page","type-page","status-publish","hentry"],"_links":{"self":[{"href":"https:\/\/fiscaliaguerrero.gob.mx\/index.php\/wp-json\/wp\/v2\/pages\/796","targetHints":{"allow":["GET"]}}],"collection":[{"href":"https:\/\/fiscaliaguerrero.gob.mx\/index.php\/wp-json\/wp\/v2\/pages"}],"about":[{"href":"https:\/\/fiscaliaguerrero.gob.mx\/index.php\/wp-json\/wp\/v2\/types\/page"}],"author":[{"embeddable":true,"href":"https:\/\/fiscaliaguerrero.gob.mx\/index.php\/wp-json\/wp\/v2\/users\/2"}],"replies":[{"embeddable":true,"href":"https:\/\/fiscaliaguerrero.gob.mx\/index.php\/wp-json\/wp\/v2\/comments?post=796"}],"version-history":[{"count":3,"href":"https:\/\/fiscaliaguerrero.gob.mx\/index.php\/wp-json\/wp\/v2\/pages\/796\/revisions"}],"predecessor-version":[{"id":1442,"href":"https:\/\/fiscaliaguerrero.gob.mx\/index.php\/wp-json\/wp\/v2\/pages\/796\/revisions\/1442"}],"wp:attachment":[{"href":"https:\/\/fiscaliaguerrero.gob.mx\/index.php\/wp-json\/wp\/v2\/media?parent=796"}],"curies":[{"name":"wp","href":"https:\/\/api.w.org\/{rel}","templated":true}]}}