{"id":825,"date":"2026-02-24T21:12:57","date_gmt":"2026-02-24T20:12:57","guid":{"rendered":"https:\/\/fiscaliaguerrero.gob.mx\/?page_id=825"},"modified":"2026-02-26T17:35:37","modified_gmt":"2026-02-26T16:35:37","slug":"informacion-programatica-1tri-2019","status":"publish","type":"page","link":"https:\/\/fiscaliaguerrero.gob.mx\/index.php\/informacion-programatica-1tri-2019\/","title":{"rendered":"Informaci\u00f3n Program\u00e1tica 1Tri 2019"},"content":{"rendered":"\n<p class=\"has-contrast-2-color has-text-color has-link-color wp-elements-75f81487d9e51758bf80f21a506e9ace\">Armonizaci\u00f3n Contable &gt; 2019 Primer Trimestre &gt; Informaci\u00f3n Program\u00e1tica<\/p>\n\n\n\n<figure class=\"wp-block-table alignwide\"><table class=\"has-contrast-2-color has-text-color has-link-color has-fixed-layout\"><tbody><tr><td>ReGasto por Categor\u00eda<br>Program\u00e1tica<br>GCP_GRO_FGE_01_19<\/td><td class=\"has-text-align-center\" data-align=\"center\"><a href=\"https:\/\/servicios.fiscaliaguerrero.gob.mx\/armoncontable\/ARMONIZACION_CONTABLE\/2019\/1er%20Trimestre\/1_TRI\/LEY_GRAL_CONTA_GUBER\/INFO_PROGRAMATICA\/GCP_GRO_FGE_01_19.pdf\"><img loading=\"lazy\" decoding=\"async\" width=\"60\" height=\"74\" class=\"wp-image-223\" style=\"width: 60px;\" src=\"https:\/\/fiscaliaguerrero.gob.mx\/wp-content\/uploads\/2026\/02\/pdf.ico\" alt=\"\"><\/a><\/td><td class=\"has-text-align-center\" data-align=\"center\"><a href=\"https:\/\/servicios.fiscaliaguerrero.gob.mx\/armoncontable\/ARMONIZACION_CONTABLE\/2019\/1er%20Trimestre\/1_TRI\/LEY_GRAL_CONTA_GUBER\/INFO_PROGRAMATICA\/GCP_GRO_FGE_01_19.xlsx\"><img loading=\"lazy\" decoding=\"async\" width=\"60\" height=\"60\" class=\"wp-image-229\" style=\"width: 60px;\" src=\"https:\/\/fiscaliaguerrero.gob.mx\/wp-content\/uploads\/2026\/02\/excel.ico\" alt=\"\"><\/a><\/td><\/tr><tr><td>Indicadores de Resultados<br>IR_GRO_FGE_01_19<\/td><td class=\"has-text-align-center\" data-align=\"center\"><a href=\"https:\/\/servicios.fiscaliaguerrero.gob.mx\/armoncontable\/ARMONIZACION_CONTABLE\/2019\/1er%20Trimestre\/1_TRI\/LEY_GRAL_CONTA_GUBER\/INFO_PROGRAMATICA\/IR_GRO_FGE_01_19.pdf\"><img loading=\"lazy\" decoding=\"async\" width=\"60\" height=\"74\" class=\"wp-image-223\" style=\"width: 60px;\" src=\"https:\/\/fiscaliaguerrero.gob.mx\/wp-content\/uploads\/2026\/02\/pdf.ico\" alt=\"\"><\/a><\/td><td class=\"has-text-align-center\" data-align=\"center\"><a href=\"https:\/\/servicios.fiscaliaguerrero.gob.mx\/armoncontable\/ARMONIZACION_CONTABLE\/2019\/1er%20Trimestre\/1_TRI\/LEY_GRAL_CONTA_GUBER\/INFO_PROGRAMATICA\/IR_GRO_FGE_01_19.xlsx\"><img loading=\"lazy\" decoding=\"async\" width=\"60\" height=\"60\" class=\"wp-image-229\" style=\"width: 60px;\" src=\"https:\/\/fiscaliaguerrero.gob.mx\/wp-content\/uploads\/2026\/02\/excel.ico\" alt=\"\"><\/a><\/td><\/tr><tr><td>Programas y Proyectos<br>de Inversi\u00f3n<br>PPI_GRO_FGE_01_19<\/td><td class=\"has-text-align-center\" data-align=\"center\"><a href=\"https:\/\/servicios.fiscaliaguerrero.gob.mx\/armoncontable\/ARMONIZACION_CONTABLE\/2019\/1er%20Trimestre\/1_TRI\/LEY_GRAL_CONTA_GUBER\/INFO_PROGRAMATICA\/PPI_GRO_FGE_01_19.pdf\"><img loading=\"lazy\" decoding=\"async\" width=\"60\" height=\"74\" class=\"wp-image-223\" style=\"width: 60px;\" src=\"https:\/\/fiscaliaguerrero.gob.mx\/wp-content\/uploads\/2026\/02\/pdf.ico\" alt=\"\"><\/a><\/td><td class=\"has-text-align-center\" data-align=\"center\"><a href=\"https:\/\/servicios.fiscaliaguerrero.gob.mx\/armoncontable\/ARMONIZACION_CONTABLE\/2019\/1er%20Trimestre\/1_TRI\/LEY_GRAL_CONTA_GUBER\/INFO_PROGRAMATICA\/PPI_GRO_FGE_01_19.xlsx\"><img loading=\"lazy\" decoding=\"async\" width=\"60\" height=\"60\" class=\"wp-image-229\" style=\"width: 60px;\" src=\"https:\/\/fiscaliaguerrero.gob.mx\/wp-content\/uploads\/2026\/02\/excel.ico\" alt=\"\"><\/a><\/td><\/tr><tr><td>ReAnal\u00edtico de Montos Pagados por Ayudas y Subsidios<br>MPAS_GRO_FGE_01_19<\/td><td class=\"has-text-align-center\" data-align=\"center\"><a href=\"https:\/\/servicios.fiscaliaguerrero.gob.mx\/armoncontable\/ARMONIZACION_CONTABLE\/2019\/1er%20Trimestre\/1_TRI\/LEY_GRAL_CONTA_GUBER\/INFO_PROGRAMATICA\/MPAS_GRO_FGE_01_19.pdf\"><img loading=\"lazy\" decoding=\"async\" width=\"60\" height=\"74\" class=\"wp-image-223\" style=\"width: 60px;\" src=\"https:\/\/fiscaliaguerrero.gob.mx\/wp-content\/uploads\/2026\/02\/pdf.ico\" alt=\"\"><\/a><\/td><td class=\"has-text-align-center\" data-align=\"center\"><a href=\"https:\/\/servicios.fiscaliaguerrero.gob.mx\/armoncontable\/ARMONIZACION_CONTABLE\/2019\/1er%20Trimestre\/1_TRI\/LEY_GRAL_CONTA_GUBER\/INFO_PROGRAMATICA\/MPAS_GRO_FGE_01_19.xlsx\"><img loading=\"lazy\" decoding=\"async\" width=\"60\" height=\"60\" class=\"wp-image-229\" style=\"width: 60px;\" src=\"https:\/\/fiscaliaguerrero.gob.mx\/wp-content\/uploads\/2026\/02\/excel.ico\" alt=\"\"><\/a><\/td><\/tr><\/tbody><\/table><\/figure>\n\n\n\n<p><\/p>\n","protected":false},"excerpt":{"rendered":"<p>Armonizaci\u00f3n Contable &gt; 2019 Primer Trimestre &gt; Informaci\u00f3n Program\u00e1tica ReGasto por Categor\u00edaProgram\u00e1ticaGCP_GRO_FGE_01_19 Indicadores de ResultadosIR_GRO_FGE_01_19 Programas y Proyectosde Inversi\u00f3nPPI_GRO_FGE_01_19 ReAnal\u00edtico de Montos Pagados por Ayudas y SubsidiosMPAS_GRO_FGE_01_19<\/p>\n","protected":false},"author":2,"featured_media":0,"parent":0,"menu_order":0,"comment_status":"closed","ping_status":"closed","template":"","meta":{"footnotes":""},"class_list":["post-825","page","type-page","status-publish","hentry"],"_links":{"self":[{"href":"https:\/\/fiscaliaguerrero.gob.mx\/index.php\/wp-json\/wp\/v2\/pages\/825","targetHints":{"allow":["GET"]}}],"collection":[{"href":"https:\/\/fiscaliaguerrero.gob.mx\/index.php\/wp-json\/wp\/v2\/pages"}],"about":[{"href":"https:\/\/fiscaliaguerrero.gob.mx\/index.php\/wp-json\/wp\/v2\/types\/page"}],"author":[{"embeddable":true,"href":"https:\/\/fiscaliaguerrero.gob.mx\/index.php\/wp-json\/wp\/v2\/users\/2"}],"replies":[{"embeddable":true,"href":"https:\/\/fiscaliaguerrero.gob.mx\/index.php\/wp-json\/wp\/v2\/comments?post=825"}],"version-history":[{"count":2,"href":"https:\/\/fiscaliaguerrero.gob.mx\/index.php\/wp-json\/wp\/v2\/pages\/825\/revisions"}],"predecessor-version":[{"id":1023,"href":"https:\/\/fiscaliaguerrero.gob.mx\/index.php\/wp-json\/wp\/v2\/pages\/825\/revisions\/1023"}],"wp:attachment":[{"href":"https:\/\/fiscaliaguerrero.gob.mx\/index.php\/wp-json\/wp\/v2\/media?parent=825"}],"curies":[{"name":"wp","href":"https:\/\/api.w.org\/{rel}","templated":true}]}}