{"id":834,"date":"2026-02-24T21:24:11","date_gmt":"2026-02-24T20:24:11","guid":{"rendered":"https:\/\/fiscaliaguerrero.gob.mx\/?page_id=834"},"modified":"2026-02-24T21:27:21","modified_gmt":"2026-02-24T20:27:21","slug":"informacion-presupuestal-2tri-2017-2","status":"publish","type":"page","link":"https:\/\/fiscaliaguerrero.gob.mx\/index.php\/informacion-presupuestal-2tri-2017-2\/","title":{"rendered":"Informaci\u00f3n Presupuestal 2Tri 2017"},"content":{"rendered":"\n<p class=\"has-contrast-2-color has-text-color has-link-color wp-elements-3fba562aed7198cca4868649445c63a1\">Armonizaci\u00f3n Contable > 2017 Segundo Trimestre > Informaci\u00f3n Program\u00e1tica<\/p>\n\n\n\n<figure class=\"wp-block-table alignwide\"><table class=\"has-contrast-2-color has-text-color has-link-color has-fixed-layout\"><tbody><tr><td>ReGasto por Categor\u00eda<br>Program\u00e1tica<br>GCP_GRO_FGE_02_17<\/td><td class=\"has-text-align-center\" data-align=\"center\"><a href=\"https:\/\/servicios.fiscaliaguerrero.gob.mx\/armoncontable\/ARMONIZACION_CONTABLE\/2017\/2do%20Trimestre\/2017_2TRI_LGCG_INFOPROGRA\/GCP_GRO_FGE_02_17.pdf\" data-type=\"link\" data-id=\"https:\/\/servicios.fiscaliaguerrero.gob.mx\/armoncontable\/ARMONIZACION_CONTABLE\/2017\/2do%20Trimestre\/2017_2TRI_LGCG_INFOPROGRA\/GCP_GRO_FGE_02_17.pdf\" target=\"_blank\" rel=\"noreferrer noopener\"><img loading=\"lazy\" decoding=\"async\" width=\"60\" height=\"74\" class=\"wp-image-223\" style=\"width: 60px;\" src=\"https:\/\/fiscaliaguerrero.gob.mx\/wp-content\/uploads\/2026\/02\/pdf.ico\" alt=\"\"><\/a><\/td><td class=\"has-text-align-center\" data-align=\"center\"><a href=\"https:\/\/servicios.fiscaliaguerrero.gob.mx\/armoncontable\/ARMONIZACION_CONTABLE\/2017\/2do%20Trimestre\/2017_2TRI_LGCG_INFOPROGRA\/GCP_GRO_FGE_02_17.xlsx\" data-type=\"link\" data-id=\"https:\/\/servicios.fiscaliaguerrero.gob.mx\/armoncontable\/ARMONIZACION_CONTABLE\/2017\/2do%20Trimestre\/2017_2TRI_LGCG_INFOPROGRA\/GCP_GRO_FGE_02_17.xlsx\" target=\"_blank\" rel=\"noreferrer noopener\"><img loading=\"lazy\" decoding=\"async\" width=\"60\" height=\"60\" class=\"wp-image-229\" style=\"width: 60px;\" src=\"https:\/\/fiscaliaguerrero.gob.mx\/wp-content\/uploads\/2026\/02\/excel.ico\" alt=\"\"><\/a><\/td><\/tr><tr><td>Indicadores de Resultados<br>IR_GRO_FGE_02_17<\/td><td class=\"has-text-align-center\" data-align=\"center\"><a href=\"https:\/\/servicios.fiscaliaguerrero.gob.mx\/armoncontable\/ARMONIZACION_CONTABLE\/2017\/2do%20Trimestre\/2017_2TRI_LGCG_INFOPROGRA\/IR_GRO_FGE_02_17.pdf\" data-type=\"link\" data-id=\"https:\/\/servicios.fiscaliaguerrero.gob.mx\/armoncontable\/ARMONIZACION_CONTABLE\/2017\/2do%20Trimestre\/2017_2TRI_LGCG_INFOPROGRA\/IR_GRO_FGE_02_17.pdf\" target=\"_blank\" rel=\"noreferrer noopener\"><img loading=\"lazy\" decoding=\"async\" width=\"60\" height=\"74\" class=\"wp-image-223\" style=\"width: 60px;\" src=\"https:\/\/fiscaliaguerrero.gob.mx\/wp-content\/uploads\/2026\/02\/pdf.ico\" alt=\"\"><\/a><\/td><td class=\"has-text-align-center\" data-align=\"center\"><a href=\"https:\/\/servicios.fiscaliaguerrero.gob.mx\/armoncontable\/ARMONIZACION_CONTABLE\/2017\/2do%20Trimestre\/2017_2TRI_LGCG_INFOPROGRA\/IR_GRO_FGE_02_17.xls\" data-type=\"link\" data-id=\"https:\/\/servicios.fiscaliaguerrero.gob.mx\/armoncontable\/ARMONIZACION_CONTABLE\/2017\/2do%20Trimestre\/2017_2TRI_LGCG_INFOPROGRA\/IR_GRO_FGE_02_17.xls\" target=\"_blank\" rel=\"noreferrer noopener\"><img loading=\"lazy\" decoding=\"async\" width=\"60\" height=\"60\" class=\"wp-image-229\" style=\"width: 60px;\" src=\"https:\/\/fiscaliaguerrero.gob.mx\/wp-content\/uploads\/2026\/02\/excel.ico\" alt=\"\"><\/a><\/td><\/tr><tr><td>Programas y Proyectos<br>de Inversi\u00f3n<br>PPI_GRO_FGE_02_17<\/td><td class=\"has-text-align-center\" data-align=\"center\"><a href=\"https:\/\/servicios.fiscaliaguerrero.gob.mx\/armoncontable\/ARMONIZACION_CONTABLE\/2017\/2do%20Trimestre\/2017_2TRI_LGCG_INFOPROGRA\/PPI_GRO_FGE_02_17.pdf\" data-type=\"link\" data-id=\"https:\/\/servicios.fiscaliaguerrero.gob.mx\/armoncontable\/ARMONIZACION_CONTABLE\/2017\/2do%20Trimestre\/2017_2TRI_LGCG_INFOPROGRA\/PPI_GRO_FGE_02_17.pdf\" target=\"_blank\" rel=\"noreferrer noopener\"><img loading=\"lazy\" decoding=\"async\" width=\"60\" height=\"74\" class=\"wp-image-223\" style=\"width: 60px;\" src=\"https:\/\/fiscaliaguerrero.gob.mx\/wp-content\/uploads\/2026\/02\/pdf.ico\" alt=\"\"><\/a><\/td><td class=\"has-text-align-center\" data-align=\"center\"><a href=\"https:\/\/servicios.fiscaliaguerrero.gob.mx\/armoncontable\/ARMONIZACION_CONTABLE\/2017\/2do%20Trimestre\/2017_2TRI_LGCG_INFOPROGRA\/PPI_GRO_FGE_02_17.docx\" data-type=\"link\" data-id=\"https:\/\/servicios.fiscaliaguerrero.gob.mx\/armoncontable\/ARMONIZACION_CONTABLE\/2017\/2do%20Trimestre\/2017_2TRI_LGCG_INFOPROGRA\/PPI_GRO_FGE_02_17.docx\" target=\"_blank\" rel=\"noreferrer noopener\"><img loading=\"lazy\" decoding=\"async\" width=\"60\" height=\"56\" class=\"wp-image-232\" style=\"width: 60px;\" src=\"https:\/\/fiscaliaguerrero.gob.mx\/wp-content\/uploads\/2026\/02\/word.png\" alt=\"\" srcset=\"https:\/\/fiscaliaguerrero.gob.mx\/wp-content\/uploads\/2026\/02\/word.png 960w, https:\/\/fiscaliaguerrero.gob.mx\/wp-content\/uploads\/2026\/02\/word-300x279.png 300w, https:\/\/fiscaliaguerrero.gob.mx\/wp-content\/uploads\/2026\/02\/word-768x715.png 768w\" sizes=\"auto, (max-width: 60px) 100vw, 60px\" \/><\/a><\/td><\/tr><tr><td>ReAnal\u00edtico de Montos Pagados por Ayudas y Subsidios<br>MPAS_GRO_FGE_02_17<\/td><td class=\"has-text-align-center\" data-align=\"center\"><a href=\"https:\/\/servicios.fiscaliaguerrero.gob.mx\/armoncontable\/ARMONIZACION_CONTABLE\/2017\/2do%20Trimestre\/2017_2TRI_LGCG_INFOPROGRA\/MPAS_GRO_FGE_02_17.pdf\" data-type=\"link\" data-id=\"https:\/\/servicios.fiscaliaguerrero.gob.mx\/armoncontable\/ARMONIZACION_CONTABLE\/2017\/2do%20Trimestre\/2017_2TRI_LGCG_INFOPROGRA\/MPAS_GRO_FGE_02_17.pdf\" target=\"_blank\" rel=\"noreferrer noopener\"><img loading=\"lazy\" decoding=\"async\" width=\"60\" height=\"74\" class=\"wp-image-223\" style=\"width: 60px;\" src=\"https:\/\/fiscaliaguerrero.gob.mx\/wp-content\/uploads\/2026\/02\/pdf.ico\" alt=\"\"><\/a><\/td><td class=\"has-text-align-center\" data-align=\"center\"><a href=\"https:\/\/servicios.fiscaliaguerrero.gob.mx\/armoncontable\/ARMONIZACION_CONTABLE\/2017\/2do%20Trimestre\/2017_2TRI_LGCG_INFOPROGRA\/MPAS_GRO_FGE_02_17.xlsx\" data-type=\"link\" data-id=\"https:\/\/servicios.fiscaliaguerrero.gob.mx\/armoncontable\/ARMONIZACION_CONTABLE\/2017\/2do%20Trimestre\/2017_2TRI_LGCG_INFOPROGRA\/MPAS_GRO_FGE_02_17.xlsx\" target=\"_blank\" rel=\"noreferrer noopener\"><img loading=\"lazy\" decoding=\"async\" width=\"60\" height=\"60\" class=\"wp-image-229\" style=\"width: 60px;\" src=\"https:\/\/fiscaliaguerrero.gob.mx\/wp-content\/uploads\/2026\/02\/excel.ico\" alt=\"\"><\/a><\/td><\/tr><\/tbody><\/table><\/figure>\n\n\n\n<p><\/p>\n","protected":false},"excerpt":{"rendered":"<p>Armonizaci\u00f3n Contable > 2017 Segundo Trimestre > Informaci\u00f3n Program\u00e1tica ReGasto por Categor\u00edaProgram\u00e1ticaGCP_GRO_FGE_02_17 Indicadores de ResultadosIR_GRO_FGE_02_17 Programas y Proyectosde Inversi\u00f3nPPI_GRO_FGE_02_17 ReAnal\u00edtico de Montos Pagados por Ayudas y SubsidiosMPAS_GRO_FGE_02_17<\/p>\n","protected":false},"author":2,"featured_media":0,"parent":0,"menu_order":0,"comment_status":"closed","ping_status":"closed","template":"","meta":{"footnotes":""},"class_list":["post-834","page","type-page","status-publish","hentry"],"_links":{"self":[{"href":"https:\/\/fiscaliaguerrero.gob.mx\/index.php\/wp-json\/wp\/v2\/pages\/834","targetHints":{"allow":["GET"]}}],"collection":[{"href":"https:\/\/fiscaliaguerrero.gob.mx\/index.php\/wp-json\/wp\/v2\/pages"}],"about":[{"href":"https:\/\/fiscaliaguerrero.gob.mx\/index.php\/wp-json\/wp\/v2\/types\/page"}],"author":[{"embeddable":true,"href":"https:\/\/fiscaliaguerrero.gob.mx\/index.php\/wp-json\/wp\/v2\/users\/2"}],"replies":[{"embeddable":true,"href":"https:\/\/fiscaliaguerrero.gob.mx\/index.php\/wp-json\/wp\/v2\/comments?post=834"}],"version-history":[{"count":3,"href":"https:\/\/fiscaliaguerrero.gob.mx\/index.php\/wp-json\/wp\/v2\/pages\/834\/revisions"}],"predecessor-version":[{"id":838,"href":"https:\/\/fiscaliaguerrero.gob.mx\/index.php\/wp-json\/wp\/v2\/pages\/834\/revisions\/838"}],"wp:attachment":[{"href":"https:\/\/fiscaliaguerrero.gob.mx\/index.php\/wp-json\/wp\/v2\/media?parent=834"}],"curies":[{"name":"wp","href":"https:\/\/api.w.org\/{rel}","templated":true}]}}