{"id":93,"date":"2026-02-18T05:12:58","date_gmt":"2026-02-18T04:12:58","guid":{"rendered":"https:\/\/fiscaliaguerrero.gob.mx\/?page_id=93"},"modified":"2026-02-18T22:27:56","modified_gmt":"2026-02-18T21:27:56","slug":"93-2","status":"publish","type":"page","link":"https:\/\/fiscaliaguerrero.gob.mx\/index.php\/93-2\/","title":{"rendered":"Mantenimiento"},"content":{"rendered":"\n<div class=\"wp-block-columns alignfull is-layout-flex wp-container-core-columns-is-layout-e154fb6a wp-block-columns-is-layout-flex\" style=\"margin-top:0;margin-bottom:0;padding-top:var(--wp--preset--spacing--40);padding-right:var(--wp--preset--spacing--40);padding-bottom:var(--wp--preset--spacing--80);padding-left:var(--wp--preset--spacing--40)\">\n<div class=\"wp-block-column is-layout-flow wp-block-column-is-layout-flow\">\n<div style=\"height:90px\" aria-hidden=\"true\" class=\"wp-block-spacer\"><\/div>\n\n\n<h1 style=\"color:#00265b;\" class=\"has-text-align-center has-link-color wp-elements-7c2ae0dd4b7c324d30e3a62b2b2cd003 wp-block-site-title has-text-color has-large-font-size has-system-serif-font-family\"><a href=\"https:\/\/fiscaliaguerrero.gob.mx\" target=\"_self\" rel=\"home\">FISCAL\u00cdA GENERAL DEL ESTADO DE GUERRERO<\/a><\/h1>\n\n\n<h1 class=\"wp-block-heading has-text-align-center has-xx-large-font-size\"><strong>Sitio Web en Mantenimiento<\/strong><\/h1>\n\n\n\n<p class=\"has-text-align-center has-text-color has-link-color has-large-font-size wp-elements-d30c00879d8c533ebb2bd33675da3d04\" style=\"border-style:none;border-width:0px;color:#303030;margin-right:0rem;margin-left:0rem\">Informamos a la ciudadan\u00eda que nuestro sitio web se encuentra temporalmente en proceso de actualizaci\u00f3n y mejora, con el objetivo de optimizar la calidad y eficiencia de nuestros servicios digitales.<\/p>\n\n\n\n<h2 class=\"wp-block-heading has-text-align-center has-text-color has-link-color wp-elements-e07919cf39b5cfce342ebce65d07bee4\" style=\"border-style:none;border-width:0px;color:#00265b;margin-right:0rem;margin-left:0rem\"><strong>Nuestros servicios contin\u00faan funcionando con normalidad:<\/strong><\/h2>\n\n\n\n<div style=\"height:50px\" aria-hidden=\"true\" class=\"wp-block-spacer\"><\/div>\n\n\n\n<div class=\"wp-block-buttons has-custom-font-size has-medium-font-size is-content-justification-center is-layout-flex wp-container-core-buttons-is-layout-06fdf436 wp-block-buttons-is-layout-flex\" style=\"border-top-left-radius:100px;border-top-right-radius:100px;border-bottom-left-radius:100px;border-bottom-right-radius:100px;margin-top:0;margin-bottom:0;padding-top:0;padding-bottom:0\">\n<div class=\"wp-block-button is-style-fill\"><a class=\"wp-block-button__link wp-element-button\" href=\"https:\/\/servicios.fiscaliaguerrero.gob.mx\/convocatoria\/\" style=\"border-top-left-radius:5px;border-top-right-radius:5px;border-bottom-left-radius:5px;border-bottom-right-radius:5px;padding-top:25px;padding-right:40px;padding-bottom:25px;padding-left:40px\" target=\"_blank\">Convocatoria 2026<\/a><\/div>\n\n\n\n<div class=\"wp-block-button\"><a class=\"wp-block-button__link wp-element-button\" href=\"https:\/\/siaac.fiscaliaguerrero.gob.mx\/siaac\/CITAS\/citas\" style=\"border-top-left-radius:5px;border-top-right-radius:5px;border-bottom-left-radius:5px;border-bottom-right-radius:5px;padding-top:12px;padding-right:20px;padding-bottom:12px;padding-left:20px\" target=\"_blank\">Citas de Antecedentes no<br>Penales<\/a><\/div>\n<\/div>\n\n\n\n<div class=\"wp-block-buttons has-custom-font-size has-medium-font-size is-content-justification-center is-layout-flex wp-container-core-buttons-is-layout-a89b3969 wp-block-buttons-is-layout-flex\">\n<div class=\"wp-block-button\"><a class=\"wp-block-button__link has-background has-medium-font-size has-custom-font-size wp-element-button\" href=\"https:\/\/servicios.fiscaliaguerrero.gob.mx\/constancia\/\" style=\"border-top-left-radius:5px;border-top-right-radius:5px;border-bottom-left-radius:5px;border-bottom-right-radius:5px;background-color:#00265b;padding-right:30px;padding-left:30px\" target=\"_blank\">Constancia de Robo<br>y\/o Extrav\u00edo<\/a><\/div>\n\n\n\n<div class=\"wp-block-button\"><a class=\"wp-block-button__link has-background has-medium-font-size has-custom-font-size wp-element-button\" href=\"https:\/\/servicios.fiscaliaguerrero.gob.mx\/constancia\/verificar_constancia.php\" style=\"border-top-left-radius:5px;border-top-right-radius:5px;border-bottom-left-radius:5px;border-bottom-right-radius:5px;background-color:#00265b;padding-right:11px;padding-left:11px\" target=\"_blank\">Verificaci\u00f3n de Constancia<br>de Robo y\/o Extrav\u00edo<\/a><\/div>\n<\/div>\n\n\n\n<div class=\"wp-block-buttons has-custom-font-size has-medium-font-size is-content-justification-center is-layout-flex wp-container-core-buttons-is-layout-a89b3969 wp-block-buttons-is-layout-flex\">\n<div class=\"wp-block-button is-style-fill\"><a class=\"wp-block-button__link has-medium-font-size has-custom-font-size wp-element-button\" href=\"https:\/\/fiscaliaguerrero.gob.mx\/index.php\/armonizacion-contable\/\" style=\"border-top-left-radius:5px;border-top-right-radius:5px;border-bottom-left-radius:5px;border-bottom-right-radius:5px;padding-top:var(--wp--preset--spacing--20);padding-bottom:var(--wp--preset--spacing--20)\" target=\"_blank\" rel=\"noreferrer noopener\">Armonizaci\u00f3n Contable<\/a><\/div>\n\n\n\n<div class=\"wp-block-button\"><a class=\"wp-block-button__link wp-element-button\" href=\"https:\/\/servicios.fiscaliaguerrero.gob.mx\/alertas\/VistasPublico\/VistaPublicoDesaparecido\/HasVistoA\/VistaHasVistoA.php\" style=\"padding-top:25px;padding-right:65px;padding-bottom:25px;padding-left:65px\" target=\"_blank\" rel=\"noreferrer noopener\">Has visto a&#8230;<\/a><\/div>\n<\/div>\n\n\n\n<div style=\"height:50px\" aria-hidden=\"true\" class=\"wp-block-spacer\"><\/div>\n\n\n\n<p class=\"has-text-align-center has-large-font-size\" style=\"border-style:none;border-width:0px;margin-right:0rem;margin-left:0rem\">Nuestra prioridad es brindar atenci\u00f3n oportuna, eficiente y de calidad a la ciudadan\u00eda. Por ello, los servicios mencionados se encuentran operando con total normalidad a trav\u00e9s de nuestros canales oficiales.<\/p>\n\n\n\n<p class=\"has-text-align-center has-small-font-size\" style=\"border-style:none;border-width:0px;margin-right:var(--wp--preset--spacing--80);margin-left:var(--wp--preset--spacing--80)\">\u00a9 2026 Fiscal\u00eda General del Estado de Guerrero<\/p>\n<\/div>\n<\/div>\n","protected":false},"excerpt":{"rendered":"<p>Sitio Web en Mantenimiento Informamos a la ciudadan\u00eda que nuestro sitio web se encuentra temporalmente en proceso de actualizaci\u00f3n y mejora, con el objetivo de optimizar la calidad y eficiencia de nuestros servicios digitales. Nuestros servicios contin\u00faan funcionando con normalidad: Nuestra prioridad es brindar atenci\u00f3n oportuna, eficiente y de calidad a la ciudadan\u00eda. Por ello, [&hellip;]<\/p>\n","protected":false},"author":3,"featured_media":0,"parent":0,"menu_order":0,"comment_status":"closed","ping_status":"closed","template":"page-no-title","meta":{"footnotes":""},"class_list":["post-93","page","type-page","status-publish","hentry"],"_links":{"self":[{"href":"https:\/\/fiscaliaguerrero.gob.mx\/index.php\/wp-json\/wp\/v2\/pages\/93","targetHints":{"allow":["GET"]}}],"collection":[{"href":"https:\/\/fiscaliaguerrero.gob.mx\/index.php\/wp-json\/wp\/v2\/pages"}],"about":[{"href":"https:\/\/fiscaliaguerrero.gob.mx\/index.php\/wp-json\/wp\/v2\/types\/page"}],"author":[{"embeddable":true,"href":"https:\/\/fiscaliaguerrero.gob.mx\/index.php\/wp-json\/wp\/v2\/users\/3"}],"replies":[{"embeddable":true,"href":"https:\/\/fiscaliaguerrero.gob.mx\/index.php\/wp-json\/wp\/v2\/comments?post=93"}],"version-history":[{"count":58,"href":"https:\/\/fiscaliaguerrero.gob.mx\/index.php\/wp-json\/wp\/v2\/pages\/93\/revisions"}],"predecessor-version":[{"id":246,"href":"https:\/\/fiscaliaguerrero.gob.mx\/index.php\/wp-json\/wp\/v2\/pages\/93\/revisions\/246"}],"wp:attachment":[{"href":"https:\/\/fiscaliaguerrero.gob.mx\/index.php\/wp-json\/wp\/v2\/media?parent=93"}],"curies":[{"name":"wp","href":"https:\/\/api.w.org\/{rel}","templated":true}]}}