{"id":940,"date":"2026-02-26T16:45:09","date_gmt":"2026-02-26T15:45:09","guid":{"rendered":"https:\/\/fiscaliaguerrero.gob.mx\/?page_id=940"},"modified":"2026-02-26T17:31:38","modified_gmt":"2026-02-26T16:31:38","slug":"informacion-presupuestal-2tri-2018","status":"publish","type":"page","link":"https:\/\/fiscaliaguerrero.gob.mx\/index.php\/informacion-presupuestal-2tri-2018\/","title":{"rendered":"Informaci\u00f3n Presupuestal 2Tri 2018"},"content":{"rendered":"\n<p class=\"has-contrast-2-color has-text-color has-link-color wp-elements-b8c71d976ecec95a23e1d7804d734a01\">Armonizaci\u00f3n Contable &gt; 2018 Segundo Trimestre &gt; Informaci\u00f3n Presupuestal<\/p>\n\n\n\n<figure class=\"wp-block-table alignwide\"><table class=\"has-contrast-2-color has-text-color has-link-color has-fixed-layout\"><tbody><tr><td>Estado Anal\u00edtico del Ejercicio<br>del Presupuesto de Egresos<br>(Econ\u00f3mica)<br>EAEPE_GRO_FGE_02_18<\/td><td class=\"has-text-align-center\" data-align=\"center\"><a href=\"https:\/\/servicios.fiscaliaguerrero.gob.mx\/armoncontable\/ARMONIZACION_CONTABLE\/2018\/2do%20Trimestre\/2018_2TRI_LGCG\/INFORMACION_PRESUPUESTAL\/EAEPE_GRO_FGE_02_18.pdf\" target=\"_blank\" rel=\"noreferrer noopener\"><img loading=\"lazy\" decoding=\"async\" width=\"60\" height=\"74\" class=\"wp-image-223\" style=\"width: 60px;\" src=\"https:\/\/fiscaliaguerrero.gob.mx\/wp-content\/uploads\/2026\/02\/pdf.ico\" alt=\"\"><\/a><\/td><td class=\"has-text-align-center\" data-align=\"center\"><a href=\"https:\/\/view.officeapps.live.com\/op\/view.aspx?src=https%3A%2F%2Fservicios.fiscaliaguerrero.gob.mx%2Farmoncontable%2FARMONIZACION_CONTABLE%2F2018%2F2do%2520Trimestre%2F2018_2TRI_LGCG%2FINFORMACION_PRESUPUESTAL%2FEAEPE_GRO_FGE_02_18.xls&amp;wdOrigin=BROWSELINK\" target=\"_blank\" rel=\"noreferrer noopener\"><img loading=\"lazy\" decoding=\"async\" width=\"60\" height=\"60\" class=\"wp-image-229\" style=\"width: 60px;\" src=\"https:\/\/fiscaliaguerrero.gob.mx\/wp-content\/uploads\/2026\/02\/excel.ico\" alt=\"\"><\/a><\/td><\/tr><tr><td>Estado Anal\u00edtico del Ejercicio<br>del Presupuesto de Egresos<br>(Administrativa)<br>EAEPEA_GRO_FGE_02_18<\/td><td class=\"has-text-align-center\" data-align=\"center\"><a href=\"https:\/\/servicios.fiscaliaguerrero.gob.mx\/armoncontable\/ARMONIZACION_CONTABLE\/2018\/2do%20Trimestre\/2018_2TRI_LGCG\/INFORMACION_PRESUPUESTAL\/EAEPEA_GRO_FGE_02_18.pdf\" target=\"_blank\" rel=\"noreferrer noopener\"><img loading=\"lazy\" decoding=\"async\" width=\"60\" height=\"74\" class=\"wp-image-223\" style=\"width: 60px;\" src=\"https:\/\/fiscaliaguerrero.gob.mx\/wp-content\/uploads\/2026\/02\/pdf.ico\" alt=\"\"><\/a><\/td><td class=\"has-text-align-center\" data-align=\"center\"><a href=\"https:\/\/view.officeapps.live.com\/op\/view.aspx?src=https%3A%2F%2Fservicios.fiscaliaguerrero.gob.mx%2Farmoncontable%2FARMONIZACION_CONTABLE%2F2018%2F2do%2520Trimestre%2F2018_2TRI_LGCG%2FINFORMACION_PRESUPUESTAL%2FEAEPEA_GRO_FGE_02_18.xls&amp;wdOrigin=BROWSELINK\" target=\"_blank\" rel=\"noreferrer noopener\"><img loading=\"lazy\" decoding=\"async\" width=\"60\" height=\"60\" class=\"wp-image-229\" style=\"width: 60px;\" src=\"https:\/\/fiscaliaguerrero.gob.mx\/wp-content\/uploads\/2026\/02\/excel.ico\" alt=\"\"><\/a><\/td><\/tr><tr><td>Estado Anal\u00edtico del Ejercicio<br>del Presupuesto de Egresos<br>(Objeto)<br>EAEPEO_GRO_FGE_02_18<\/td><td class=\"has-text-align-center\" data-align=\"center\"><a href=\"https:\/\/servicios.fiscaliaguerrero.gob.mx\/armoncontable\/ARMONIZACION_CONTABLE\/2018\/2do%20Trimestre\/2018_2TRI_LGCG\/INFORMACION_PRESUPUESTAL\/EAEPEO_GRO_FGE_02_18.pdf\" target=\"_blank\" rel=\"noreferrer noopener\"><img loading=\"lazy\" decoding=\"async\" width=\"60\" height=\"74\" class=\"wp-image-223\" style=\"width: 60px;\" src=\"https:\/\/fiscaliaguerrero.gob.mx\/wp-content\/uploads\/2026\/02\/pdf.ico\" alt=\"\"><\/a><\/td><td class=\"has-text-align-center\" data-align=\"center\"><a href=\"ttps:\/\/view.officeapps.live.com\/op\/view.aspx?src=https%3A%2F%2Fservicios.fiscaliaguerrero.gob.mx%2Farmoncontable%2FARMONIZACION_CONTABLE%2F2018%2F2do%2520Trimestre%2F2018_2TRI_LGCG%2FINFORMACION_PRESUPUESTAL%2FEAEPEO_GRO_FGE_02_18.xls&amp;wdOrigin=BROWSELINK\" target=\"_blank\" rel=\"noreferrer noopener\"><img loading=\"lazy\" decoding=\"async\" width=\"60\" height=\"60\" class=\"wp-image-229\" style=\"width: 60px;\" src=\"https:\/\/fiscaliaguerrero.gob.mx\/wp-content\/uploads\/2026\/02\/excel.ico\" alt=\"\"><\/a><\/td><\/tr><tr><td>Estado Anal\u00edtico del Ejercicio<br>del Presupuesto de Egresos<br>(Funcional)<br>EAEPEP_GRO_FGE_02_18<\/td><td class=\"has-text-align-center\" data-align=\"center\"><a href=\"https:\/\/servicios.fiscaliaguerrero.gob.mx\/armoncontable\/ARMONIZACION_CONTABLE\/2018\/2do%20Trimestre\/2018_2TRI_LGCG\/INFORMACION_PRESUPUESTAL\/EAEPEP_GRO_FGE_02_18.pdf\" target=\"_blank\" rel=\"noreferrer noopener\"><img loading=\"lazy\" decoding=\"async\" width=\"60\" height=\"74\" class=\"wp-image-223\" style=\"width: 60px;\" src=\"https:\/\/fiscaliaguerrero.gob.mx\/wp-content\/uploads\/2026\/02\/pdf.ico\" alt=\"\"><\/a><\/td><td class=\"has-text-align-center\" data-align=\"center\"><a href=\"https:\/\/view.officeapps.live.com\/op\/view.aspx?src=https%3A%2F%2Fservicios.fiscaliaguerrero.gob.mx%2Farmoncontable%2FARMONIZACION_CONTABLE%2F2018%2F2do%2520Trimestre%2F2018_2TRI_LGCG%2FINFORMACION_PRESUPUESTAL%2FEAEPEP_GRO_FGE_02_18.xls&amp;wdOrigin=BROWSELINK\" target=\"_blank\" rel=\"noreferrer noopener\"><img loading=\"lazy\" decoding=\"async\" width=\"60\" height=\"60\" class=\"wp-image-229\" style=\"width: 60px;\" src=\"https:\/\/fiscaliaguerrero.gob.mx\/wp-content\/uploads\/2026\/02\/excel.ico\" alt=\"\"><\/a><\/td><\/tr><tr><td>Estado Anal\u00edtico del Ingreso<br>(Econ\u00f3mica, Fuente, Concepto)<br>EAI_GRO_FGE_02_18<\/td><td class=\"has-text-align-center\" data-align=\"center\"><a href=\"https:\/\/servicios.fiscaliaguerrero.gob.mx\/armoncontable\/ARMONIZACION_CONTABLE\/2018\/2do%20Trimestre\/2018_2TRI_LGCG\/INFORMACION_PRESUPUESTAL\/EAI_GRO_FGE_02_18.pdf\" target=\"_blank\" rel=\"noreferrer noopener\"><img loading=\"lazy\" decoding=\"async\" width=\"60\" height=\"74\" class=\"wp-image-223\" style=\"width: 60px;\" src=\"https:\/\/fiscaliaguerrero.gob.mx\/wp-content\/uploads\/2026\/02\/pdf.ico\" alt=\"\"><\/a><\/td><td class=\"has-text-align-center\" data-align=\"center\"><a href=\"https:\/\/view.officeapps.live.com\/op\/view.aspx?src=https%3A%2F%2Fservicios.fiscaliaguerrero.gob.mx%2Farmoncontable%2FARMONIZACION_CONTABLE%2F2018%2F2do%2520Trimestre%2F2018_2TRI_LGCG%2FINFORMACION_PRESUPUESTAL%2FEAI_GRO_FGE_02_18.xls&amp;wdOrigin=BROWSELINK\" target=\"_blank\" rel=\"noreferrer noopener\"><img loading=\"lazy\" decoding=\"async\" width=\"60\" height=\"60\" class=\"wp-image-229\" style=\"width: 60px;\" src=\"https:\/\/fiscaliaguerrero.gob.mx\/wp-content\/uploads\/2026\/02\/excel.ico\" alt=\"\"><\/a><\/td><\/tr><tr><td>Endeudamiento Neto<br>EN_GRO_FGE_02_18<\/td><td class=\"has-text-align-center\" data-align=\"center\"><a href=\"https:\/\/servicios.fiscaliaguerrero.gob.mx\/armoncontable\/ARMONIZACION_CONTABLE\/2018\/2do%20Trimestre\/2018_2TRI_LGCG\/INFORMACION_PRESUPUESTAL\/EN_GRO_FGE_02_18.pdf\" target=\"_blank\" rel=\"noreferrer noopener\"><img loading=\"lazy\" decoding=\"async\" width=\"60\" height=\"74\" class=\"wp-image-223\" style=\"width: 60px;\" src=\"https:\/\/fiscaliaguerrero.gob.mx\/wp-content\/uploads\/2026\/02\/pdf.ico\" alt=\"\"><\/a><\/td><td class=\"has-text-align-center\" data-align=\"center\"><a href=\"https:\/\/view.officeapps.live.com\/op\/view.aspx?src=https%3A%2F%2Fservicios.fiscaliaguerrero.gob.mx%2Farmoncontable%2FARMONIZACION_CONTABLE%2F2018%2F2do%2520Trimestre%2F2018_2TRI_LGCG%2FINFORMACION_PRESUPUESTAL%2FEN_GRO_FGE_02_18.xls&amp;wdOrigin=BROWSELINK\" target=\"_blank\" rel=\"noreferrer noopener\"><img loading=\"lazy\" decoding=\"async\" width=\"60\" height=\"60\" class=\"wp-image-229\" style=\"width: 60px;\" src=\"https:\/\/fiscaliaguerrero.gob.mx\/wp-content\/uploads\/2026\/02\/excel.ico\" alt=\"\"><\/a><\/td><\/tr><tr><td>Intereses de la Deuda<br>ID_GRO_FGE_02_18<\/td><td class=\"has-text-align-center\" data-align=\"center\"><a href=\"https:\/\/servicios.fiscaliaguerrero.gob.mx\/armoncontable\/ARMONIZACION_CONTABLE\/2018\/2do%20Trimestre\/2018_2TRI_LGCG\/INFORMACION_PRESUPUESTAL\/ID_GRO_FGE_02_18.pdf\" target=\"_blank\" rel=\"noreferrer noopener\"><img loading=\"lazy\" decoding=\"async\" width=\"60\" height=\"74\" class=\"wp-image-223\" style=\"width: 60px;\" src=\"https:\/\/fiscaliaguerrero.gob.mx\/wp-content\/uploads\/2026\/02\/pdf.ico\" alt=\"\"><\/a><\/td><td class=\"has-text-align-center\" data-align=\"center\"><a href=\"https:\/\/view.officeapps.live.com\/op\/view.aspx?src=https%3A%2F%2Fservicios.fiscaliaguerrero.gob.mx%2Farmoncontable%2FARMONIZACION_CONTABLE%2F2018%2F2do%2520Trimestre%2F2018_2TRI_LGCG%2FINFORMACION_PRESUPUESTAL%2FID_GRO_FGE_02_18.xls&amp;wdOrigin=BROWSELINK\" target=\"_blank\" rel=\"noreferrer noopener\"><img loading=\"lazy\" decoding=\"async\" width=\"60\" height=\"60\" class=\"wp-image-229\" style=\"width: 60px;\" src=\"https:\/\/fiscaliaguerrero.gob.mx\/wp-content\/uploads\/2026\/02\/excel.ico\" alt=\"\"><\/a><\/td><\/tr><\/tbody><\/table><\/figure>\n\n\n\n<p><\/p>\n","protected":false},"excerpt":{"rendered":"<p>Armonizaci\u00f3n Contable &gt; 2018 Segundo Trimestre &gt; Informaci\u00f3n Presupuestal Estado Anal\u00edtico del Ejerciciodel Presupuesto de Egresos(Econ\u00f3mica)EAEPE_GRO_FGE_02_18 Estado Anal\u00edtico del Ejerciciodel Presupuesto de Egresos(Administrativa)EAEPEA_GRO_FGE_02_18 Estado Anal\u00edtico del Ejerciciodel Presupuesto de Egresos(Objeto)EAEPEO_GRO_FGE_02_18 Estado Anal\u00edtico del Ejerciciodel Presupuesto de Egresos(Funcional)EAEPEP_GRO_FGE_02_18 Estado Anal\u00edtico del Ingreso(Econ\u00f3mica, Fuente, Concepto)EAI_GRO_FGE_02_18 Endeudamiento NetoEN_GRO_FGE_02_18 Intereses de la DeudaID_GRO_FGE_02_18<\/p>\n","protected":false},"author":2,"featured_media":0,"parent":0,"menu_order":0,"comment_status":"closed","ping_status":"closed","template":"","meta":{"footnotes":""},"class_list":["post-940","page","type-page","status-publish","hentry"],"_links":{"self":[{"href":"https:\/\/fiscaliaguerrero.gob.mx\/index.php\/wp-json\/wp\/v2\/pages\/940","targetHints":{"allow":["GET"]}}],"collection":[{"href":"https:\/\/fiscaliaguerrero.gob.mx\/index.php\/wp-json\/wp\/v2\/pages"}],"about":[{"href":"https:\/\/fiscaliaguerrero.gob.mx\/index.php\/wp-json\/wp\/v2\/types\/page"}],"author":[{"embeddable":true,"href":"https:\/\/fiscaliaguerrero.gob.mx\/index.php\/wp-json\/wp\/v2\/users\/2"}],"replies":[{"embeddable":true,"href":"https:\/\/fiscaliaguerrero.gob.mx\/index.php\/wp-json\/wp\/v2\/comments?post=940"}],"version-history":[{"count":3,"href":"https:\/\/fiscaliaguerrero.gob.mx\/index.php\/wp-json\/wp\/v2\/pages\/940\/revisions"}],"predecessor-version":[{"id":1015,"href":"https:\/\/fiscaliaguerrero.gob.mx\/index.php\/wp-json\/wp\/v2\/pages\/940\/revisions\/1015"}],"wp:attachment":[{"href":"https:\/\/fiscaliaguerrero.gob.mx\/index.php\/wp-json\/wp\/v2\/media?parent=940"}],"curies":[{"name":"wp","href":"https:\/\/api.w.org\/{rel}","templated":true}]}}