{"id":941,"date":"2026-02-26T17:07:27","date_gmt":"2026-02-26T16:07:27","guid":{"rendered":"https:\/\/fiscaliaguerrero.gob.mx\/?page_id=941"},"modified":"2026-02-26T17:07:27","modified_gmt":"2026-02-26T16:07:27","slug":"informacion-contable-1tri-2021","status":"publish","type":"page","link":"https:\/\/fiscaliaguerrero.gob.mx\/index.php\/informacion-contable-1tri-2021\/","title":{"rendered":"Informaci\u00f3n Contable 1Tri 2021"},"content":{"rendered":"\n<p class=\"has-contrast-2-color has-text-color has-link-color wp-elements-3996278bd6d2ccc1ed2f9ae9c640a37a\">Armonizaci\u00f3n Contable > 2021 Primer Trimestre > Informaci\u00f3n Contable<\/p>\n\n\n\n<figure class=\"wp-block-table alignwide\"><table class=\"has-fixed-layout\"><tbody><tr><td>Estado de Actividades<br>EA_GRO_FGE_01_21<\/td><td class=\"has-text-align-center\" data-align=\"center\"><a href=\"https:\/\/servicios.fiscaliaguerrero.gob.mx\/armoncontable\/ARMONIZACION_CONTABLE\/2021\/1er%20Trimestre\/1_TRI\/INFO_CONTABLE\/EA_GRO_FGE__01_21.pdf.pdf\" data-type=\"link\" data-id=\"https:\/\/servicios.fiscaliaguerrero.gob.mx\/armoncontable\/ARMONIZACION_CONTABLE\/2021\/1er%20Trimestre\/1_TRI\/INFO_CONTABLE\/EA_GRO_FGE__01_21.pdf.pdf\" target=\"_blank\" rel=\"noreferrer noopener\"><img loading=\"lazy\" decoding=\"async\" width=\"60\" height=\"74\" class=\"wp-image-223\" style=\"width: 60px;\" src=\"https:\/\/fiscaliaguerrero.gob.mx\/wp-content\/uploads\/2026\/02\/pdf.ico\" alt=\"\"><\/a><\/td><\/tr><tr><td>Estado Anal\u00edtico del Activo<br>EAA_GRO_FGE_01_21<\/td><td class=\"has-text-align-center\" data-align=\"center\"><a href=\"https:\/\/servicios.fiscaliaguerrero.gob.mx\/armoncontable\/ARMONIZACION_CONTABLE\/2021\/1er%20Trimestre\/1_TRI\/INFO_CONTABLE\/EAA_GRO_FGE__01_21.pdf.pdf\" data-type=\"link\" data-id=\"https:\/\/servicios.fiscaliaguerrero.gob.mx\/armoncontable\/ARMONIZACION_CONTABLE\/2021\/1er%20Trimestre\/1_TRI\/INFO_CONTABLE\/EAA_GRO_FGE__01_21.pdf.pdf\" target=\"_blank\" rel=\"noreferrer noopener\"><img decoding=\"async\" src=\"https:\/\/fiscaliaguerrero.gob.mx\/wp-content\/uploads\/2026\/02\/pdf.ico\" alt=\"\" style=\"width: 60px;\"><\/a><\/td><\/tr><tr><td>Estado Anal\u00edtico de la<br>Deuda y Otros Pasivos<br>EADOP_GRO_FGE_01_21<\/td><td class=\"has-text-align-center\" data-align=\"center\"><a href=\"https:\/\/servicios.fiscaliaguerrero.gob.mx\/armoncontable\/ARMONIZACION_CONTABLE\/2021\/1er%20Trimestre\/1_TRI\/INFO_CONTABLE\/EADOP_GRO_FGE__01_21.pdf.pdf\" data-type=\"link\" data-id=\"https:\/\/servicios.fiscaliaguerrero.gob.mx\/armoncontable\/ARMONIZACION_CONTABLE\/2021\/1er%20Trimestre\/1_TRI\/INFO_CONTABLE\/EADOP_GRO_FGE__01_21.pdf.pdf\" target=\"_blank\" rel=\"noreferrer noopener\"><img decoding=\"async\" style=\"width: 60px;\" src=\"https:\/\/fiscaliaguerrero.gob.mx\/wp-content\/uploads\/2026\/02\/pdf.ico\" alt=\"\"><\/a><\/td><\/tr><tr><td>Estado de Cambios en la<br>Situaci\u00f3n Financiera<br>ECSF_GRO_FGE_01_21<\/td><td class=\"has-text-align-center\" data-align=\"center\"><a href=\"https:\/\/servicios.fiscaliaguerrero.gob.mx\/armoncontable\/ARMONIZACION_CONTABLE\/2021\/1er%20Trimestre\/1_TRI\/INFO_CONTABLE\/ECSF_GRO_FGE__01_21.pdf.pdf\" data-type=\"link\" data-id=\"https:\/\/servicios.fiscaliaguerrero.gob.mx\/armoncontable\/ARMONIZACION_CONTABLE\/2021\/1er%20Trimestre\/1_TRI\/INFO_CONTABLE\/ECSF_GRO_FGE__01_21.pdf.pdf\" target=\"_blank\" rel=\"noreferrer noopener\"><img decoding=\"async\" style=\"width: 60px;\" src=\"https:\/\/fiscaliaguerrero.gob.mx\/wp-content\/uploads\/2026\/02\/pdf.ico\" alt=\"\"><\/a><\/td><\/tr><tr><td>Estado de Flujos de Efectivo<br>EFE_GRO_FGE_01_21<\/td><td class=\"has-text-align-center\" data-align=\"center\"><a href=\"https:\/\/servicios.fiscaliaguerrero.gob.mx\/armoncontable\/ARMONIZACION_CONTABLE\/2021\/1er%20Trimestre\/1_TRI\/INFO_CONTABLE\/EFE_GRO_FGE__01_21.pdf.pdf\" data-type=\"link\" data-id=\"https:\/\/servicios.fiscaliaguerrero.gob.mx\/armoncontable\/ARMONIZACION_CONTABLE\/2021\/1er%20Trimestre\/1_TRI\/INFO_CONTABLE\/EFE_GRO_FGE__01_21.pdf.pdf\" target=\"_blank\" rel=\"noreferrer noopener\"><img decoding=\"async\" style=\"width: 60px;\" src=\"https:\/\/fiscaliaguerrero.gob.mx\/wp-content\/uploads\/2026\/02\/pdf.ico\" alt=\"\"><\/a><\/td><\/tr><tr><td>Estado de Situaci\u00f3n Financiera<br>ESF_GRO_FGE_01_21<\/td><td class=\"has-text-align-center\" data-align=\"center\"><a href=\"https:\/\/servicios.fiscaliaguerrero.gob.mx\/armoncontable\/ARMONIZACION_CONTABLE\/2021\/1er%20Trimestre\/1_TRI\/INFO_CONTABLE\/ESF_GRO_FGE__01_21.pdf.pdf\" data-type=\"link\" data-id=\"https:\/\/servicios.fiscaliaguerrero.gob.mx\/armoncontable\/ARMONIZACION_CONTABLE\/2021\/1er%20Trimestre\/1_TRI\/INFO_CONTABLE\/ESF_GRO_FGE__01_21.pdf.pdf\" target=\"_blank\" rel=\"noreferrer noopener\"><img decoding=\"async\" style=\"width: 60px;\" src=\"https:\/\/fiscaliaguerrero.gob.mx\/wp-content\/uploads\/2026\/02\/pdf.ico\" alt=\"\"><\/a><\/td><\/tr><tr><td>Estado de Variaci\u00f3n en la<br>Hacienda P\u00fablica<br>EVHP_GRO_FGE_01_21<\/td><td class=\"has-text-align-center\" data-align=\"center\"><a href=\"https:\/\/servicios.fiscaliaguerrero.gob.mx\/armoncontable\/ARMONIZACION_CONTABLE\/2021\/1er%20Trimestre\/1_TRI\/INFO_CONTABLE\/EVHP_GRO_FGE__01_21.pdf.pdf\" data-type=\"link\" data-id=\"https:\/\/servicios.fiscaliaguerrero.gob.mx\/armoncontable\/ARMONIZACION_CONTABLE\/2021\/1er%20Trimestre\/1_TRI\/INFO_CONTABLE\/EVHP_GRO_FGE__01_21.pdf.pdf\" target=\"_blank\" rel=\"noreferrer noopener\"><img decoding=\"async\" style=\"width: 60px;\" src=\"https:\/\/fiscaliaguerrero.gob.mx\/wp-content\/uploads\/2026\/02\/pdf.ico\" alt=\"\"><\/a><\/td><\/tr><tr><td>Informes Sobre Pasivos<br>Contingentes<br>IPC_GRO_FGE_01_21<\/td><td class=\"has-text-align-center\" data-align=\"center\"><a href=\"https:\/\/servicios.fiscaliaguerrero.gob.mx\/armoncontable\/ARMONIZACION_CONTABLE\/2021\/1er%20Trimestre\/1_TRI\/INFO_CONTABLE\/IPC_GRO_FGE__01_21.pdf.pdf\" data-type=\"link\" data-id=\"https:\/\/servicios.fiscaliaguerrero.gob.mx\/armoncontable\/ARMONIZACION_CONTABLE\/2021\/1er%20Trimestre\/1_TRI\/INFO_CONTABLE\/IPC_GRO_FGE__01_21.pdf.pdf\" target=\"_blank\" rel=\"noreferrer noopener\"><img decoding=\"async\" style=\"width: 60px;\" src=\"https:\/\/fiscaliaguerrero.gob.mx\/wp-content\/uploads\/2026\/02\/pdf.ico\" alt=\"\"><\/a><\/td><\/tr><tr><td>Notas a los Estados<br>Financieros<br>NESF_GRO_FEG_01_21<\/td><td class=\"has-text-align-center\" data-align=\"center\"><a href=\"https:\/\/servicios.fiscaliaguerrero.gob.mx\/armoncontable\/ARMONIZACION_CONTABLE\/2021\/1er%20Trimestre\/1_TRI\/INFO_CONTABLE\/NESF_GRO_FGE__01_21.pdf.pdf\" data-type=\"link\" data-id=\"https:\/\/servicios.fiscaliaguerrero.gob.mx\/armoncontable\/ARMONIZACION_CONTABLE\/2021\/1er%20Trimestre\/1_TRI\/INFO_CONTABLE\/NESF_GRO_FGE__01_21.pdf.pdf\" target=\"_blank\" rel=\"noreferrer noopener\"><img decoding=\"async\" style=\"width: 60px;\" src=\"https:\/\/fiscaliaguerrero.gob.mx\/wp-content\/uploads\/2026\/02\/pdf.ico\" alt=\"\"><\/a><\/td><\/tr><tr><td>Notas a los Estados <br>Efectivo<br>NEFE_GRO_FEG_01_21<\/td><td class=\"has-text-align-center\" data-align=\"center\"><a href=\"https:\/\/servicios.fiscaliaguerrero.gob.mx\/armoncontable\/ARMONIZACION_CONTABLE\/2021\/1er%20Trimestre\/1_TRI\/INFO_CONTABLE\/NEFE_GRO_FGE__01_21.pdf.pdf\" data-type=\"link\" data-id=\"https:\/\/servicios.fiscaliaguerrero.gob.mx\/armoncontable\/ARMONIZACION_CONTABLE\/2021\/1er%20Trimestre\/1_TRI\/INFO_CONTABLE\/NEFE_GRO_FGE__01_21.pdf.pdf\" target=\"_blank\" rel=\"noreferrer noopener\"><img decoding=\"async\" style=\"width: 60px;\" src=\"https:\/\/fiscaliaguerrero.gob.mx\/wp-content\/uploads\/2026\/02\/pdf.ico\" alt=\"\"><\/a><\/td><\/tr><tr><td>Notas a los Estados<br>Actividades<br>NAA_GRO_FEG_01_21<\/td><td class=\"has-text-align-center\" data-align=\"center\"><a href=\"https:\/\/servicios.fiscaliaguerrero.gob.mx\/armoncontable\/ARMONIZACION_CONTABLE\/2021\/1er%20Trimestre\/1_TRI\/INFO_CONTABLE\/NAA_GRO_FGE__01_21.pdf.pdf\" data-type=\"link\" data-id=\"https:\/\/servicios.fiscaliaguerrero.gob.mx\/armoncontable\/ARMONIZACION_CONTABLE\/2021\/1er%20Trimestre\/1_TRI\/INFO_CONTABLE\/NEFE_GRO_FGE__01_21.pdf.pdf\" target=\"_blank\" rel=\"noreferrer noopener\"><img decoding=\"async\" style=\"width: 60px;\" src=\"https:\/\/fiscaliaguerrero.gob.mx\/wp-content\/uploads\/2026\/02\/pdf.ico\" alt=\"\"><\/a><\/td><\/tr><tr><td>Notas a los Estados<br>Hacienda P\u00fablica y Patrimonio<br>NEVHPP_GRO_FEG_01_21<\/td><td class=\"has-text-align-center\" data-align=\"center\"><a href=\"https:\/\/servicios.fiscaliaguerrero.gob.mx\/armoncontable\/ARMONIZACION_CONTABLE\/2021\/1er%20Trimestre\/1_TRI\/INFO_CONTABLE\/NEVHPP_GRO_FGE__01_21.pdf.pdf\" data-type=\"link\" data-id=\"https:\/\/servicios.fiscaliaguerrero.gob.mx\/armoncontable\/ARMONIZACION_CONTABLE\/2021\/1er%20Trimestre\/1_TRI\/INFO_CONTABLE\/NEFE_GRO_FGE__01_21.pdf.pdf\" target=\"_blank\" rel=\"noreferrer noopener\"><img decoding=\"async\" style=\"width: 60px;\" src=\"https:\/\/fiscaliaguerrero.gob.mx\/wp-content\/uploads\/2026\/02\/pdf.ico\" alt=\"\"><\/a><\/td><\/tr><tr><td>Notas de Memoria<br>NM_GRO_FEG_01_21<\/td><td class=\"has-text-align-center\" data-align=\"center\"><a href=\"https:\/\/servicios.fiscaliaguerrero.gob.mx\/armoncontable\/ARMONIZACION_CONTABLE\/2021\/1er%20Trimestre\/1_TRI\/INFO_CONTABLE\/NM_GRO_FGE__01_21.pdf.pdf\" data-type=\"link\" data-id=\"https:\/\/servicios.fiscaliaguerrero.gob.mx\/armoncontable\/ARMONIZACION_CONTABLE\/2021\/1er%20Trimestre\/1_TRI\/INFO_CONTABLE\/NEFE_GRO_FGE__01_21.pdf.pdf\" target=\"_blank\" rel=\"noreferrer noopener\"><img decoding=\"async\" style=\"width: 60px;\" src=\"https:\/\/fiscaliaguerrero.gob.mx\/wp-content\/uploads\/2026\/02\/pdf.ico\" alt=\"\"><\/a><\/td><\/tr><\/tbody><\/table><\/figure>\n\n\n\n<p><\/p>\n","protected":false},"excerpt":{"rendered":"<p>Armonizaci\u00f3n Contable > 2021 Primer Trimestre > Informaci\u00f3n Contable Estado de ActividadesEA_GRO_FGE_01_21 Estado Anal\u00edtico del ActivoEAA_GRO_FGE_01_21 Estado Anal\u00edtico de laDeuda y Otros PasivosEADOP_GRO_FGE_01_21 Estado de Cambios en laSituaci\u00f3n FinancieraECSF_GRO_FGE_01_21 Estado de Flujos de EfectivoEFE_GRO_FGE_01_21 Estado de Situaci\u00f3n FinancieraESF_GRO_FGE_01_21 Estado de Variaci\u00f3n en laHacienda P\u00fablicaEVHP_GRO_FGE_01_21 Informes Sobre PasivosContingentesIPC_GRO_FGE_01_21 Notas a los EstadosFinancierosNESF_GRO_FEG_01_21 Notas a los Estados [&hellip;]<\/p>\n","protected":false},"author":2,"featured_media":0,"parent":0,"menu_order":0,"comment_status":"closed","ping_status":"closed","template":"","meta":{"footnotes":""},"class_list":["post-941","page","type-page","status-publish","hentry"],"_links":{"self":[{"href":"https:\/\/fiscaliaguerrero.gob.mx\/index.php\/wp-json\/wp\/v2\/pages\/941","targetHints":{"allow":["GET"]}}],"collection":[{"href":"https:\/\/fiscaliaguerrero.gob.mx\/index.php\/wp-json\/wp\/v2\/pages"}],"about":[{"href":"https:\/\/fiscaliaguerrero.gob.mx\/index.php\/wp-json\/wp\/v2\/types\/page"}],"author":[{"embeddable":true,"href":"https:\/\/fiscaliaguerrero.gob.mx\/index.php\/wp-json\/wp\/v2\/users\/2"}],"replies":[{"embeddable":true,"href":"https:\/\/fiscaliaguerrero.gob.mx\/index.php\/wp-json\/wp\/v2\/comments?post=941"}],"version-history":[{"count":1,"href":"https:\/\/fiscaliaguerrero.gob.mx\/index.php\/wp-json\/wp\/v2\/pages\/941\/revisions"}],"predecessor-version":[{"id":974,"href":"https:\/\/fiscaliaguerrero.gob.mx\/index.php\/wp-json\/wp\/v2\/pages\/941\/revisions\/974"}],"wp:attachment":[{"href":"https:\/\/fiscaliaguerrero.gob.mx\/index.php\/wp-json\/wp\/v2\/media?parent=941"}],"curies":[{"name":"wp","href":"https:\/\/api.w.org\/{rel}","templated":true}]}}