{"id":976,"date":"2026-02-26T17:09:34","date_gmt":"2026-02-26T16:09:34","guid":{"rendered":"https:\/\/fiscaliaguerrero.gob.mx\/?page_id=976"},"modified":"2026-02-26T17:09:34","modified_gmt":"2026-02-26T16:09:34","slug":"2019-segundo-trimestre","status":"publish","type":"page","link":"https:\/\/fiscaliaguerrero.gob.mx\/index.php\/2019-segundo-trimestre\/","title":{"rendered":"2019 Segundo Trimestre"},"content":{"rendered":"\n<p class=\"has-contrast-2-color has-text-color has-link-color wp-elements-c861982b17813309e375af1bb6422c52\">Armonizaci\u00f3n Contable > 2019 Segundo Trimestre<\/p>\n\n\n\n<p class=\"has-text-color has-link-color wp-elements-70c2d344831e91bd274a173f5f6e66b4\" style=\"color:#182eda\"><a href=\"https:\/\/fiscaliaguerrero.gob.mx\/index.php\/informacion-contable-2tri-2019\/\" data-type=\"link\" data-id=\"https:\/\/fiscaliaguerrero.gob.mx\/index.php\/informacion-contable-2tri-2019\/\">Informaci\u00f3n Contable<\/a><\/p>\n\n\n\n<p class=\"has-text-color has-link-color wp-elements-e819179c533060dab47bcc8da12fc75d\" style=\"color:#182eda\"><a href=\"https:\/\/fiscaliaguerrero.gob.mx\/index.php\/informacion-presupuestal-2tri-2019\/\" data-type=\"link\" data-id=\"https:\/\/fiscaliaguerrero.gob.mx\/index.php\/informacion-presupuestal-2tri-2019\/\">Informaci\u00f3n Presupuestal<\/a><\/p>\n\n\n\n<p class=\"has-text-color has-link-color wp-elements-e70d1d68149eacdaba1b975cd46c155d\" style=\"color:#182eda\"><a href=\"https:\/\/fiscaliaguerrero.gob.mx\/index.php\/informacion-programatica-2tri-2019\/\" data-type=\"link\" data-id=\"https:\/\/fiscaliaguerrero.gob.mx\/index.php\/informacion-programatica-2tri-2019\/\">Informaci\u00f3n Program\u00e1tica<\/a><\/p>\n\n\n\n<p><\/p>\n","protected":false},"excerpt":{"rendered":"<p>Armonizaci\u00f3n Contable > 2019 Segundo Trimestre Informaci\u00f3n Contable Informaci\u00f3n Presupuestal Informaci\u00f3n Program\u00e1tica<\/p>\n","protected":false},"author":2,"featured_media":0,"parent":0,"menu_order":0,"comment_status":"closed","ping_status":"closed","template":"","meta":{"footnotes":""},"class_list":["post-976","page","type-page","status-publish","hentry"],"_links":{"self":[{"href":"https:\/\/fiscaliaguerrero.gob.mx\/index.php\/wp-json\/wp\/v2\/pages\/976","targetHints":{"allow":["GET"]}}],"collection":[{"href":"https:\/\/fiscaliaguerrero.gob.mx\/index.php\/wp-json\/wp\/v2\/pages"}],"about":[{"href":"https:\/\/fiscaliaguerrero.gob.mx\/index.php\/wp-json\/wp\/v2\/types\/page"}],"author":[{"embeddable":true,"href":"https:\/\/fiscaliaguerrero.gob.mx\/index.php\/wp-json\/wp\/v2\/users\/2"}],"replies":[{"embeddable":true,"href":"https:\/\/fiscaliaguerrero.gob.mx\/index.php\/wp-json\/wp\/v2\/comments?post=976"}],"version-history":[{"count":1,"href":"https:\/\/fiscaliaguerrero.gob.mx\/index.php\/wp-json\/wp\/v2\/pages\/976\/revisions"}],"predecessor-version":[{"id":977,"href":"https:\/\/fiscaliaguerrero.gob.mx\/index.php\/wp-json\/wp\/v2\/pages\/976\/revisions\/977"}],"wp:attachment":[{"href":"https:\/\/fiscaliaguerrero.gob.mx\/index.php\/wp-json\/wp\/v2\/media?parent=976"}],"curies":[{"name":"wp","href":"https:\/\/api.w.org\/{rel}","templated":true}]}}